{"id":740,"date":"2021-01-21T17:36:14","date_gmt":"2021-01-21T17:36:14","guid":{"rendered":"https:\/\/www.pm-group.eu\/?page_id=740"},"modified":"2021-05-24T12:55:58","modified_gmt":"2021-05-24T12:55:58","slug":"services","status":"publish","type":"page","link":"https:\/\/www.pm-group.eu\/fr\/services\/","title":{"rendered":"Services"},"content":{"rendered":"<p>[vc_row el_class=\u00a0\u00bbpb-5&Prime;][vc_column]<div id=\"ultimate-heading-92646a0983ad88e0e\" class=\"uvc-heading ult-adjust-bottom-margin ultimate-heading-92646a0983ad88e0e uvc-2008 mtx-title-h2 pb-4 uvc-heading-default-font-sizes\" data-hspacer=\"no_spacer\"  data-halign=\"center\" style=\"text-align:center\"><div class=\"uvc-heading-spacer no_spacer\" style=\"top\"><\/div><div class=\"uvc-main-heading ult-responsive\"  data-ultimate-target='.uvc-heading.ultimate-heading-92646a0983ad88e0e h2'  data-responsive-json-new='{\"font-size\":\"\",\"line-height\":\"\"}' ><h2 style=\"--font-weight:theme;\">Nos services<\/h2><\/div><\/div>[vc_column_text el_class=\u00a0\u00bbtext-center\u00a0\u00bb]Notre objectif\u202f: \u00eatre toujours le meilleur partenaire pour nos Clients.<\/p>\n<p>PM a cr\u00e9\u00e9 PM Service, parce que pour nous le service n\u2019est pas seulement le support technique, c\u2019est garantir et prot\u00e9ger la valeur de votre grue. Nous sommes conscients de l&rsquo;importance de notre r\u00f4le dans le service et nous travaillons dur pour r\u00e9duire les temps d&rsquo;arr\u00eat des grues, sachant que c&rsquo;est la cl\u00e9 pour maximiser les profits de nos clients.<\/p>\n<p>La confiance de nos clients est notre promesse de qualit\u00e9 du service, et c&rsquo;est justement pour cela que notre engagement est constant dans la formation et l\u2019\u00e9valuation de tous nos partenaires du r\u00e9seau apr\u00e8s-vente dans le monde entier.[\/vc_column_text][\/vc_column][\/vc_row][vc_row equal_height=\u00a0\u00bbyes\u00a0\u00bb content_placement=\u00a0\u00bbmiddle\u00a0\u00bb bg_type=\u00a0\u00bbimage\u00a0\u00bb parallax_style=\u00a0\u00bbvcpb-default\u00a0\u00bb bg_image_new=\u00a0\u00bbid^743|url^https:\/\/www.pm-group.eu\/wp-content\/uploads\/sites\/3\/2021\/01\/pm_services_services.jpg|caption^null|alt^null|title^pm_services_services|description^null\u00a0\u00bb bg_image_repeat=\u00a0\u00bbno-repeat\u00a0\u00bb bg_img_attach=\u00a0\u00bbfixed\u00a0\u00bb bg_image_posiiton=\u00a0\u00bbcenter center\u00a0\u00bb bg_override=\u00a0\u00bbex-full\u00a0\u00bb el_class=\u00a0\u00bbpy-5 mb-5 mtx-row-gradient\u00a0\u00bb][vc_column css_animation=\u00a0\u00bbnone\u00a0\u00bb][\/vc_column][\/vc_row][vc_row equal_height=\u00a0\u00bbyes\u00a0\u00bb el_class=\u00a0\u00bbpb-5&Prime;][vc_column css_animation=\u00a0\u00bbnone\u00a0\u00bb][vc_row_inner el_class=\u00a0\u00bbpb-5&Prime;][vc_column_inner][vc_column_text el_class=\u00a0\u00bbtext-center pb-4&Prime;]PM dispose d&rsquo;un r\u00e9seau mondial de centres SAV et de partenaires pr\u00eats \u00e0 supporter et assister les clients.<\/p>\n<p>D\u00e9couvrez votre service apr\u00e8s-vente le plus proche[\/vc_column_text]<style type=\"text\/css\" data-type=\"the7_shortcodes-inline-css\">#default-btn-1d2236f99b4dbdaa8e1c7049fd6904c6.ico-right-side > i {\n  margin-right: 0px;\n  margin-left: 8px;\n}\n#default-btn-1d2236f99b4dbdaa8e1c7049fd6904c6 > i {\n  margin-right: 8px;\n}\n#default-btn-1d2236f99b4dbdaa8e1c7049fd6904c6 * {\n  vertical-align: middle;\n}\n<\/style><div class=\"btn-align-center\"><a href=\"http:\/\/www.pm-group.eu\/fr\/vente-et-service-apres-vente\/\" class=\"default-btn-shortcode dt-btn dt-btn-l link-hover-off mtx-btn \" id=\"default-btn-1d2236f99b4dbdaa8e1c7049fd6904c6\"><span>en savoir plus<\/span><\/a><\/div>[\/vc_column_inner][\/vc_row_inner][vc_row_inner el_class=\u00a0\u00bbpy-5&Prime;][vc_column_inner]<div id=\"ultimate-heading-61696a0983ad89bc0\" class=\"uvc-heading ult-adjust-bottom-margin ultimate-heading-61696a0983ad89bc0 uvc-1220 mtx-title-h2 pb-4 uvc-heading-default-font-sizes\" data-hspacer=\"no_spacer\"  data-halign=\"center\" style=\"text-align:center\"><div class=\"uvc-heading-spacer no_spacer\" style=\"top\"><\/div><div class=\"uvc-main-heading ult-responsive\"  data-ultimate-target='.uvc-heading.ultimate-heading-61696a0983ad89bc0 h2'  data-responsive-json-new='{\"font-size\":\"\",\"line-height\":\"\"}' ><h2 style=\"--font-weight:theme;\">Mission<\/h2><\/div><\/div>[vc_column_text el_class=\u00a0\u00bbtext-center\u00a0\u00bb]Garantir la pleine satisfaction du Client, en l&rsquo;assistant \u00e0 travers une pr\u00e9sence constante et en portant une attention particuli\u00e8re \u00e0 ses exigences\u202f: c\u2019est la philosophie qui guide la division PM Service.<\/p>\n<p>Cerner rapidement le probl\u00e8me\u202f: c\u2019est avec cet esprit que le personnel sp\u00e9cialis\u00e9 PM traite les demandes d&rsquo;assistance et de fourniture de Pi\u00e8ces D\u00e9tach\u00e9es et d&rsquo;Accessoires.<\/p>\n<p>Les techniciens PM sont pr\u00eats, \u00e0 tout moment, \u00e0 prendre en charge les demandes d&rsquo;intervention, en donnant la r\u00e9ponse attendue ou en activant le service apr\u00e8s-vente le plus proche.<\/p>\n<p>[\/vc_column_text][\/vc_column_inner][\/vc_row_inner][vc_row_inner][vc_column_inner el_class=\u00a0\u00bbpb-5 pb-md-0&Prime; width=\u00a0\u00bb1\/3&Prime;]<div class=\"aio-icon-component   mtx-info-box style_1\"><a class=\"aio-icon-box-link\" href=\"http:\/\/www.pm-group.eu\/fr\/services\/service-apres-vente\/\" ><div id=\"Info-box-wrap-1034\" class=\"aio-icon-box top-icon\" style=\"\"  ><div class=\"aio-icon-top\"><div class=\"ult-just-icon-wrapper  \"><div class=\"align-icon\" style=\"text-align:center;\">\n<div class=\"aio-icon-img \" style=\"font-size:71px;display:inline-block;\" >\n\t<img class=\"img-icon\" alt=\"null\" src=\"https:\/\/www.pm-group.eu\/fr\/wp-content\/uploads\/sites\/3\/2021\/01\/pm_icon_aftersale.png\"\/>\n<\/div><\/div><\/div><\/div><div class=\"aio-icon-header\" ><h3 class=\"aio-icon-title ult-responsive\"  data-ultimate-target='#Info-box-wrap-1034 .aio-icon-title'  data-responsive-json-new='{\"font-size\":\"\",\"line-height\":\"\"}'  style=\"\">Apr\u00e8s-vente<\/h3><\/div> <!-- header --><\/div> <!-- aio-icon-box --><\/a><\/div> <!-- aio-icon-component -->[\/vc_column_inner][vc_column_inner el_class=\u00a0\u00bbpb-5 pb-md-0&Prime; width=\u00a0\u00bb1\/3&Prime;]<div class=\"aio-icon-component   mtx-info-box style_1\"><a class=\"aio-icon-box-link\" href=\"http:\/\/www.pm-group.eu\/fr\/services\/pieces-detachees-et-accessoires\/\" ><div id=\"Info-box-wrap-8061\" class=\"aio-icon-box top-icon\" style=\"\"  ><div class=\"aio-icon-top\"><div class=\"ult-just-icon-wrapper  \"><div class=\"align-icon\" style=\"text-align:center;\">\n<div class=\"aio-icon-img \" style=\"font-size:71px;display:inline-block;\" >\n\t<img class=\"img-icon\" alt=\"null\" src=\"https:\/\/www.pm-group.eu\/fr\/wp-content\/uploads\/sites\/3\/2021\/01\/pm_icon_spare-parts.png\"\/>\n<\/div><\/div><\/div><\/div><div class=\"aio-icon-header\" ><h3 class=\"aio-icon-title ult-responsive\"  data-ultimate-target='#Info-box-wrap-8061 .aio-icon-title'  data-responsive-json-new='{\"font-size\":\"\",\"line-height\":\"\"}'  style=\"\">Pi\u00e8ces D\u00e9tach\u00e9es<\/h3><\/div> <!-- header --><\/div> <!-- aio-icon-box --><\/a><\/div> <!-- aio-icon-component -->[\/vc_column_inner][vc_column_inner el_class=\u00a0\u00bbpb-5 pb-md-0&Prime; width=\u00a0\u00bb1\/3&Prime;]<div class=\"aio-icon-component   mtx-info-box style_1\"><a class=\"aio-icon-box-link\" href=\"http:\/\/212.210.91.198\/group\/pm\" target=\"_blank\" rel=\"noopener\" ><div id=\"Info-box-wrap-9625\" class=\"aio-icon-box top-icon\" style=\"\"  ><div class=\"aio-icon-top\"><div class=\"ult-just-icon-wrapper  \"><div class=\"align-icon\" style=\"text-align:center;\">\n<div class=\"aio-icon-img \" style=\"font-size:71px;display:inline-block;\" >\n\t<img class=\"img-icon\" alt=\"null\" src=\"https:\/\/www.pm-group.eu\/fr\/wp-content\/uploads\/sites\/3\/2021\/01\/pm_icon_warranty.png\"\/>\n<\/div><\/div><\/div><\/div><div class=\"aio-icon-header\" ><h3 class=\"aio-icon-title ult-responsive\"  data-ultimate-target='#Info-box-wrap-9625 .aio-icon-title'  data-responsive-json-new='{\"font-size\":\"\",\"line-height\":\"\"}'  style=\"\">Nouvelle garantie<\/h3><\/div> <!-- header --><\/div> <!-- aio-icon-box --><\/a><\/div> <!-- aio-icon-component -->[\/vc_column_inner][\/vc_row_inner][\/vc_column][\/vc_row][vc_row equal_height=\u00a0\u00bbyes\u00a0\u00bb el_class=\u00a0\u00bbpb-5&Prime;][vc_column css_animation=\u00a0\u00bbnone\u00a0\u00bb][vc_row_inner el_class=\u00a0\u00bbpy-5&Prime;][vc_column_inner]<div id=\"ultimate-heading-84546a0983ad8bb54\" class=\"uvc-heading ult-adjust-bottom-margin ultimate-heading-84546a0983ad8bb54 uvc-8954 mtx-title-h2 pb-4 uvc-heading-default-font-sizes\" data-hspacer=\"no_spacer\"  data-halign=\"center\" style=\"text-align:center\"><div class=\"uvc-heading-spacer no_spacer\" style=\"top\"><\/div><div class=\"uvc-main-heading ult-responsive\"  data-ultimate-target='.uvc-heading.ultimate-heading-84546a0983ad8bb54 h2'  data-responsive-json-new='{\"font-size\":\"\",\"line-height\":\"\"}' ><h2 style=\"--font-weight:theme;margin-bottom:33px;\">Formation<\/h2><\/div><div class=\"uvc-sub-heading ult-responsive\"  data-ultimate-target='.uvc-heading.ultimate-heading-84546a0983ad8bb54 .uvc-sub-heading h2'  data-responsive-json-new='{\"font-size\":\"\",\"line-height\":\"\"}' ><h2 style=\"font-weight:normal;\">COURS DE QUALIFICATION POUR OP\u00c9RATEUR DE GRUES DE CHARGEMENT<br \/>\nS\u00c9CURIT\u00c9 \u00c0 PORT\u00c9E DE MAIN ...DE L'OP\u00c9RATEUR, MAIS AUSSI DE L\u2019ENTREPRENEUR<\/h2><\/div><\/div>[\/vc_column_inner][\/vc_row_inner][vc_row_inner equal_height=\u00a0\u00bbyes\u00a0\u00bb content_placement=\u00a0\u00bbmiddle\u00a0\u00bb][vc_column_inner width=\u00a0\u00bb1\/2&Prime;][vc_single_image image=\u00a0\u00bb755&Prime; img_size=\u00a0\u00bbfull\u00a0\u00bb alignment=\u00a0\u00bbcenter\u00a0\u00bb el_class=\u00a0\u00bbmtx-img\u00a0\u00bb][\/vc_column_inner][vc_column_inner el_class=\u00a0\u00bbpl-md-5&Prime; width=\u00a0\u00bb1\/2&Prime;][vc_column_text el_class=\u00a0\u00bbpb-4 text-center-xs\u00a0\u00bb]Toujours attentive aux questions li\u00e9es \u00e0 la s\u00e9curit\u00e9 de l&rsquo;utilisateur final des grues, PM organise dans toute l&rsquo;Italie des cours de formation sur la mani\u00e8re d&rsquo;utiliser les grues de chargement en toute s\u00e9curit\u00e9, surtout si elles sont install\u00e9es sur camions.[\/vc_column_text]<style type=\"text\/css\" data-type=\"the7_shortcodes-inline-css\">#default-btn-24fc16c84c2ff4631ee177dcd6b92ecf.ico-right-side > i {\n  margin-right: 0px;\n  margin-left: 8px;\n}\n#default-btn-24fc16c84c2ff4631ee177dcd6b92ecf > i {\n  margin-right: 8px;\n}\n#default-btn-24fc16c84c2ff4631ee177dcd6b92ecf * {\n  vertical-align: middle;\n}\n<\/style><div class=\"btn-align-left\"><a href=\"http:\/\/www.pm-group.eu\/fr\/contactez-nous\/?subject=Demande%20d&#039;informations%20sur%20la%20formation&amp;office=Formation\" class=\"default-btn-shortcode dt-btn dt-btn-l link-hover-off mtx-btn \" id=\"default-btn-24fc16c84c2ff4631ee177dcd6b92ecf\"><span>En savoir plus<\/span><\/a><\/div>[\/vc_column_inner][\/vc_row_inner][\/vc_column][\/vc_row]<\/p>\n","protected":false},"excerpt":{"rendered":"<p>[vc_row el_class=\u00a0\u00bbpb-5&Prime;][vc_column][vc_column_text el_class=\u00a0\u00bbtext-center\u00a0\u00bb]Notre objectif\u202f: \u00eatre toujours le meilleur partenaire pour nos Clients. PM a cr\u00e9\u00e9 PM Service, parce que pour nous le service n\u2019est pas seulement le support technique, c\u2019est garantir et prot\u00e9ger la valeur de votre grue. Nous sommes conscients de l&rsquo;importance de notre r\u00f4le dans le service et nous travaillons dur pour r\u00e9duire&hellip;<\/p>\n","protected":false},"author":1,"featured_media":742,"parent":0,"menu_order":0,"comment_status":"closed","ping_status":"closed","template":"","meta":[],"acf":[],"_links":{"self":[{"href":"https:\/\/www.pm-group.eu\/fr\/wp-json\/wp\/v2\/pages\/740"}],"collection":[{"href":"https:\/\/www.pm-group.eu\/fr\/wp-json\/wp\/v2\/pages"}],"about":[{"href":"https:\/\/www.pm-group.eu\/fr\/wp-json\/wp\/v2\/types\/page"}],"author":[{"embeddable":true,"href":"https:\/\/www.pm-group.eu\/fr\/wp-json\/wp\/v2\/users\/1"}],"replies":[{"embeddable":true,"href":"https:\/\/www.pm-group.eu\/fr\/wp-json\/wp\/v2\/comments?post=740"}],"version-history":[{"count":5,"href":"https:\/\/www.pm-group.eu\/fr\/wp-json\/wp\/v2\/pages\/740\/revisions"}],"predecessor-version":[{"id":1788,"href":"https:\/\/www.pm-group.eu\/fr\/wp-json\/wp\/v2\/pages\/740\/revisions\/1788"}],"wp:featuredmedia":[{"embeddable":true,"href":"https:\/\/www.pm-group.eu\/fr\/wp-json\/wp\/v2\/media\/742"}],"wp:attachment":[{"href":"https:\/\/www.pm-group.eu\/fr\/wp-json\/wp\/v2\/media?parent=740"}],"curies":[{"name":"wp","href":"https:\/\/api.w.org\/{rel}","templated":true}]}}