{"id":723,"date":"2021-01-21T16:39:15","date_gmt":"2021-01-21T16:39:15","guid":{"rendered":"https:\/\/www.pm-group.eu\/?page_id=723"},"modified":"2025-11-26T17:36:10","modified_gmt":"2025-11-26T16:36:10","slug":"etablissements-et-filiales","status":"publish","type":"page","link":"https:\/\/www.pm-group.eu\/fr\/entreprise\/etablissements-et-filiales\/","title":{"rendered":"\u00c9tablissements et filiales"},"content":{"rendered":"<p>[vc_row equal_height=\u00a0\u00bbyes\u00a0\u00bb content_placement=\u00a0\u00bbmiddle\u00a0\u00bb el_class=\u00a0\u00bbpb-5&Prime;][vc_column css_animation=\u00a0\u00bbnone\u00a0\u00bb width=\u00a0\u00bb2\/3&Prime; el_class=\u00a0\u00bbpb-4 pb-md-0&Prime;]<div id=\"ultimate-heading-52696a0345ccaccd3\" class=\"uvc-heading ult-adjust-bottom-margin ultimate-heading-52696a0345ccaccd3 uvc-174 mtx-title-h2 text-center-xs pb-4 uvc-heading-default-font-sizes\" data-hspacer=\"no_spacer\"  data-halign=\"left\" style=\"text-align:left\"><div class=\"uvc-heading-spacer no_spacer\" style=\"top\"><\/div><div class=\"uvc-main-heading ult-responsive\"  data-ultimate-target='.uvc-heading.ultimate-heading-52696a0345ccaccd3 h2'  data-responsive-json-new='{\"font-size\":\"\",\"line-height\":\"\"}' ><h2 style=\"--font-weight:theme;\">Notre si\u00e8ge: PM Oil &amp; Steel Spa - Italie<\/h2><\/div><\/div>[vc_column_text el_class=\u00a0\u00bbtext-center-xs\u00a0\u00bb]PM a \u00e9tabli son quartier g\u00e9n\u00e9ral \u00e0 San\u00a0Cesario\u00a0Sul\u00a0Panaro\u00a0(Mod\u00e8ne &#8211; Italie) en aout 2004, en quittant le si\u00e8ge historique de Mod\u00e8ne. Le choix a \u00e9t\u00e9 fait suite \u00e0 la construction d&rsquo;une structure futuriste qui contient maintenant les bureaux de direction et tous les d\u00e9partements de l&rsquo;entreprise\u202f: ventes, marketing, conception technique,\u00a0R&amp;D, administration, assistance technique, pi\u00e8ces d\u00e9tach\u00e9es et ressources humaines.<\/p>\n<p>&nbsp;<\/p>\n<p>Si\u00e8ge social\u202f:<br \/>\nPM\u00a0Oil\u00a0&amp;\u00a0Steel\u00a0Spa<br \/>\nVia G. Verdi 22<br \/>\n41018 San\u00a0Cesario\u00a0sul\u00a0Panaro\u00a0(Mod\u00e8ne)<br \/>\nItalie<br \/>\nT\u00e9l.: +39 059 936811<br \/>\nFax: +39 059 936800[\/vc_column_text][\/vc_column][vc_column css_animation=\u00a0\u00bbnone\u00a0\u00bb width=\u00a0\u00bb1\/3&Prime;][vc_single_image image=\u00a0\u00bb664&Prime; img_size=\u00a0\u00bbfull\u00a0\u00bb alignment=\u00a0\u00bbcenter\u00a0\u00bb onclick=\u00a0\u00bblink_image\u00a0\u00bb css_animation=\u00a0\u00bbnone\u00a0\u00bb el_class=\u00a0\u00bbmtx-img text-center-xs\u00a0\u00bb][\/vc_column][\/vc_row][vc_row el_class=\u00a0\u00bbpy-5&Prime;][vc_column][vc_row_inner][vc_column_inner]<div id=\"ultimate-heading-33626a0345ccacd28\" class=\"uvc-heading ult-adjust-bottom-margin ultimate-heading-33626a0345ccacd28 uvc-6356 mtx-title-h2 pb-5 uvc-heading-default-font-sizes\" data-hspacer=\"no_spacer\"  data-halign=\"center\" style=\"text-align:center\"><div class=\"uvc-heading-spacer no_spacer\" style=\"top\"><\/div><div class=\"uvc-main-heading ult-responsive\"  data-ultimate-target='.uvc-heading.ultimate-heading-33626a0345ccacd28 h2'  data-responsive-json-new='{\"font-size\":\"\",\"line-height\":\"\"}' ><h2 style=\"--font-weight:theme;\">Filiales Commerciales<\/h2><\/div><\/div>[\/vc_column_inner][\/vc_row_inner][vc_row_inner equal_height=\u00a0\u00bbyes\u00a0\u00bb el_class=\u00a0\u00bbpb-5&Prime;][vc_column_inner el_class=\u00a0\u00bbpb-5&Prime; width=\u00a0\u00bb1\/3&Prime;]<div class=\"aio-icon-component   mtx-info-box style_1\"><div id=\"Info-box-wrap-9311\" class=\"aio-icon-box top-icon\" style=\"\"  ><div class=\"aio-icon-top\"><div class=\"ult-just-icon-wrapper  \"><div class=\"align-icon\" style=\"text-align:center;\">\n<div class=\"aio-icon-img \" style=\"font-size:206px;display:inline-block;\" >\n\t<img class=\"img-icon\" alt=\"null\" src=\"https:\/\/www.pm-group.eu\/fr\/wp-content\/uploads\/sites\/3\/2023\/02\/ManitexInternational_ApplicationEveryBrands.png\"\/>\n<\/div><\/div><\/div><\/div><div class=\"aio-icon-header\" ><h3 class=\"aio-icon-title ult-responsive\"  data-ultimate-target='#Info-box-wrap-9311 .aio-icon-title'  data-responsive-json-new='{\"font-size\":\"\",\"line-height\":\"\"}'  style=\"\">PM ASIA Sede operativa<\/h3><\/div> <!-- header --><div class=\"aio-icon-description ult-responsive\"  data-ultimate-target='#Info-box-wrap-9311 .aio-icon-description'  data-responsive-json-new='{\"font-size\":\"\",\"line-height\":\"\"}'  style=\"\">11\u00a0Sungei\u00a0Kadut\u00a0Street 4<br \/>\n729041 Singapour<br \/>\nT\u00e9l.: +65 9847 0210<\/div> <!-- description --><\/div> <!-- aio-icon-box --><\/div> <!-- aio-icon-component -->[\/vc_column_inner][vc_column_inner el_class=\u00a0\u00bbpb-5&Prime; width=\u00a0\u00bb1\/3&Prime;]<div class=\"aio-icon-component   mtx-info-box style_1\"><div id=\"Info-box-wrap-7312\" class=\"aio-icon-box top-icon\" style=\"\"  ><div class=\"aio-icon-top\"><div class=\"ult-just-icon-wrapper  \"><div class=\"align-icon\" style=\"text-align:center;\">\n<div class=\"aio-icon-img \" style=\"font-size:206px;display:inline-block;\" >\n\t<img class=\"img-icon\" alt=\"null\" src=\"https:\/\/www.pm-group.eu\/fr\/wp-content\/uploads\/sites\/3\/2023\/02\/ManitexInternational_ApplicationEveryBrands.png\"\/>\n<\/div><\/div><\/div><\/div><div class=\"aio-icon-header\" ><h3 class=\"aio-icon-title ult-responsive\"  data-ultimate-target='#Info-box-wrap-7312 .aio-icon-title'  data-responsive-json-new='{\"font-size\":\"\",\"line-height\":\"\"}'  style=\"\">PM OIL&amp;STEEL IBERICA SL Valencia<\/h3><\/div> <!-- header --><div class=\"aio-icon-description ult-responsive\"  data-ultimate-target='#Info-box-wrap-7312 .aio-icon-description'  data-responsive-json-new='{\"font-size\":\"\",\"line-height\":\"\"}'  style=\"\">Ctra\u00a0Nacional\u00a0III 339<br \/>\n46190\u00a0Riba-Roja\u00a0del\u00a0Turia, Valencia<br \/>\nEspagne<br \/>\nT\u00e9l.: +34 902 636 778<br \/>\nFax: +34 902 636 779<\/div> <!-- description --><\/div> <!-- aio-icon-box --><\/div> <!-- aio-icon-component -->[\/vc_column_inner][vc_column_inner el_class=\u00a0\u00bbpb-5&Prime; width=\u00a0\u00bb1\/3&Prime;]<div class=\"aio-icon-component   mtx-info-box style_1\"><div id=\"Info-box-wrap-3015\" class=\"aio-icon-box top-icon\" style=\"\"  ><div class=\"aio-icon-top\"><div class=\"ult-just-icon-wrapper  \"><div class=\"align-icon\" style=\"text-align:center;\">\n<div class=\"aio-icon-img \" style=\"font-size:206px;display:inline-block;\" >\n\t<img class=\"img-icon\" alt=\"null\" src=\"https:\/\/www.pm-group.eu\/fr\/wp-content\/uploads\/sites\/3\/2023\/02\/ManitexInternational_ApplicationEveryBrands.png\"\/>\n<\/div><\/div><\/div><\/div><div class=\"aio-icon-header\" ><h3 class=\"aio-icon-title ult-responsive\"  data-ultimate-target='#Info-box-wrap-3015 .aio-icon-title'  data-responsive-json-new='{\"font-size\":\"\",\"line-height\":\"\"}'  style=\"\">PM OIL&amp;STEEL FRANCE<\/h3><\/div> <!-- header --><div class=\"aio-icon-description ult-responsive\"  data-ultimate-target='#Info-box-wrap-3015 .aio-icon-description'  data-responsive-json-new='{\"font-size\":\"\",\"line-height\":\"\"}'  style=\"\">Amaury PAPIN<br \/>\n+33(0) 6 15 51 63 56<br \/>\n<a href=\"mailto:amaury.papin@tadano.com\">amaury.papin@tadano.com<\/a><br \/>\n151, Impasse de la Balme<br \/>\n69800, Saint- Priest (FR)<\/div> <!-- description --><\/div> <!-- aio-icon-box --><\/div> <!-- aio-icon-component -->[\/vc_column_inner][vc_column_inner width=\u00a0\u00bb1\/3&Prime;]<div class=\"aio-icon-component   mtx-info-box style_1\"><div id=\"Info-box-wrap-1206\" class=\"aio-icon-box top-icon\" style=\"\"  ><div class=\"aio-icon-top\"><div class=\"ult-just-icon-wrapper  \"><div class=\"align-icon\" style=\"text-align:center;\">\n<div class=\"aio-icon-img \" style=\"font-size:206px;display:inline-block;\" >\n\t<img class=\"img-icon\" alt=\"null\" src=\"https:\/\/www.pm-group.eu\/fr\/wp-content\/uploads\/sites\/3\/2023\/02\/ManitexInternational_ApplicationEveryBrands.png\"\/>\n<\/div><\/div><\/div><\/div><div class=\"aio-icon-header\" ><h3 class=\"aio-icon-title ult-responsive\"  data-ultimate-target='#Info-box-wrap-1206 .aio-icon-title'  data-responsive-json-new='{\"font-size\":\"\",\"line-height\":\"\"}'  style=\"\">PM ARGENTINA SISTEMAS DE ELEVACION SA<\/h3><\/div> <!-- header --><div class=\"aio-icon-description ult-responsive\"  data-ultimate-target='#Info-box-wrap-1206 .aio-icon-description'  data-responsive-json-new='{\"font-size\":\"\",\"line-height\":\"\"}'  style=\"\">Predio\u00a0Industrial\u00a0La\u00a0Papelera<br \/>\nIntendente\u00a0Neyer, 1133\u00a0Unid. 15<br \/>\nC.P. 1643 &#8211;\u00a0Beccar\u00a0&#8211;\u00a0Prov. de Buenos Aires &#8211; Argentine<br \/>\nT\u00e9l.: +5411\u00a0 4732-9008 \/ +54 11 4747 8003<br \/>\nMob. +54 911 5517 5579<br \/>\nFax:+5411\u00a0 4747-8003<\/div> <!-- description --><\/div> <!-- aio-icon-box --><\/div> <!-- aio-icon-component -->[\/vc_column_inner][vc_column_inner width=\u00a0\u00bb1\/3&Prime;]<div class=\"aio-icon-component   mtx-info-box style_1\"><div id=\"Info-box-wrap-2312\" class=\"aio-icon-box top-icon\" style=\"\"  ><div class=\"aio-icon-top\"><div class=\"ult-just-icon-wrapper  \"><div class=\"align-icon\" style=\"text-align:center;\">\n<div class=\"aio-icon-img \" style=\"font-size:206px;display:inline-block;\" >\n\t<img class=\"img-icon\" alt=\"null\" src=\"https:\/\/www.pm-group.eu\/fr\/wp-content\/uploads\/sites\/3\/2023\/02\/ManitexInternational_ApplicationEveryBrands.png\"\/>\n<\/div><\/div><\/div><\/div><div class=\"aio-icon-header\" ><h3 class=\"aio-icon-title ult-responsive\"  data-ultimate-target='#Info-box-wrap-2312 .aio-icon-title'  data-responsive-json-new='{\"font-size\":\"\",\"line-height\":\"\"}'  style=\"\">PM MEXICO<\/h3><\/div> <!-- header --><div class=\"aio-icon-description ult-responsive\"  data-ultimate-target='#Info-box-wrap-2312 .aio-icon-description'  data-responsive-json-new='{\"font-size\":\"\",\"line-height\":\"\"}'  style=\"\">Carretera\u00a0Queretaro- Mexico KM\u00a0201.5 ,\u00a0Bodega #50<br \/>\nEurobusiness\u00a0Park El Marqu\u00e9s,<br \/>\nColonia\u00a0Cumbres\u00a0de\u00a0Con\u00edn\u00a0Tercera\u00a0Secci\u00f3n,\u00a0Mcpio. El Marqu\u00e9s,<br \/>\nC.P. 76246<br \/>\nQueretaro<br \/>\nMexique<\/div> <!-- description --><\/div> <!-- aio-icon-box --><\/div> <!-- aio-icon-component -->[\/vc_column_inner][vc_column_inner width=\u00a0\u00bb1\/3&Prime;]<div class=\"aio-icon-component   mtx-info-box style_1\"><div id=\"Info-box-wrap-6429\" class=\"aio-icon-box top-icon\" style=\"\"  ><div class=\"aio-icon-top\"><div class=\"ult-just-icon-wrapper  \"><div class=\"align-icon\" style=\"text-align:center;\">\n<div class=\"aio-icon-img \" style=\"font-size:206px;display:inline-block;\" >\n\t<img class=\"img-icon\" alt=\"null\" src=\"https:\/\/www.pm-group.eu\/fr\/wp-content\/uploads\/sites\/3\/2023\/02\/ManitexInternational_ApplicationEveryBrands.png\"\/>\n<\/div><\/div><\/div><\/div><div class=\"aio-icon-header\" ><h3 class=\"aio-icon-title ult-responsive\"  data-ultimate-target='#Info-box-wrap-6429 .aio-icon-title'  data-responsive-json-new='{\"font-size\":\"\",\"line-height\":\"\"}'  style=\"\">PM Cile S.p.A<\/h3><\/div> <!-- header --><div class=\"aio-icon-description ult-responsive\"  data-ultimate-target='#Info-box-wrap-6429 .aio-icon-description'  data-responsive-json-new='{\"font-size\":\"\",\"line-height\":\"\"}'  style=\"\">Alcalde Guzm\u00e1n n\u00b00121,\u00a0Galp\u00f3n\u00a0Pyme\u00a03<br \/>\nQuilicura\u00a0&#8211; Santiago &#8211; Chili<br \/>\nT\u00e9l.: +56 2 2 763 0300<br \/>\ninfo@pm-latinamerica.com<\/div> <!-- description --><\/div> <!-- aio-icon-box --><\/div> <!-- aio-icon-component -->[\/vc_column_inner][\/vc_row_inner][vc_row_inner][vc_column_inner]<div id=\"ultimate-heading-80586a0345ccae560\" class=\"uvc-heading ult-adjust-bottom-margin ultimate-heading-80586a0345ccae560 uvc-7569 mtx-title-h2 pb-5 uvc-heading-default-font-sizes\" data-hspacer=\"no_spacer\"  data-halign=\"center\" style=\"text-align:center\"><div class=\"uvc-heading-spacer no_spacer\" style=\"top\"><\/div><div class=\"uvc-main-heading ult-responsive\"  data-ultimate-target='.uvc-heading.ultimate-heading-80586a0345ccae560 h2'  data-responsive-json-new='{\"font-size\":\"\",\"line-height\":\"\"}' ><h2 style=\"--font-weight:theme;\">\u00c9tablissements de production<\/h2><\/div><\/div>[\/vc_column_inner][\/vc_row_inner][vc_row_inner equal_height=\u00a0\u00bbyes\u00a0\u00bb el_class=\u00a0\u00bbpb-5&Prime;][vc_column_inner width=\u00a0\u00bb1\/3&Prime; offset=\u00a0\u00bbvc_col-sm-offset-2&Prime;]<div class=\"aio-icon-component   mtx-info-box style_1\"><div id=\"Info-box-wrap-4147\" class=\"aio-icon-box top-icon\" style=\"\"  ><div class=\"aio-icon-top\"><div class=\"ult-just-icon-wrapper  \"><div class=\"align-icon\" style=\"text-align:center;\">\n<div class=\"aio-icon-img \" style=\"font-size:206px;display:inline-block;\" >\n\t<img class=\"img-icon\" alt=\"null\" src=\"https:\/\/www.pm-group.eu\/fr\/wp-content\/uploads\/sites\/3\/2024\/12\/ManitexInternationalGroup_PMGroup_OilSteel.png\"\/>\n<\/div><\/div><\/div><\/div><div class=\"aio-icon-header\" ><h3 class=\"aio-icon-title ult-responsive\"  data-ultimate-target='#Info-box-wrap-4147 .aio-icon-title'  data-responsive-json-new='{\"font-size\":\"\",\"line-height\":\"\"}'  style=\"\">Si\u00e8ge de San Cesario sul Panaro - Mod\u00e8ne - Italie<\/h3><\/div> <!-- header --><div class=\"aio-icon-description ult-responsive\"  data-ultimate-target='#Info-box-wrap-4147 .aio-icon-description'  data-responsive-json-new='{\"font-size\":\"\",\"line-height\":\"\"}'  style=\"\">Strada\u00a0modenese\u00a04985<br \/>\n41018 San\u00a0Cesario\u00a0sul\u00a0Panaro\u00a0(Mod\u00e8ne)<br \/>\nItalie<br \/>\nT\u00e9l.: +39 059 936811<br \/>\nFax: +39 059936800<\/div> <!-- description --><\/div> <!-- aio-icon-box --><\/div> <!-- aio-icon-component -->[\/vc_column_inner][vc_column_inner width=\u00a0\u00bb1\/3&Prime;]<div class=\"aio-icon-component   mtx-info-box style_1\"><div id=\"Info-box-wrap-1443\" class=\"aio-icon-box top-icon\" style=\"\"  ><div class=\"aio-icon-top\"><div class=\"ult-just-icon-wrapper  \"><div class=\"align-icon\" style=\"text-align:center;\">\n<div class=\"aio-icon-img \" style=\"font-size:206px;display:inline-block;\" >\n\t<img class=\"img-icon\" alt=\"null\" src=\"https:\/\/www.pm-group.eu\/fr\/wp-content\/uploads\/sites\/3\/2024\/12\/ManitexInternationalGroup_PMGroup_OilSteel.png\"\/>\n<\/div><\/div><\/div><\/div><div class=\"aio-icon-header\" ><h3 class=\"aio-icon-title ult-responsive\"  data-ultimate-target='#Info-box-wrap-1443 .aio-icon-title'  data-responsive-json-new='{\"font-size\":\"\",\"line-height\":\"\"}'  style=\"\">Si\u00e8ge d\u2019Arad - Roumanie<\/h3><\/div> <!-- header --><div class=\"aio-icon-description ult-responsive\"  data-ultimate-target='#Info-box-wrap-1443 .aio-icon-description'  data-responsive-json-new='{\"font-size\":\"\",\"line-height\":\"\"}'  style=\"\">Zona\u00a0industriala\u00a0de\u00a0vest<br \/>\nStrada\u00a0I nr. 9-9A<br \/>\nArad<br \/>\nRoumanie<br \/>\nT\u00e9l.: +40 257271170<br \/>\nFax: +40 257271401<\/div> <!-- description --><\/div> <!-- aio-icon-box --><\/div> <!-- aio-icon-component -->[\/vc_column_inner][\/vc_row_inner][\/vc_column][\/vc_row]<\/p>\n","protected":false},"excerpt":{"rendered":"<p>[vc_row equal_height=\u00a0\u00bbyes\u00a0\u00bb content_placement=\u00a0\u00bbmiddle\u00a0\u00bb el_class=\u00a0\u00bbpb-5&Prime;][vc_column css_animation=\u00a0\u00bbnone\u00a0\u00bb width=\u00a0\u00bb2\/3&Prime; el_class=\u00a0\u00bbpb-4 pb-md-0&Prime;][vc_column_text el_class=\u00a0\u00bbtext-center-xs\u00a0\u00bb]PM a \u00e9tabli son quartier g\u00e9n\u00e9ral \u00e0 San\u00a0Cesario\u00a0Sul\u00a0Panaro\u00a0(Mod\u00e8ne &#8211; Italie) en aout 2004, en quittant le si\u00e8ge historique de Mod\u00e8ne. Le choix a \u00e9t\u00e9 fait suite \u00e0 la construction d&rsquo;une structure futuriste qui contient maintenant les bureaux de direction et tous les d\u00e9partements de l&rsquo;entreprise\u202f: ventes, marketing,&hellip;<\/p>\n","protected":false},"author":1,"featured_media":726,"parent":54,"menu_order":0,"comment_status":"closed","ping_status":"closed","template":"","meta":[],"acf":[],"_links":{"self":[{"href":"https:\/\/www.pm-group.eu\/fr\/wp-json\/wp\/v2\/pages\/723"}],"collection":[{"href":"https:\/\/www.pm-group.eu\/fr\/wp-json\/wp\/v2\/pages"}],"about":[{"href":"https:\/\/www.pm-group.eu\/fr\/wp-json\/wp\/v2\/types\/page"}],"author":[{"embeddable":true,"href":"https:\/\/www.pm-group.eu\/fr\/wp-json\/wp\/v2\/users\/1"}],"replies":[{"embeddable":true,"href":"https:\/\/www.pm-group.eu\/fr\/wp-json\/wp\/v2\/comments?post=723"}],"version-history":[{"count":6,"href":"https:\/\/www.pm-group.eu\/fr\/wp-json\/wp\/v2\/pages\/723\/revisions"}],"predecessor-version":[{"id":3694,"href":"https:\/\/www.pm-group.eu\/fr\/wp-json\/wp\/v2\/pages\/723\/revisions\/3694"}],"up":[{"embeddable":true,"href":"https:\/\/www.pm-group.eu\/fr\/wp-json\/wp\/v2\/pages\/54"}],"wp:featuredmedia":[{"embeddable":true,"href":"https:\/\/www.pm-group.eu\/fr\/wp-json\/wp\/v2\/media\/726"}],"wp:attachment":[{"href":"https:\/\/www.pm-group.eu\/fr\/wp-json\/wp\/v2\/media?parent=723"}],"curies":[{"name":"wp","href":"https:\/\/api.w.org\/{rel}","templated":true}]}}