{"id":693,"date":"2021-01-21T15:43:57","date_gmt":"2021-01-21T15:43:57","guid":{"rendered":"https:\/\/www.pm-group.eu\/?page_id=693"},"modified":"2021-03-17T14:08:41","modified_gmt":"2021-03-17T14:08:41","slug":"histoire","status":"publish","type":"page","link":"https:\/\/www.pm-group.eu\/fr\/entreprise\/histoire\/","title":{"rendered":"Histoire"},"content":{"rendered":"<p>[vc_row equal_height=\u00a0\u00bbyes\u00a0\u00bb content_placement=\u00a0\u00bbmiddle\u00a0\u00bb el_class=\u00a0\u00bbpb-5&Prime;][vc_column css_animation=\u00a0\u00bbnone\u00a0\u00bb width=\u00a0\u00bb1\/2&Prime; el_class=\u00a0\u00bbpb-4 pb-md-0&Prime;]<div id=\"ultimate-heading-264169db3c81029c1\" class=\"uvc-heading ult-adjust-bottom-margin ultimate-heading-264169db3c81029c1 uvc-9216 mtx-title-h2 text-center-xs pb-4 uvc-heading-default-font-sizes\" data-hspacer=\"no_spacer\"  data-halign=\"left\" style=\"text-align:left\"><div class=\"uvc-heading-spacer no_spacer\" style=\"top\"><\/div><div class=\"uvc-main-heading ult-responsive\"  data-ultimate-target='.uvc-heading.ultimate-heading-264169db3c81029c1 h2'  data-responsive-json-new='{\"font-size\":\"\",\"line-height\":\"\"}' ><h2 style=\"--font-weight:theme;\">1959\u202f- La naissance<\/h2><\/div><\/div>[vc_column_text el_class=\u00a0\u00bbtext-center-xs\u00a0\u00bb]Precisione\u00a0Meccanica\u00a0S.r.l. &#8211; devenue ensuite\u00a0Autogr\u00f9\u00a0PM &#8211; na\u00eet \u00e0 Mod\u00e8ne en 1959. Elle op\u00e8re depuis le d\u00e9but dans le domaine des grues hydrauliques pour camions, en s\u2019occupant \u00e0 la fois de la conception et de la production.[\/vc_column_text][\/vc_column][vc_column css_animation=\u00a0\u00bbnone\u00a0\u00bb width=\u00a0\u00bb1\/2&Prime;][vc_single_image image=\u00a0\u00bb707&Prime; img_size=\u00a0\u00bb528&#215;359&Prime; alignment=\u00a0\u00bbright\u00a0\u00bb onclick=\u00a0\u00bblink_image\u00a0\u00bb css_animation=\u00a0\u00bbnone\u00a0\u00bb el_class=\u00a0\u00bbmtx-img rounded-5 text-center-xs\u00a0\u00bb][\/vc_column][\/vc_row][vc_row equal_height=\u00a0\u00bbyes\u00a0\u00bb content_placement=\u00a0\u00bbmiddle\u00a0\u00bb el_class=\u00a0\u00bbpy-5&Prime;][vc_column css_animation=\u00a0\u00bbnone\u00a0\u00bb width=\u00a0\u00bb1\/2&Prime; el_class=\u00a0\u00bbvc_col-sm-push-6 pb-4 pb-md-0&Prime;]<div id=\"ultimate-heading-542969db3c8102a0e\" class=\"uvc-heading ult-adjust-bottom-margin ultimate-heading-542969db3c8102a0e uvc-3901 mtx-title-h2 text-center-xs pb-4 uvc-heading-default-font-sizes\" data-hspacer=\"no_spacer\"  data-halign=\"right\" style=\"text-align:right\"><div class=\"uvc-heading-spacer no_spacer\" style=\"top\"><\/div><div class=\"uvc-main-heading ult-responsive\"  data-ultimate-target='.uvc-heading.ultimate-heading-542969db3c8102a0e h2'  data-responsive-json-new='{\"font-size\":\"\",\"line-height\":\"\"}' ><h2 style=\"--font-weight:theme;\">1972\u202f- PM se d\u00e9veloppe et devient une soci\u00e9t\u00e9 par actions<\/h2><\/div><\/div>[vc_column_text el_class=\u00a0\u00bbtext-center-xs text-end\u00a0\u00bb]\u00c0 la fin des ann\u00e9es 60 l\u2019entreprise consolide sa base industrielle, prenant la forme actuelle de soci\u00e9t\u00e9 par actions en 1972.[\/vc_column_text][\/vc_column][vc_column width=\u00a0\u00bb1\/2&Prime; el_class=\u00a0\u00bbvc_col-sm-pull-6&Prime;][vc_single_image image=\u00a0\u00bb708&Prime; img_size=\u00a0\u00bb528&#215;359&Prime; onclick=\u00a0\u00bblink_image\u00a0\u00bb el_class=\u00a0\u00bbmtx-img rounded-5 text-center-xs\u00a0\u00bb][\/vc_column][\/vc_row][vc_row equal_height=\u00a0\u00bbyes\u00a0\u00bb content_placement=\u00a0\u00bbmiddle\u00a0\u00bb el_class=\u00a0\u00bbpy-5&Prime;][vc_column css_animation=\u00a0\u00bbnone\u00a0\u00bb width=\u00a0\u00bb1\/2&Prime; el_class=\u00a0\u00bbpb-4 pb-md-0&Prime;]<div id=\"ultimate-heading-246769db3c8102a3a\" class=\"uvc-heading ult-adjust-bottom-margin ultimate-heading-246769db3c8102a3a uvc-3430 mtx-title-h2 text-center-xs pb-4 uvc-heading-default-font-sizes\" data-hspacer=\"no_spacer\"  data-halign=\"left\" style=\"text-align:left\"><div class=\"uvc-heading-spacer no_spacer\" style=\"top\"><\/div><div class=\"uvc-main-heading ult-responsive\"  data-ultimate-target='.uvc-heading.ultimate-heading-246769db3c8102a3a h2'  data-responsive-json-new='{\"font-size\":\"\",\"line-height\":\"\"}' ><h2 style=\"--font-weight:theme;\">1980\u202f- Plus de 1000 grues par an<\/h2><\/div><\/div>[vc_column_text el_class=\u00a0\u00bbtext-center-xs\u00a0\u00bb]Le d\u00e9veloppement ult\u00e9rieur de l&rsquo;entreprise, parall\u00e8lement \u00e0 l&rsquo;\u00e9volution rapide du secteur des transports, lui a permis d&rsquo;atteindre une production de plus de 1\u202f000 grues par an au d\u00e9but des ann\u00e9es 80, consolidant ainsi sa position d\u2019acteur de premier rang sur le march\u00e9 international.[\/vc_column_text][\/vc_column][vc_column css_animation=\u00a0\u00bbnone\u00a0\u00bb width=\u00a0\u00bb1\/2&Prime;][vc_single_image image=\u00a0\u00bb709&Prime; img_size=\u00a0\u00bb528&#215;359&Prime; alignment=\u00a0\u00bbright\u00a0\u00bb onclick=\u00a0\u00bblink_image\u00a0\u00bb css_animation=\u00a0\u00bbnone\u00a0\u00bb el_class=\u00a0\u00bbmtx-img rounded-5 text-center-xs\u00a0\u00bb][\/vc_column][\/vc_row][vc_row equal_height=\u00a0\u00bbyes\u00a0\u00bb content_placement=\u00a0\u00bbmiddle\u00a0\u00bb el_class=\u00a0\u00bbpy-5&Prime;][vc_column css_animation=\u00a0\u00bbnone\u00a0\u00bb width=\u00a0\u00bb1\/2&Prime; el_class=\u00a0\u00bbvc_col-sm-push-6 pb-4 pb-md-0&Prime;]<div id=\"ultimate-heading-319669db3c8102a63\" class=\"uvc-heading ult-adjust-bottom-margin ultimate-heading-319669db3c8102a63 uvc-8863 mtx-title-h2 text-center-xs pb-4 uvc-heading-default-font-sizes\" data-hspacer=\"no_spacer\"  data-halign=\"right\" style=\"text-align:right\"><div class=\"uvc-heading-spacer no_spacer\" style=\"top\"><\/div><div class=\"uvc-main-heading ult-responsive\"  data-ultimate-target='.uvc-heading.ultimate-heading-319669db3c8102a63 h2'  data-responsive-json-new='{\"font-size\":\"\",\"line-height\":\"\"}' ><h2 style=\"--font-weight:theme;\">1990\u202f- Renforcement et pr\u00e9sence importante sur le march\u00e9<\/h2><\/div><\/div>[vc_column_text el_class=\u00a0\u00bbtext-center-xs text-end\u00a0\u00bb]PM franchit le cap des 30 ann\u00e9es d&rsquo;activit\u00e9 avec une importante pr\u00e9sence sur le march\u00e9 et une situation de l\u2019entreprise qui est r\u00e9sum\u00e9e par ces donn\u00e9es\u202f: 140 employ\u00e9s, 42\u202f000 m2 de surface totale, dont 15\u202f000 m2 destin\u00e9s aux \u00e9tablissements\u00a0et bureaux et une capacit\u00e9 de production de 2\u202f000 grues par an.[\/vc_column_text][\/vc_column][vc_column css_animation=\u00a0\u00bbnone\u00a0\u00bb width=\u00a0\u00bb1\/2&Prime; el_class=\u00a0\u00bbvc_col-sm-pull-6&Prime;][vc_single_image image=\u00a0\u00bb710&Prime; img_size=\u00a0\u00bb528&#215;359&Prime; onclick=\u00a0\u00bblink_image\u00a0\u00bb el_class=\u00a0\u00bbmtx-img rounded-5 text-center-xs\u00a0\u00bb][\/vc_column][\/vc_row][vc_row equal_height=\u00a0\u00bbyes\u00a0\u00bb content_placement=\u00a0\u00bbmiddle\u00a0\u00bb el_class=\u00a0\u00bbpy-5&Prime;][vc_column css_animation=\u00a0\u00bbnone\u00a0\u00bb width=\u00a0\u00bb1\/2&Prime; el_class=\u00a0\u00bbpb-4 pb-md-0&Prime;]<div id=\"ultimate-heading-404569db3c8102a99\" class=\"uvc-heading ult-adjust-bottom-margin ultimate-heading-404569db3c8102a99 uvc-4019 mtx-title-h2 text-center-xs pb-4 uvc-heading-default-font-sizes\" data-hspacer=\"no_spacer\"  data-halign=\"left\" style=\"text-align:left\"><div class=\"uvc-heading-spacer no_spacer\" style=\"top\"><\/div><div class=\"uvc-main-heading ult-responsive\"  data-ultimate-target='.uvc-heading.ultimate-heading-404569db3c8102a99 h2'  data-responsive-json-new='{\"font-size\":\"\",\"line-height\":\"\"}' ><h2 style=\"--font-weight:theme;\">2000\u202f- Plus de 4\u202f000 grues par an<\/h2><\/div><\/div>[vc_column_text el_class=\u00a0\u00bbtext-center-xs\u00a0\u00bb]Ressources humaines hautement qualifi\u00e9es, d\u00e9veloppement et application technologique\u202f: ce sont les \u00e9l\u00e9ments qui ont permis \u00e0 PM d\u2019atteindre une capacit\u00e9 de production de plus de 4\u202f000 grues par an.[\/vc_column_text][\/vc_column][vc_column css_animation=\u00a0\u00bbnone\u00a0\u00bb width=\u00a0\u00bb1\/2&Prime;][vc_single_image image=\u00a0\u00bb713&Prime; img_size=\u00a0\u00bb528&#215;359&Prime; alignment=\u00a0\u00bbright\u00a0\u00bb onclick=\u00a0\u00bblink_image\u00a0\u00bb css_animation=\u00a0\u00bbnone\u00a0\u00bb el_class=\u00a0\u00bbmtx-img rounded-5 text-center-xs\u00a0\u00bb][\/vc_column][\/vc_row][vc_row equal_height=\u00a0\u00bbyes\u00a0\u00bb content_placement=\u00a0\u00bbmiddle\u00a0\u00bb el_class=\u00a0\u00bbpy-5&Prime;][vc_column css_animation=\u00a0\u00bbnone\u00a0\u00bb width=\u00a0\u00bb1\/2&Prime; el_class=\u00a0\u00bbvc_col-sm-push-6 pb-4 pb-md-0&Prime;]<div id=\"ultimate-heading-777469db3c8102ab2\" class=\"uvc-heading ult-adjust-bottom-margin ultimate-heading-777469db3c8102ab2 uvc-4397 mtx-title-h2 text-center-xs pb-4 uvc-heading-default-font-sizes\" data-hspacer=\"no_spacer\"  data-halign=\"right\" style=\"text-align:right\"><div class=\"uvc-heading-spacer no_spacer\" style=\"top\"><\/div><div class=\"uvc-main-heading ult-responsive\"  data-ultimate-target='.uvc-heading.ultimate-heading-777469db3c8102ab2 h2'  data-responsive-json-new='{\"font-size\":\"\",\"line-height\":\"\"}' ><h2 style=\"--font-weight:theme;\">2003 - Oil&amp;Steel Spa<\/h2><\/div><\/div>[vc_column_text el_class=\u00a0\u00bbtext-center-xs text-end\u00a0\u00bb]En 2003\u00a0Autogr\u00f9\u00a0PM\u00a0S.p.A. ach\u00e8te\u00a0Oil&amp;Steel\u00a0Spa.[\/vc_column_text][\/vc_column][vc_column css_animation=\u00a0\u00bbnone\u00a0\u00bb width=\u00a0\u00bb1\/2&Prime; el_class=\u00a0\u00bbvc_col-sm-pull-6&Prime;][vc_single_image image=\u00a0\u00bb714&Prime; img_size=\u00a0\u00bb528&#215;359&Prime; onclick=\u00a0\u00bblink_image\u00a0\u00bb el_class=\u00a0\u00bbmtx-img rounded-5 text-center-xs\u00a0\u00bb][\/vc_column][\/vc_row][vc_row equal_height=\u00a0\u00bbyes\u00a0\u00bb content_placement=\u00a0\u00bbmiddle\u00a0\u00bb el_class=\u00a0\u00bbpy-5&Prime;][vc_column width=\u00a0\u00bb1\/2&Prime; el_class=\u00a0\u00bbpb-4 pb-md-0&Prime;]<div id=\"ultimate-heading-708669db3c8102ac9\" class=\"uvc-heading ult-adjust-bottom-margin ultimate-heading-708669db3c8102ac9 uvc-3369 mtx-title-h2 text-center-xs pb-4 uvc-heading-default-font-sizes\" data-hspacer=\"no_spacer\"  data-halign=\"left\" style=\"text-align:left\"><div class=\"uvc-heading-spacer no_spacer\" style=\"top\"><\/div><div class=\"uvc-main-heading ult-responsive\"  data-ultimate-target='.uvc-heading.ultimate-heading-708669db3c8102ac9 h2'  data-responsive-json-new='{\"font-size\":\"\",\"line-height\":\"\"}' ><h2 style=\"--font-weight:theme;\">2006 - PM Group Spa<\/h2><\/div><\/div>[vc_column_text el_class=\u00a0\u00bbtext-center-xs\u00a0\u00bb]Pour repr\u00e9senter toutes ses diff\u00e9rentes Activit\u00e9s, elle prend le nom de PM Group Spa. Au cours de ces\u00a0ann\u00e9es, des filiales ont \u00e9t\u00e9 cr\u00e9\u00e9es en Roumanie, en Am\u00e9rique du Nord, en France, en Argentine, en Espagne, au Chili et au Mexique.[\/vc_column_text][\/vc_column][vc_column css_animation=\u00a0\u00bbnone\u00a0\u00bb width=\u00a0\u00bb1\/2&Prime;][vc_single_image image=\u00a0\u00bb685&Prime; img_size=\u00a0\u00bb235&#215;157&Prime; alignment=\u00a0\u00bbcenter\u00a0\u00bb css_animation=\u00a0\u00bbnone\u00a0\u00bb el_class=\u00a0\u00bbmtx-img text-center-xs\u00a0\u00bb][\/vc_column][\/vc_row][vc_row equal_height=\u00a0\u00bbyes\u00a0\u00bb content_placement=\u00a0\u00bbmiddle\u00a0\u00bb el_class=\u00a0\u00bbpy-5&Prime;][vc_column css_animation=\u00a0\u00bbnone\u00a0\u00bb width=\u00a0\u00bb1\/2&Prime; el_class=\u00a0\u00bbvc_col-sm-push-6 pb-4 pb-md-0&Prime;]<div id=\"ultimate-heading-610669db3c8102ae1\" class=\"uvc-heading ult-adjust-bottom-margin ultimate-heading-610669db3c8102ae1 uvc-7331 mtx-title-h2 text-center-xs pb-4 uvc-heading-default-font-sizes\" data-hspacer=\"no_spacer\"  data-halign=\"right\" style=\"text-align:right\"><div class=\"uvc-heading-spacer no_spacer\" style=\"top\"><\/div><div class=\"uvc-main-heading ult-responsive\"  data-ultimate-target='.uvc-heading.ultimate-heading-610669db3c8102ae1 h2'  data-responsive-json-new='{\"font-size\":\"\",\"line-height\":\"\"}' ><h2 style=\"--font-weight:theme;\">2015 - Manitex International<\/h2><\/div><\/div>[vc_column_text el_class=\u00a0\u00bbtext-center-xs text-end\u00a0\u00bb]Manitex\u00a0International Inc. acquiert PM Group Spa.[\/vc_column_text][\/vc_column][vc_column width=\u00a0\u00bb1\/2&Prime; el_class=\u00a0\u00bbvc_col-sm-pull-6&Prime;][vc_single_image image=\u00a0\u00bb683&Prime; img_size=\u00a0\u00bb150&#215;196&Prime; alignment=\u00a0\u00bbcenter\u00a0\u00bb el_class=\u00a0\u00bbmtx-img text-center-xs\u00a0\u00bb][\/vc_column][\/vc_row][vc_row equal_height=\u00a0\u00bbyes\u00a0\u00bb content_placement=\u00a0\u00bbmiddle\u00a0\u00bb el_class=\u00a0\u00bbpy-5&Prime;][vc_column width=\u00a0\u00bb1\/2&Prime; el_class=\u00a0\u00bbpb-4 pb-md-0&Prime;]<div id=\"ultimate-heading-552169db3c8102afa\" class=\"uvc-heading ult-adjust-bottom-margin ultimate-heading-552169db3c8102afa uvc-4915 mtx-title-h2 text-center-xs pb-4 uvc-heading-default-font-sizes\" data-hspacer=\"no_spacer\"  data-halign=\"left\" style=\"text-align:left\"><div class=\"uvc-heading-spacer no_spacer\" style=\"top\"><\/div><div class=\"uvc-main-heading ult-responsive\"  data-ultimate-target='.uvc-heading.ultimate-heading-552169db3c8102afa h2'  data-responsive-json-new='{\"font-size\":\"\",\"line-height\":\"\"}' ><h2 style=\"--font-weight:theme;\">2018\u202f- Unification des deux soci\u00e9t\u00e9s<\/h2><\/div><\/div>[vc_column_text el_class=\u00a0\u00bbtext-center-xs\u00a0\u00bb]L\u2019entreprise d\u00e9cide de fusionner les deux soci\u00e9t\u00e9s PM Group Spa et\u00a0Oil&amp;Steel\u00a0Spa sous l\u2019actuelle PM\u00a0Oil&amp;Steel\u00a0Spa.[\/vc_column_text][\/vc_column][vc_column width=\u00a0\u00bb1\/2&Prime;][vc_single_image image=\u00a0\u00bb715&Prime; img_size=\u00a0\u00bb340&#215;260&Prime; alignment=\u00a0\u00bbcenter\u00a0\u00bb el_class=\u00a0\u00bbmtx-img text-center-xs\u00a0\u00bb][\/vc_column][\/vc_row][vc_row equal_height=\u00a0\u00bbyes\u00a0\u00bb content_placement=\u00a0\u00bbmiddle\u00a0\u00bb el_class=\u00a0\u00bbpy-5&Prime;][vc_column width=\u00a0\u00bb1\/2&Prime; el_class=\u00a0\u00bbvc_col-sm-push-6 pb-4 pb-md-0&Prime;]<div id=\"ultimate-heading-633969db3c8102b10\" class=\"uvc-heading ult-adjust-bottom-margin ultimate-heading-633969db3c8102b10 uvc-5513 mtx-title-h2 text-center-xs pb-4 uvc-heading-default-font-sizes\" data-hspacer=\"no_spacer\"  data-halign=\"right\" style=\"text-align:right\"><div class=\"uvc-heading-spacer no_spacer\" style=\"top\"><\/div><div class=\"uvc-main-heading ult-responsive\"  data-ultimate-target='.uvc-heading.ultimate-heading-633969db3c8102b10 h2'  data-responsive-json-new='{\"font-size\":\"\",\"line-height\":\"\"}' ><h2 style=\"--font-weight:theme;\">2019\u202f- 60 ans ensemble<\/h2><\/div><\/div>[vc_column_text el_class=\u00a0\u00bbtext-center-xs text-end\u00a0\u00bb]PM f\u00eate ses 60 ans au\u00a0Bauma\u00a02019. La m\u00eame ann\u00e9e Giovanni\u00a0Tacconi\u00a0est\u00a0nomm\u00e9\u00a0par le\u00a0Ceo, Steve\u00a0Filipov, Directeur G\u00e9n\u00e9ral de la division grues PM.[\/vc_column_text][\/vc_column][vc_column width=\u00a0\u00bb1\/2&Prime; el_class=\u00a0\u00bbvc_col-sm-pull-6&Prime;][vc_single_image image=\u00a0\u00bb716&Prime; img_size=\u00a0\u00bb528&#215;359&Prime; onclick=\u00a0\u00bblink_image\u00a0\u00bb css_animation=\u00a0\u00bbnone\u00a0\u00bb el_class=\u00a0\u00bbmtx-img rounded-5 text-center-xs\u00a0\u00bb][\/vc_column][\/vc_row]<\/p>\n","protected":false},"excerpt":{"rendered":"<p>[vc_row equal_height=\u00a0\u00bbyes\u00a0\u00bb content_placement=\u00a0\u00bbmiddle\u00a0\u00bb el_class=\u00a0\u00bbpb-5&Prime;][vc_column css_animation=\u00a0\u00bbnone\u00a0\u00bb width=\u00a0\u00bb1\/2&Prime; el_class=\u00a0\u00bbpb-4 pb-md-0&Prime;][vc_column_text el_class=\u00a0\u00bbtext-center-xs\u00a0\u00bb]Precisione\u00a0Meccanica\u00a0S.r.l. &#8211; devenue ensuite\u00a0Autogr\u00f9\u00a0PM &#8211; na\u00eet \u00e0 Mod\u00e8ne en 1959. Elle op\u00e8re depuis le d\u00e9but dans le domaine des grues hydrauliques pour camions, en s\u2019occupant \u00e0 la fois de la conception et de la production.[\/vc_column_text][\/vc_column][vc_column css_animation=\u00a0\u00bbnone\u00a0\u00bb width=\u00a0\u00bb1\/2&Prime;][vc_single_image image=\u00a0\u00bb707&Prime; img_size=\u00a0\u00bb528&#215;359&Prime; alignment=\u00a0\u00bbright\u00a0\u00bb onclick=\u00a0\u00bblink_image\u00a0\u00bb css_animation=\u00a0\u00bbnone\u00a0\u00bb el_class=\u00a0\u00bbmtx-img rounded-5 text-center-xs\u00a0\u00bb][\/vc_column][\/vc_row][vc_row equal_height=\u00a0\u00bbyes\u00a0\u00bb content_placement=\u00a0\u00bbmiddle\u00a0\u00bb&hellip;<\/p>\n","protected":false},"author":1,"featured_media":696,"parent":54,"menu_order":0,"comment_status":"closed","ping_status":"closed","template":"","meta":[],"acf":[],"_links":{"self":[{"href":"https:\/\/www.pm-group.eu\/fr\/wp-json\/wp\/v2\/pages\/693"}],"collection":[{"href":"https:\/\/www.pm-group.eu\/fr\/wp-json\/wp\/v2\/pages"}],"about":[{"href":"https:\/\/www.pm-group.eu\/fr\/wp-json\/wp\/v2\/types\/page"}],"author":[{"embeddable":true,"href":"https:\/\/www.pm-group.eu\/fr\/wp-json\/wp\/v2\/users\/1"}],"replies":[{"embeddable":true,"href":"https:\/\/www.pm-group.eu\/fr\/wp-json\/wp\/v2\/comments?post=693"}],"version-history":[{"count":5,"href":"https:\/\/www.pm-group.eu\/fr\/wp-json\/wp\/v2\/pages\/693\/revisions"}],"predecessor-version":[{"id":1749,"href":"https:\/\/www.pm-group.eu\/fr\/wp-json\/wp\/v2\/pages\/693\/revisions\/1749"}],"up":[{"embeddable":true,"href":"https:\/\/www.pm-group.eu\/fr\/wp-json\/wp\/v2\/pages\/54"}],"wp:featuredmedia":[{"embeddable":true,"href":"https:\/\/www.pm-group.eu\/fr\/wp-json\/wp\/v2\/media\/696"}],"wp:attachment":[{"href":"https:\/\/www.pm-group.eu\/fr\/wp-json\/wp\/v2\/media?parent=693"}],"curies":[{"name":"wp","href":"https:\/\/api.w.org\/{rel}","templated":true}]}}