{"id":54,"date":"2021-01-13T15:10:37","date_gmt":"2021-01-13T15:10:37","guid":{"rendered":"https:\/\/www.pm-group.eu\/?page_id=54"},"modified":"2023-02-21T12:59:16","modified_gmt":"2023-02-21T11:59:16","slug":"entreprise","status":"publish","type":"page","link":"https:\/\/www.pm-group.eu\/fr\/entreprise\/","title":{"rendered":"Entreprise"},"content":{"rendered":"<p>[vc_row el_class=\u00a0\u00bbpb-5&Prime;][vc_column]<div id=\"ultimate-heading-455369d765f26c252\" class=\"uvc-heading ult-adjust-bottom-margin ultimate-heading-455369d765f26c252 uvc-746 mtx-title-h2 pb-4 uvc-heading-default-font-sizes\" data-hspacer=\"no_spacer\"  data-halign=\"center\" style=\"text-align:center\"><div class=\"uvc-heading-spacer no_spacer\" style=\"top\"><\/div><div class=\"uvc-main-heading ult-responsive\"  data-ultimate-target='.uvc-heading.ultimate-heading-455369d765f26c252 h2'  data-responsive-json-new='{\"font-size\":\"\",\"line-height\":\"\"}' ><h2 style=\"--font-weight:theme;\">Notre vision<\/h2><\/div><\/div>[vc_column_text el_class=\u00a0\u00bbtext-center\u00a0\u00bb]Sur le march\u00e9 depuis plus de 60 ans, PM est le premier constructeur italien de grues hydrauliques pour camion. Une tradition consolid\u00e9e de technologie et d&rsquo;innovation qui a permis \u00e0 PM de construire des relations professionnelles solides et de conqu\u00e9rir des parts de march\u00e9 de plus en plus vastes, en Italie et \u00e0 l&rsquo;\u00e9tranger.<\/p>\n<p>La culture, l&rsquo;exp\u00e9rience et le savoir-faire se traduisent par l&rsquo;innovation et la capacit\u00e9 d&rsquo;offrir \u00e0 ses propres Clients un produit hautement technologique et un niveau de service flexible et personnalisable.<\/p>\n<p>Le si\u00e8ge principal de PM est situ\u00e9 \u00e0 San\u00a0Cesario\u00a0S\/P (Mod\u00e8ne), mais la soci\u00e9t\u00e9 est aussi pr\u00e9sente sur les march\u00e9s \u00e9trangers \u00e0 travers des filiales commerciales directes en Am\u00e9rique du Nord, en Argentine, au Chili, au Mexique, en France, en Espagne et \u00e0 Singapour.<\/p>\n<p>Actuellement, la gamme de produits PM compte plus de 50 s\u00e9ries, avec pr\u00e8s de 350 configurations possibles.\u00a0 De la conception \u00e0 la r\u00e9alisation des structures, du contr\u00f4le de qualit\u00e9 des mat\u00e9riaux jusqu\u2019aux essais de r\u00e9ception, tout est r\u00e9alis\u00e9 dans les deux \u00e9tablissements PM, sur une surface totale de 130\u202f000 m2, dont 62\u202f000 m2 couverts, situ\u00e9s \u00e0 San\u00a0Cesario\u00a0S\/P (Mod\u00e8ne) et \u00e0 Arad (Roumanie).[\/vc_column_text][\/vc_column][\/vc_row][vc_row equal_height=\u00a0\u00bbyes\u00a0\u00bb content_placement=\u00a0\u00bbmiddle\u00a0\u00bb bg_type=\u00a0\u00bbimage\u00a0\u00bb parallax_style=\u00a0\u00bbvcpb-default\u00a0\u00bb bg_image_new=\u00a0\u00bbid^670|url^https:\/\/www.pm-group.eu\/wp-content\/uploads\/sites\/3\/2021\/01\/pm_about_story.jpg|caption^null|alt^null|title^pm_about_story|description^null\u00a0\u00bb bg_image_repeat=\u00a0\u00bbno-repeat\u00a0\u00bb bg_img_attach=\u00a0\u00bbfixed\u00a0\u00bb bg_image_posiiton=\u00a0\u00bbcenter center\u00a0\u00bb bg_override=\u00a0\u00bbex-full\u00a0\u00bb el_class=\u00a0\u00bbpy-5 mb-5 mtx-row-gradient\u00a0\u00bb][vc_column css_animation=\u00a0\u00bbnone\u00a0\u00bb]<div id=\"ultimate-heading-997169d765f26c28e\" class=\"uvc-heading ult-adjust-bottom-margin ultimate-heading-997169d765f26c28e uvc-9156 text-white mtx-mh-h1 pb-5 uvc-heading-default-font-sizes\" data-hspacer=\"no_spacer\"  data-halign=\"center\" style=\"text-align:center\"><div class=\"uvc-heading-spacer no_spacer\" style=\"top\"><\/div><div class=\"uvc-main-heading ult-responsive\"  data-ultimate-target='.uvc-heading.ultimate-heading-997169d765f26c28e h2'  data-responsive-json-new='{\"font-size\":\"\",\"line-height\":\"\"}' ><h2 style=\"--font-weight:theme;\">Notre histoire<\/h2><\/div><\/div><style type=\"text\/css\" data-type=\"the7_shortcodes-inline-css\">#default-btn-6cbbda446e5729c7b5c29557683fcbf0.ico-right-side > i {\n  margin-right: 0px;\n  margin-left: 8px;\n}\n#default-btn-6cbbda446e5729c7b5c29557683fcbf0 > i {\n  margin-right: 8px;\n}\n#default-btn-6cbbda446e5729c7b5c29557683fcbf0 * {\n  vertical-align: middle;\n}\n<\/style><div class=\"btn-align-center\"><a href=\"http:\/\/www.pm-group.eu\/fr\/entreprise\/histoire\/\" class=\"default-btn-shortcode dt-btn dt-btn-l link-hover-off mtx-btn text-white \" id=\"default-btn-6cbbda446e5729c7b5c29557683fcbf0\"><span>EN SAVOIR PLUS<\/span><\/a><\/div>[\/vc_column][\/vc_row][vc_row equal_height=\u00a0\u00bbyes\u00a0\u00bb content_placement=\u00a0\u00bbmiddle\u00a0\u00bb bg_type=\u00a0\u00bbimage\u00a0\u00bb parallax_style=\u00a0\u00bbvcpb-default\u00a0\u00bb bg_image_new=\u00a0\u00bbid^664|url^https:\/\/www.pm-group.eu\/wp-content\/uploads\/sites\/3\/2021\/01\/pm_about_sede.jpg|caption^null|alt^null|title^pm_about_sede|description^null\u00a0\u00bb bg_image_repeat=\u00a0\u00bbno-repeat\u00a0\u00bb bg_img_attach=\u00a0\u00bbfixed\u00a0\u00bb bg_image_posiiton=\u00a0\u00bbcenter center\u00a0\u00bb bg_override=\u00a0\u00bbex-full\u00a0\u00bb el_class=\u00a0\u00bbpy-5 my-5 mtx-row-gradient\u00a0\u00bb][vc_column css_animation=\u00a0\u00bbnone\u00a0\u00bb]<div id=\"ultimate-heading-621669d765f26fa4f\" class=\"uvc-heading ult-adjust-bottom-margin ultimate-heading-621669d765f26fa4f uvc-3160 text-white mtx-mh-h1 pb-5 uvc-heading-default-font-sizes\" data-hspacer=\"no_spacer\"  data-halign=\"center\" style=\"text-align:center\"><div class=\"uvc-heading-spacer no_spacer\" style=\"top\"><\/div><div class=\"uvc-main-heading ult-responsive\"  data-ultimate-target='.uvc-heading.ultimate-heading-621669d765f26fa4f h2'  data-responsive-json-new='{\"font-size\":\"\",\"line-height\":\"\"}' ><h2 style=\"--font-weight:theme;\">Nos si\u00e8ges<\/h2><\/div><\/div><style type=\"text\/css\" data-type=\"the7_shortcodes-inline-css\">#default-btn-3db218c47dfc8f32b573bd2f398ec97f.ico-right-side > i {\n  margin-right: 0px;\n  margin-left: 8px;\n}\n#default-btn-3db218c47dfc8f32b573bd2f398ec97f > i {\n  margin-right: 8px;\n}\n#default-btn-3db218c47dfc8f32b573bd2f398ec97f * {\n  vertical-align: middle;\n}\n<\/style><div class=\"btn-align-center\"><a href=\"http:\/\/www.pm-group.eu\/fr\/entreprise\/etablissements-et-filiales\/\" class=\"default-btn-shortcode dt-btn dt-btn-l link-hover-off mtx-btn text-white \" id=\"default-btn-3db218c47dfc8f32b573bd2f398ec97f\"><span>EN SAVOIR PLUS<\/span><\/a><\/div>[\/vc_column][\/vc_row][vc_row][vc_column][vc_single_image image=\u00a0\u00bb2836&Prime; img_size=\u00a0\u00bbfull\u00a0\u00bb alignment=\u00a0\u00bbcenter\u00a0\u00bb][\/vc_column][\/vc_row]<\/p>\n","protected":false},"excerpt":{"rendered":"<p>[vc_row el_class=\u00a0\u00bbpb-5&Prime;][vc_column][vc_column_text el_class=\u00a0\u00bbtext-center\u00a0\u00bb]Sur le march\u00e9 depuis plus de 60 ans, PM est le premier constructeur italien de grues hydrauliques pour camion. Une tradition consolid\u00e9e de technologie et d&rsquo;innovation qui a permis \u00e0 PM de construire des relations professionnelles solides et de conqu\u00e9rir des parts de march\u00e9 de plus en plus vastes, en Italie et \u00e0&hellip;<\/p>\n","protected":false},"author":1,"featured_media":664,"parent":0,"menu_order":0,"comment_status":"closed","ping_status":"closed","template":"","meta":[],"acf":[],"_links":{"self":[{"href":"https:\/\/www.pm-group.eu\/fr\/wp-json\/wp\/v2\/pages\/54"}],"collection":[{"href":"https:\/\/www.pm-group.eu\/fr\/wp-json\/wp\/v2\/pages"}],"about":[{"href":"https:\/\/www.pm-group.eu\/fr\/wp-json\/wp\/v2\/types\/page"}],"author":[{"embeddable":true,"href":"https:\/\/www.pm-group.eu\/fr\/wp-json\/wp\/v2\/users\/1"}],"replies":[{"embeddable":true,"href":"https:\/\/www.pm-group.eu\/fr\/wp-json\/wp\/v2\/comments?post=54"}],"version-history":[{"count":5,"href":"https:\/\/www.pm-group.eu\/fr\/wp-json\/wp\/v2\/pages\/54\/revisions"}],"predecessor-version":[{"id":2839,"href":"https:\/\/www.pm-group.eu\/fr\/wp-json\/wp\/v2\/pages\/54\/revisions\/2839"}],"wp:featuredmedia":[{"embeddable":true,"href":"https:\/\/www.pm-group.eu\/fr\/wp-json\/wp\/v2\/media\/664"}],"wp:attachment":[{"href":"https:\/\/www.pm-group.eu\/fr\/wp-json\/wp\/v2\/media?parent=54"}],"curies":[{"name":"wp","href":"https:\/\/api.w.org\/{rel}","templated":true}]}}