{"id":1322,"date":"2021-01-30T14:55:53","date_gmt":"2021-01-30T14:55:53","guid":{"rendered":"https:\/\/www.pm-group.eu\/?page_id=1322"},"modified":"2021-02-22T10:50:31","modified_gmt":"2021-02-22T10:50:31","slug":"postulez","status":"publish","type":"page","link":"https:\/\/www.pm-group.eu\/fr\/travaille-avec-nous\/postulez\/","title":{"rendered":"Postulez"},"content":{"rendered":"<p>[vc_row el_class=\u00a0\u00bbpb-5&Prime;][vc_column]<div id=\"ultimate-heading-289369d5e7c73f92c\" class=\"uvc-heading ult-adjust-bottom-margin ultimate-heading-289369d5e7c73f92c uvc-4845 mtx-title-h2 uvc-heading-default-font-sizes\" data-hspacer=\"no_spacer\"  data-halign=\"center\" style=\"text-align:center\"><div class=\"uvc-heading-spacer no_spacer\" style=\"top\"><\/div><div class=\"uvc-main-heading ult-responsive\"  data-ultimate-target='.uvc-heading.ultimate-heading-289369d5e7c73f92c h2'  data-responsive-json-new='{\"font-size\":\"\",\"line-height\":\"\"}' ><h2 style=\"--font-weight:theme;\">Travaille avec nous<\/h2><\/div><\/div>[\/vc_column][\/vc_row][vc_row el_class=\u00a0\u00bbpb-5&Prime;][vc_column offset=\u00a0\u00bbvc_col-md-offset-2 vc_col-md-8&Prime;]<div role=\"form\" class=\"wpcf7\" id=\"wpcf7-f147-o1\" lang=\"it-IT\" dir=\"ltr\">\n<div class=\"screen-reader-response\"><p role=\"status\" aria-live=\"polite\" aria-atomic=\"true\"><\/p> <ul><\/ul><\/div>\n<form action=\"\/fr\/wp-json\/wp\/v2\/pages\/1322#wpcf7-f147-o1\" method=\"post\" class=\"wpcf7-form init\" novalidate=\"novalidate\" data-status=\"init\">\n<div style=\"display: none;\">\n<input type=\"hidden\" name=\"_wpcf7\" value=\"147\" \/>\n<input type=\"hidden\" name=\"_wpcf7_version\" value=\"5.5.3\" \/>\n<input type=\"hidden\" name=\"_wpcf7_locale\" value=\"it_IT\" \/>\n<input type=\"hidden\" name=\"_wpcf7_unit_tag\" value=\"wpcf7-f147-o1\" \/>\n<input type=\"hidden\" name=\"_wpcf7_container_post\" value=\"0\" \/>\n<input type=\"hidden\" name=\"_wpcf7_posted_data_hash\" value=\"\" \/>\n<input type=\"hidden\" name=\"_wpcf7cf_hidden_group_fields\" value=\"\" \/>\n<input type=\"hidden\" name=\"_wpcf7cf_hidden_groups\" value=\"\" \/>\n<input type=\"hidden\" name=\"_wpcf7cf_visible_groups\" value=\"\" \/>\n<input type=\"hidden\" name=\"_wpcf7cf_repeaters\" value=\"[]\" \/>\n<input type=\"hidden\" name=\"_wpcf7cf_steps\" value=\"{}\" \/>\n<input type=\"hidden\" name=\"_wpcf7cf_options\" value=\"{&quot;form_id&quot;:147,&quot;conditions&quot;:[{&quot;then_field&quot;:&quot;group-position&quot;,&quot;and_rules&quot;:[{&quot;if_field&quot;:&quot;candidature&quot;,&quot;operator&quot;:&quot;equals&quot;,&quot;if_value&quot;:&quot;Demande de position ouverte&quot;}]}],&quot;settings&quot;:{&quot;animation&quot;:&quot;yes&quot;,&quot;animation_intime&quot;:200,&quot;animation_outtime&quot;:200,&quot;conditions_ui&quot;:&quot;normal&quot;,&quot;notice_dismissed&quot;:false}}\" \/>\n<input type=\"hidden\" name=\"_wpcf7_recaptcha_response\" value=\"\" \/>\n<\/div>\n<div class=\"vc_col-xs-12 mb-2\">\n<span class=\"wpcf7-form-control-wrap name-surname\"><input type=\"text\" name=\"name-surname\" value=\"\" size=\"40\" class=\"wpcf7-form-control wpcf7-text wpcf7-validates-as-required\" aria-required=\"true\" aria-invalid=\"false\" placeholder=\"Pr\u00e9nom et nom *\" \/><\/span>\n<\/div>\n\n<div class=\"vc_col-xs-12 mb-2\">\n<span class=\"wpcf7-form-control-wrap email\"><input type=\"email\" name=\"email\" value=\"\" size=\"40\" class=\"wpcf7-form-control wpcf7-text wpcf7-email wpcf7-validates-as-required wpcf7-validates-as-email\" aria-required=\"true\" aria-invalid=\"false\" placeholder=\"E-mail *\" \/><\/span>\n<\/div>\n\n<div class=\"vc_col-xs-12 mb-2\">\n<span class=\"wpcf7-form-control-wrap phone\"><input type=\"tel\" name=\"phone\" value=\"\" size=\"40\" class=\"wpcf7-form-control wpcf7-text wpcf7-tel wpcf7-validates-as-tel\" aria-invalid=\"false\" placeholder=\"T\u00e9l\u00e9phone\" \/><\/span>\n<\/div>\n\n<div class=\"vc_col-xs-12 mb-2\">\n<span class=\"wpcf7-form-control-wrap address\"><input type=\"text\" name=\"address\" value=\"\" size=\"40\" class=\"wpcf7-form-control wpcf7-text\" aria-invalid=\"false\" placeholder=\"Votre adresse\" \/><\/span>\n<\/div>\n\n<div class=\"vc_col-xs-12 mb-2\">\n<span class=\"wpcf7-form-control-wrap candidature\"><select name=\"candidature\" class=\"wpcf7-form-control wpcf7-select wpcf7-validates-as-required\" aria-required=\"true\" aria-invalid=\"false\"><option value=\"\">Type d&#039;application *<\/option><option value=\"Candidature spontan\u00e9e\">Candidature spontan\u00e9e<\/option><option value=\"Demande de position ouverte\">Demande de position ouverte<\/option><\/select><\/span>\n<\/div>\n\n<div data-id=\"group-position\" data-orig_data_id=\"group-position\" data-clear_on_hide data-class=\"wpcf7cf_group\">\n<div class=\"vc_col-xs-12 mb-2\">\n<span class=\"wpcf7-form-control-wrap sector\"><select name=\"sector\" class=\"wpcf7-form-control wpcf7-select wpcf7-validates-as-required\" aria-required=\"true\" aria-invalid=\"false\"><option value=\"\">---<\/option><\/select><\/span>\n<\/div>\n\n<div class=\"vc_col-xs-12 mb-2\">\n<span class=\"wpcf7-form-control-wrap position\"><select name=\"position\" class=\"wpcf7-form-control wpcf7-select wpcf7-validates-as-required\" aria-required=\"true\" aria-invalid=\"false\"><option value=\"\">---<\/option><\/select><\/span>\n<\/div>\n<\/div>\n\n<div class=\"vc_col-xs-12 mb-2\">\n<p class=\"mtx-label mtx-accent text-uppercase mb-1 fw-bold\">T\u00e9l\u00e9charger votre CV *<\/p>\n<span class=\"wpcf7-form-control-wrap cv\"><input type=\"file\" size=\"40\" class=\"wpcf7-form-control wpcf7-drag-n-drop-file d-none\" aria-required=\"true\" aria-invalid=\"false\" multiple=\"multiple\" data-name=\"cv\" data-type=\"pdf|doc|docx\" data-limit=\"5242880\" data-min=\"1\" data-max=\"1\" data-id=\"147\" data-version=\"free version 1.3.6.2\" accept=\".pdf, .doc, .docx\" \/><\/span>\n<p class=\"mtx-label mtx-accent mb-2 fw-bold text-center mtx-small\">(Fichiers autoris\u00e9s: pdf,doc,docx - Taille maximum: 5MB)<\/p>\n<\/div>\n\n<div class=\"vc_col-xs-12 mb-2\">\n<span class=\"wpcf7-form-control-wrap message\"><textarea name=\"message\" cols=\"40\" rows=\"6\" class=\"wpcf7-form-control wpcf7-textarea mtx-textarea\" aria-invalid=\"false\" placeholder=\"Pr\u00e9sentation\"><\/textarea><\/span>\n<\/div>\n\n<div class=\"vc_col-xs-12 mb-4 mtx-col-ck\">\n<span class=\"wpcf7-form-control-wrap privacy\"><span class=\"wpcf7-form-control wpcf7-acceptance\"><span class=\"wpcf7-list-item\"><label><input type=\"checkbox\" name=\"privacy\" value=\"1\" aria-invalid=\"false\" class=\"mtx-privacy mtx-ck-label\" \/><span class=\"wpcf7-list-item-label\">Je d\u00e9clare avoir lu les informations et consens au traitement des donn\u00e9es aux fins indiqu\u00e9es dans <a href=\"\/fr\/confidentialite-travaillez-avec-nous\/\">information<\/a> *<\/span><\/label><\/span><\/span><\/span>\n<\/div>\n\n<div class=\"vc_col-xs-12 mtx-col-btn text-center\">\n<input type=\"submit\" value=\"Envoyer\" class=\"wpcf7-form-control has-spinner wpcf7-submit mtx-btn mtx-accent\" \/>\n<\/div><p style=\"display: none !important;\"><label>&#916;<textarea name=\"_wpcf7_ak_hp_textarea\" cols=\"45\" rows=\"8\" maxlength=\"100\"><\/textarea><\/label><input type=\"hidden\" id=\"ak_js\" name=\"_wpcf7_ak_js\" value=\"121\"\/><script>document.getElementById( \"ak_js\" ).setAttribute( \"value\", ( new Date() ).getTime() );<\/script><\/p><div class=\"wpcf7-response-output\" aria-hidden=\"true\"><\/div><\/form><\/div>[\/vc_column][\/vc_row]<\/p>\n","protected":false},"excerpt":{"rendered":"<p>[vc_row el_class=\u00a0\u00bbpb-5&Prime;][vc_column][\/vc_column][\/vc_row][vc_row el_class=\u00a0\u00bbpb-5&Prime;][vc_column offset=\u00a0\u00bbvc_col-md-offset-2 vc_col-md-8&Prime;][\/vc_column][\/vc_row]<\/p>\n","protected":false},"author":1,"featured_media":0,"parent":60,"menu_order":0,"comment_status":"closed","ping_status":"closed","template":"","meta":[],"acf":[],"_links":{"self":[{"href":"https:\/\/www.pm-group.eu\/fr\/wp-json\/wp\/v2\/pages\/1322"}],"collection":[{"href":"https:\/\/www.pm-group.eu\/fr\/wp-json\/wp\/v2\/pages"}],"about":[{"href":"https:\/\/www.pm-group.eu\/fr\/wp-json\/wp\/v2\/types\/page"}],"author":[{"embeddable":true,"href":"https:\/\/www.pm-group.eu\/fr\/wp-json\/wp\/v2\/users\/1"}],"replies":[{"embeddable":true,"href":"https:\/\/www.pm-group.eu\/fr\/wp-json\/wp\/v2\/comments?post=1322"}],"version-history":[{"count":4,"href":"https:\/\/www.pm-group.eu\/fr\/wp-json\/wp\/v2\/pages\/1322\/revisions"}],"predecessor-version":[{"id":1580,"href":"https:\/\/www.pm-group.eu\/fr\/wp-json\/wp\/v2\/pages\/1322\/revisions\/1580"}],"up":[{"embeddable":true,"href":"https:\/\/www.pm-group.eu\/fr\/wp-json\/wp\/v2\/pages\/60"}],"wp:attachment":[{"href":"https:\/\/www.pm-group.eu\/fr\/wp-json\/wp\/v2\/media?parent=1322"}],"curies":[{"name":"wp","href":"https:\/\/api.w.org\/{rel}","templated":true}]}}