{"id":760,"date":"2021-01-22T08:22:13","date_gmt":"2021-01-22T08:22:13","guid":{"rendered":"https:\/\/www.pm-group.eu\/?page_id=760"},"modified":"2021-05-24T13:11:39","modified_gmt":"2021-05-24T13:11:39","slug":"servicios-postventa","status":"publish","type":"page","link":"https:\/\/www.pm-group.eu\/es\/servicios\/servicios-postventa\/","title":{"rendered":"Servicios postventa"},"content":{"rendered":"<p>[vc_row el_class=\u00bbpb-5&#8243;][vc_column]<div id=\"ultimate-heading-906969fe94984afa1\" class=\"uvc-heading ult-adjust-bottom-margin ultimate-heading-906969fe94984afa1 uvc-3208 mtx-title-h2 pb-4 uvc-heading-default-font-sizes\" data-hspacer=\"no_spacer\"  data-halign=\"center\" style=\"text-align:center\"><div class=\"uvc-heading-spacer no_spacer\" style=\"top\"><\/div><div class=\"uvc-main-heading ult-responsive\"  data-ultimate-target='.uvc-heading.ultimate-heading-906969fe94984afa1 h2'  data-responsive-json-new='{\"font-size\":\"\",\"line-height\":\"\"}' ><h2 style=\"--font-weight:theme;\">Servicios postventa<\/h2><\/div><\/div>[vc_column_text el_class=\u00bbtext-center pb-4&#8243;]PM considera que un servicio postventa eficaz es esencial y estrat\u00e9gico para el desarrollo de su actividad en Italia y en el mundo.<\/p>\n<p>Su objetivo es que su clientela pueda estar tranquila de contar con un\u00a0servicio de asistencia t\u00e9cnica de alta calidad, capaz de intervenir tempestivamente y resolver todo tipo de problem\u00e1ticas.<\/p>\n<p>Para ello PM pone a disposici\u00f3n\u00a0una red capilar de Talleres Autorizados\u00a0(SERVICE PARTNERS) presentes en todo el territorio nacional y en los distintos mercados de referencia, con personal adecuadamente capacitado y constantemente actualizado por los t\u00e9cnicos de la casa matriz.[\/vc_column_text]<style type=\"text\/css\" data-type=\"the7_shortcodes-inline-css\">#default-btn-8f0c4e1f1ca961e386269a67cee5949e.ico-right-side > i {\n  margin-right: 0px;\n  margin-left: 8px;\n}\n#default-btn-8f0c4e1f1ca961e386269a67cee5949e > i {\n  margin-right: 8px;\n}\n#default-btn-8f0c4e1f1ca961e386269a67cee5949e * {\n  vertical-align: middle;\n}\n<\/style><div class=\"btn-align-center\"><a href=\"https:\/\/www.pm-group.eu\/es\/contactanos\/?subject=Solicitar%20asistencia%20de%20informaci\u00f3n&amp;office=Asistencia\" class=\"default-btn-shortcode dt-btn dt-btn-l link-hover-off mtx-btn mb-4 \" id=\"default-btn-8f0c4e1f1ca961e386269a67cee5949e\" title=\"Cont\u00e1ctanos\"><span>SOLICITAR ASISTENCIA<\/span><\/a><\/div><style type=\"text\/css\" data-type=\"the7_shortcodes-inline-css\">#default-btn-820bf6be52b4f9310b1e9c42f4349ac6.ico-right-side > i {\n  margin-right: 0px;\n  margin-left: 8px;\n}\n#default-btn-820bf6be52b4f9310b1e9c42f4349ac6 > i {\n  margin-right: 8px;\n}\n#default-btn-820bf6be52b4f9310b1e9c42f4349ac6 * {\n  vertical-align: middle;\n}\n<\/style><div class=\"btn-align-center\"><a href=\"http:\/\/www.pm-group.eu\/es\/servicios\/recambios-y-accesorios\/?noredirect=es-ES\" class=\"default-btn-shortcode dt-btn dt-btn-l link-hover-off mtx-btn \" id=\"default-btn-820bf6be52b4f9310b1e9c42f4349ac6\"><span>DESCUBRE LOS RECAMBIOS<\/span><\/a><\/div>[\/vc_column][\/vc_row][vc_row el_class=\u00bbpb-5&#8243;][vc_column css_animation=\u00bbnone\u00bb][vc_single_image image=\u00bb767&#8243; img_size=\u00bbfull\u00bb alignment=\u00bbcenter\u00bb el_class=\u00bbmtx-img\u00bb][\/vc_column][\/vc_row][vc_row el_class=\u00bbpb-5&#8243;][vc_column]<div id=\"ultimate-heading-509269fe94984b281\" class=\"uvc-heading ult-adjust-bottom-margin ultimate-heading-509269fe94984b281 uvc-3328 mtx-title-h2 pb-4 uvc-heading-default-font-sizes\" data-hspacer=\"no_spacer\"  data-halign=\"center\" style=\"text-align:center\"><div class=\"uvc-heading-spacer no_spacer\" style=\"top\"><\/div><div class=\"uvc-main-heading ult-responsive\"  data-ultimate-target='.uvc-heading.ultimate-heading-509269fe94984b281 h2'  data-responsive-json-new='{\"font-size\":\"\",\"line-height\":\"\"}' ><h2 style=\"--font-weight:theme;\">Encuentra el punto de servicios m\u00e1s cercano<\/h2><\/div><\/div>[vc_column_text el_class=\u00bbtext-center pb-4&#8243;]PM\u00a0Oil\u00a0&amp; Steel Spa es una empresa internacional con sede en Italia y distribuidores locales en todo el mundo.<\/p>\n<p>Nuestros centros de servicio reciben capacitaci\u00f3n directa de nuestra empresa y peri\u00f3dicamente se realizan en ellos cursos de actualizaci\u00f3n sobre las novedades de los productos, los sistemas y los dispositivos, garantizando as\u00ed un servicio de alta calidad y elevado valor para todos nuestros clientes.[\/vc_column_text]<style type=\"text\/css\" data-type=\"the7_shortcodes-inline-css\">#default-btn-9b53a44530e90280a63e6b82c008a4e0.ico-right-side > i {\n  margin-right: 0px;\n  margin-left: 8px;\n}\n#default-btn-9b53a44530e90280a63e6b82c008a4e0 > i {\n  margin-right: 8px;\n}\n#default-btn-9b53a44530e90280a63e6b82c008a4e0 * {\n  vertical-align: middle;\n}\n<\/style><div class=\"btn-align-center\"><a href=\"http:\/\/www.pm-group.eu\/es\/venta-y-servicios\/?noredirect=es-ES\" class=\"default-btn-shortcode dt-btn dt-btn-l link-hover-off mtx-btn \" id=\"default-btn-9b53a44530e90280a63e6b82c008a4e0\"><span>ENCUENTRA EL CENTRO M\u00c1S CERCANO<\/span><\/a><\/div>[\/vc_column][\/vc_row]<\/p>\n","protected":false},"excerpt":{"rendered":"<p>[vc_row el_class=\u00bbpb-5&#8243;][vc_column][vc_column_text el_class=\u00bbtext-center pb-4&#8243;]PM considera que un servicio postventa eficaz es esencial y estrat\u00e9gico para el desarrollo de su actividad en Italia y en el mundo. Su objetivo es que su clientela pueda estar tranquila de contar con un\u00a0servicio de asistencia t\u00e9cnica de alta calidad, capaz de intervenir tempestivamente y resolver todo tipo de problem\u00e1ticas.&hellip;<\/p>\n","protected":false},"author":1,"featured_media":763,"parent":740,"menu_order":0,"comment_status":"closed","ping_status":"closed","template":"","meta":[],"acf":[],"_links":{"self":[{"href":"https:\/\/www.pm-group.eu\/es\/wp-json\/wp\/v2\/pages\/760"}],"collection":[{"href":"https:\/\/www.pm-group.eu\/es\/wp-json\/wp\/v2\/pages"}],"about":[{"href":"https:\/\/www.pm-group.eu\/es\/wp-json\/wp\/v2\/types\/page"}],"author":[{"embeddable":true,"href":"https:\/\/www.pm-group.eu\/es\/wp-json\/wp\/v2\/users\/1"}],"replies":[{"embeddable":true,"href":"https:\/\/www.pm-group.eu\/es\/wp-json\/wp\/v2\/comments?post=760"}],"version-history":[{"count":5,"href":"https:\/\/www.pm-group.eu\/es\/wp-json\/wp\/v2\/pages\/760\/revisions"}],"predecessor-version":[{"id":1764,"href":"https:\/\/www.pm-group.eu\/es\/wp-json\/wp\/v2\/pages\/760\/revisions\/1764"}],"up":[{"embeddable":true,"href":"https:\/\/www.pm-group.eu\/es\/wp-json\/wp\/v2\/pages\/740"}],"wp:featuredmedia":[{"embeddable":true,"href":"https:\/\/www.pm-group.eu\/es\/wp-json\/wp\/v2\/media\/763"}],"wp:attachment":[{"href":"https:\/\/www.pm-group.eu\/es\/wp-json\/wp\/v2\/media?parent=760"}],"curies":[{"name":"wp","href":"https:\/\/api.w.org\/{rel}","templated":true}]}}