{"id":740,"date":"2021-01-21T17:36:14","date_gmt":"2021-01-21T17:36:14","guid":{"rendered":"https:\/\/www.pm-group.eu\/?page_id=740"},"modified":"2021-05-24T12:57:56","modified_gmt":"2021-05-24T12:57:56","slug":"servicios","status":"publish","type":"page","link":"https:\/\/www.pm-group.eu\/es\/servicios\/","title":{"rendered":"Servicios"},"content":{"rendered":"<p>[vc_row el_class=\u00bbpb-5&#8243;][vc_column]<div id=\"ultimate-heading-881569fe923cac352\" class=\"uvc-heading ult-adjust-bottom-margin ultimate-heading-881569fe923cac352 uvc-2894 mtx-title-h2 pb-4 uvc-heading-default-font-sizes\" data-hspacer=\"no_spacer\"  data-halign=\"center\" style=\"text-align:center\"><div class=\"uvc-heading-spacer no_spacer\" style=\"top\"><\/div><div class=\"uvc-main-heading ult-responsive\"  data-ultimate-target='.uvc-heading.ultimate-heading-881569fe923cac352 h2'  data-responsive-json-new='{\"font-size\":\"\",\"line-height\":\"\"}' ><h2 style=\"--font-weight:theme;\">Nuestros servicios<\/h2><\/div><\/div>[vc_column_text el_class=\u00bbtext-center\u00bb]Nuestro objetivo es ser siempre los mejores\u00a0partners\u00a0para nuestros clientes.<\/p>\n<p>PM ha creado PM\u00a0Service, porque para nuestra empresa el servicio no significa solo dar soporte t\u00e9cnico, sino tambi\u00e9n garantizar y proteger el valor de tus gr\u00faas.\u00a0Somos conscientes de la importancia de nuestro rol en el servicio y trabajamos arduamente para reducir los tiempos de parada de la gr\u00faa, porque sabemos que esto es clave para la optimizaci\u00f3n de las ganancias de nuestros clientes.<\/p>\n<p>La confianza de nuestros clientes es nuestra promesa de calidad de servicio y precisamente por ello nos comprometemos constantemente en la formaci\u00f3n y la evaluaci\u00f3n de nuestros\u00a0partners\u00a0de la red postventa en todo el mundo.[\/vc_column_text][\/vc_column][\/vc_row][vc_row equal_height=\u00bbyes\u00bb content_placement=\u00bbmiddle\u00bb bg_type=\u00bbimage\u00bb parallax_style=\u00bbvcpb-default\u00bb bg_image_new=\u00bbid^743|url^https:\/\/www.pm-group.eu\/wp-content\/uploads\/2021\/01\/pm_services_services.jpg|caption^null|alt^null|title^pm_services_services|description^null\u00bb bg_image_repeat=\u00bbno-repeat\u00bb bg_img_attach=\u00bbfixed\u00bb bg_image_posiiton=\u00bbcenter center\u00bb bg_override=\u00bbex-full\u00bb el_class=\u00bbpy-5 mb-5 mtx-row-gradient\u00bb][vc_column css_animation=\u00bbnone\u00bb][\/vc_column][\/vc_row][vc_row equal_height=\u00bbyes\u00bb el_class=\u00bbpb-5&#8243;][vc_column css_animation=\u00bbnone\u00bb][vc_row_inner el_class=\u00bbpb-5&#8243;][vc_column_inner][vc_column_text el_class=\u00bbtext-center pb-4&#8243;]PM dispone de una red global de centros de servicio y\u00a0partners, siempre listos para brindar soporte y asistencia t\u00e9cnica.<\/p>\n<p>Descubre tu centro de servicio m\u00e1s cercano.[\/vc_column_text]<style type=\"text\/css\" data-type=\"the7_shortcodes-inline-css\">#default-btn-9b53a44530e90280a63e6b82c008a4e0.ico-right-side > i {\n  margin-right: 0px;\n  margin-left: 8px;\n}\n#default-btn-9b53a44530e90280a63e6b82c008a4e0 > i {\n  margin-right: 8px;\n}\n#default-btn-9b53a44530e90280a63e6b82c008a4e0 * {\n  vertical-align: middle;\n}\n<\/style><div class=\"btn-align-center\"><a href=\"http:\/\/www.pm-group.eu\/es\/venta-y-servicios\/?noredirect=es-ES\" class=\"default-btn-shortcode dt-btn dt-btn-l link-hover-off mtx-btn \" id=\"default-btn-9b53a44530e90280a63e6b82c008a4e0\"><span>DESCUBRE M\u00c1S]<\/span><\/a><\/div>[\/vc_column_inner][\/vc_row_inner][vc_row_inner el_class=\u00bbpy-5&#8243;][vc_column_inner]<div id=\"ultimate-heading-256369fe923cacce6\" class=\"uvc-heading ult-adjust-bottom-margin ultimate-heading-256369fe923cacce6 uvc-4877 mtx-title-h2 pb-4 uvc-heading-default-font-sizes\" data-hspacer=\"no_spacer\"  data-halign=\"center\" style=\"text-align:center\"><div class=\"uvc-heading-spacer no_spacer\" style=\"top\"><\/div><div class=\"uvc-main-heading ult-responsive\"  data-ultimate-target='.uvc-heading.ultimate-heading-256369fe923cacce6 h2'  data-responsive-json-new='{\"font-size\":\"\",\"line-height\":\"\"}' ><h2 style=\"--font-weight:theme;\">Misi\u00f3n<\/h2><\/div><\/div>[vc_column_text el_class=\u00bbtext-center\u00bb]Garantizar la plena satisfacci\u00f3n del cliente, asegur\u00e1ndole una presencia constante y prestando particular atenci\u00f3n a sus necesidades, es \u00e9sta la filosof\u00eda que gu\u00eda la divisi\u00f3n PM\u00a0Service.<\/p>\n<p>Llegar velozmente al coraz\u00f3n del problema es el esp\u00edritu con el cual el personal especializado de PM afronta las solicitudes de asistencia t\u00e9cnica y el pedido de recambios y accesorios.<\/p>\n<p>Los t\u00e9cnicos PM est\u00e1n listos en todo momento para responder a las solicitudes de intervenci\u00f3n, brindando la respuesta adecuada o activando el centro de servicio m\u00e1s cercano.<\/p>\n<p>Para saber m\u00e1s sobre los servicios postventa garantizados por PM\u00a0Service, te invitamos a consultar las \u00e1reas dedicadas:\u00a0Recambios, Postventa, Nueva garant\u00eda y Formaci\u00f3n.[\/vc_column_text][\/vc_column_inner][\/vc_row_inner][vc_row_inner][vc_column_inner el_class=\u00bbpb-5 pb-md-0&#8243; width=\u00bb1\/3&#8243;]<div class=\"aio-icon-component   mtx-info-box style_1\"><a class=\"aio-icon-box-link\" href=\"http:\/\/www.pm-group.eu\/es\/servicios\/servicios-postventa\/?noredirect=es-ES\" ><div id=\"Info-box-wrap-5661\" class=\"aio-icon-box top-icon\" style=\"\"  ><div class=\"aio-icon-top\"><div class=\"ult-just-icon-wrapper  \"><div class=\"align-icon\" style=\"text-align:center;\">\n<div class=\"aio-icon-img \" style=\"font-size:71px;display:inline-block;\" >\n\t<img class=\"img-icon\" alt=\"null\" src=\"https:\/\/www.pm-group.eu\/es\/wp-content\/uploads\/sites\/5\/2021\/01\/pm_icon_aftersale.png\"\/>\n<\/div><\/div><\/div><\/div><div class=\"aio-icon-header\" ><h3 class=\"aio-icon-title ult-responsive\"  data-ultimate-target='#Info-box-wrap-5661 .aio-icon-title'  data-responsive-json-new='{\"font-size\":\"\",\"line-height\":\"\"}'  style=\"\">Postventa<\/h3><\/div> <!-- header --><\/div> <!-- aio-icon-box --><\/a><\/div> <!-- aio-icon-component -->[\/vc_column_inner][vc_column_inner el_class=\u00bbpb-5 pb-md-0&#8243; width=\u00bb1\/3&#8243;]<div class=\"aio-icon-component   mtx-info-box style_1\"><a class=\"aio-icon-box-link\" href=\"http:\/\/www.pm-group.eu\/es\/servicios\/recambios-y-accesorios\/?noredirect=es-ES\" ><div id=\"Info-box-wrap-9048\" class=\"aio-icon-box top-icon\" style=\"\"  ><div class=\"aio-icon-top\"><div class=\"ult-just-icon-wrapper  \"><div class=\"align-icon\" style=\"text-align:center;\">\n<div class=\"aio-icon-img \" style=\"font-size:71px;display:inline-block;\" >\n\t<img class=\"img-icon\" alt=\"null\" src=\"https:\/\/www.pm-group.eu\/es\/wp-content\/uploads\/sites\/5\/2021\/01\/pm_icon_spare-parts.png\"\/>\n<\/div><\/div><\/div><\/div><div class=\"aio-icon-header\" ><h3 class=\"aio-icon-title ult-responsive\"  data-ultimate-target='#Info-box-wrap-9048 .aio-icon-title'  data-responsive-json-new='{\"font-size\":\"\",\"line-height\":\"\"}'  style=\"\">Recambios<\/h3><\/div> <!-- header --><\/div> <!-- aio-icon-box --><\/a><\/div> <!-- aio-icon-component -->[\/vc_column_inner][vc_column_inner el_class=\u00bbpb-5 pb-md-0&#8243; width=\u00bb1\/3&#8243;]<div class=\"aio-icon-component   mtx-info-box style_1\"><a class=\"aio-icon-box-link\" href=\"http:\/\/212.210.91.198\/cas\/login?service=http%3A%2F%2F212.210.91.198%2Fc%2Fportal%2Flogin%3Fredirect%3D%252Fgroup%252Fpm%26p_l_id%3D11218\" ><div id=\"Info-box-wrap-8695\" class=\"aio-icon-box top-icon\" style=\"\"  ><div class=\"aio-icon-top\"><div class=\"ult-just-icon-wrapper  \"><div class=\"align-icon\" style=\"text-align:center;\">\n<div class=\"aio-icon-img \" style=\"font-size:71px;display:inline-block;\" >\n\t<img class=\"img-icon\" alt=\"null\" src=\"https:\/\/www.pm-group.eu\/es\/wp-content\/uploads\/sites\/5\/2021\/01\/pm_icon_warranty.png\"\/>\n<\/div><\/div><\/div><\/div><div class=\"aio-icon-header\" ><h3 class=\"aio-icon-title ult-responsive\"  data-ultimate-target='#Info-box-wrap-8695 .aio-icon-title'  data-responsive-json-new='{\"font-size\":\"\",\"line-height\":\"\"}'  style=\"\">Nueva garant\u00eda<\/h3><\/div> <!-- header --><\/div> <!-- aio-icon-box --><\/a><\/div> <!-- aio-icon-component -->[\/vc_column_inner][\/vc_row_inner][\/vc_column][\/vc_row][vc_row equal_height=\u00bbyes\u00bb el_class=\u00bbpb-5&#8243;][vc_column css_animation=\u00bbnone\u00bb][vc_row_inner el_class=\u00bbpy-5&#8243;][vc_column_inner]<div id=\"ultimate-heading-221569fe923cae3c7\" class=\"uvc-heading ult-adjust-bottom-margin ultimate-heading-221569fe923cae3c7 uvc-9025 mtx-title-h2 pb-4 uvc-heading-default-font-sizes\" data-hspacer=\"no_spacer\"  data-halign=\"center\" style=\"text-align:center\"><div class=\"uvc-heading-spacer no_spacer\" style=\"top\"><\/div><div class=\"uvc-main-heading ult-responsive\"  data-ultimate-target='.uvc-heading.ultimate-heading-221569fe923cae3c7 h2'  data-responsive-json-new='{\"font-size\":\"\",\"line-height\":\"\"}' ><h2 style=\"--font-weight:theme;margin-bottom:33px;\">Formaci\u00f3n<\/h2><\/div><div class=\"uvc-sub-heading ult-responsive\"  data-ultimate-target='.uvc-heading.ultimate-heading-221569fe923cae3c7 .uvc-sub-heading h2'  data-responsive-json-new='{\"font-size\":\"\",\"line-height\":\"\"}' ><h2 style=\"font-weight:normal;\">CURSOS DE HABILITACI\u00d3N PARA OPERADORES DE GR\u00daAS DE CARGA<\/p>\n<p>SEGURIDAD AL ALCANCE DE LA MANO ...PARA EL OPERADOR Y TAMBI\u00c9N PARA EL EMPRESARIO<\/h2><\/div><\/div>[\/vc_column_inner][\/vc_row_inner][vc_row_inner equal_height=\u00bbyes\u00bb content_placement=\u00bbmiddle\u00bb][vc_column_inner width=\u00bb1\/2&#8243;][vc_single_image image=\u00bb755&#8243; img_size=\u00bbfull\u00bb alignment=\u00bbcenter\u00bb el_class=\u00bbmtx-img\u00bb][\/vc_column_inner][vc_column_inner el_class=\u00bbpl-md-5&#8243; width=\u00bb1\/2&#8243;][vc_column_text el_class=\u00bbpb-4 text-center-xs\u00bb]PM, desde siempre atenta a las problem\u00e1ticas vinculadas a la seguridad del usuario final de las gr\u00faas, organiza cursos de formaci\u00f3n en todo Italia, para operar en modo seguro con las gr\u00faas de carga, especialmente si est\u00e1n montadas en camiones.[\/vc_column_text]<style type=\"text\/css\" data-type=\"the7_shortcodes-inline-css\">#default-btn-99ad77c36021aed949b15ed9bb4800d3.ico-right-side > i {\n  margin-right: 0px;\n  margin-left: 8px;\n}\n#default-btn-99ad77c36021aed949b15ed9bb4800d3 > i {\n  margin-right: 8px;\n}\n#default-btn-99ad77c36021aed949b15ed9bb4800d3 * {\n  vertical-align: middle;\n}\n<\/style><div class=\"btn-align-left\"><a href=\"http:\/\/www.pm-group.eu\/es\/contactanos\/?subjec7=Solicitud%20de%20informaci\u00f3n%20de%20formaci\u00f3n&amp;office=Capacitaci\u00f3n\" class=\"default-btn-shortcode dt-btn dt-btn-l link-hover-off mtx-btn \" id=\"default-btn-99ad77c36021aed949b15ed9bb4800d3\"><span>Descubre m\u00e1s<\/span><\/a><\/div>[\/vc_column_inner][\/vc_row_inner][\/vc_column][\/vc_row]<\/p>\n","protected":false},"excerpt":{"rendered":"<p>[vc_row el_class=\u00bbpb-5&#8243;][vc_column][vc_column_text el_class=\u00bbtext-center\u00bb]Nuestro objetivo es ser siempre los mejores\u00a0partners\u00a0para nuestros clientes. PM ha creado PM\u00a0Service, porque para nuestra empresa el servicio no significa solo dar soporte t\u00e9cnico, sino tambi\u00e9n garantizar y proteger el valor de tus gr\u00faas.\u00a0Somos conscientes de la importancia de nuestro rol en el servicio y trabajamos arduamente para reducir los tiempos de&hellip;<\/p>\n","protected":false},"author":1,"featured_media":742,"parent":0,"menu_order":0,"comment_status":"closed","ping_status":"closed","template":"","meta":[],"acf":[],"_links":{"self":[{"href":"https:\/\/www.pm-group.eu\/es\/wp-json\/wp\/v2\/pages\/740"}],"collection":[{"href":"https:\/\/www.pm-group.eu\/es\/wp-json\/wp\/v2\/pages"}],"about":[{"href":"https:\/\/www.pm-group.eu\/es\/wp-json\/wp\/v2\/types\/page"}],"author":[{"embeddable":true,"href":"https:\/\/www.pm-group.eu\/es\/wp-json\/wp\/v2\/users\/1"}],"replies":[{"embeddable":true,"href":"https:\/\/www.pm-group.eu\/es\/wp-json\/wp\/v2\/comments?post=740"}],"version-history":[{"count":5,"href":"https:\/\/www.pm-group.eu\/es\/wp-json\/wp\/v2\/pages\/740\/revisions"}],"predecessor-version":[{"id":1763,"href":"https:\/\/www.pm-group.eu\/es\/wp-json\/wp\/v2\/pages\/740\/revisions\/1763"}],"wp:featuredmedia":[{"embeddable":true,"href":"https:\/\/www.pm-group.eu\/es\/wp-json\/wp\/v2\/media\/742"}],"wp:attachment":[{"href":"https:\/\/www.pm-group.eu\/es\/wp-json\/wp\/v2\/media?parent=740"}],"curies":[{"name":"wp","href":"https:\/\/api.w.org\/{rel}","templated":true}]}}