{"id":723,"date":"2021-01-21T16:39:15","date_gmt":"2021-01-21T16:39:15","guid":{"rendered":"https:\/\/www.pm-group.eu\/?page_id=723"},"modified":"2025-11-26T17:37:25","modified_gmt":"2025-11-26T16:37:25","slug":"establecimientos-y-filiales","status":"publish","type":"page","link":"https:\/\/www.pm-group.eu\/es\/empresa\/establecimientos-y-filiales\/","title":{"rendered":"Establecimientos y filiales"},"content":{"rendered":"<p>[vc_row equal_height=\u00bbyes\u00bb content_placement=\u00bbmiddle\u00bb el_class=\u00bbpb-5&#8243;][vc_column css_animation=\u00bbnone\u00bb width=\u00bb2\/3&#8243; el_class=\u00bbpb-4 pb-md-0&#8243;]<div id=\"ultimate-heading-314669f84a75325c5\" class=\"uvc-heading ult-adjust-bottom-margin ultimate-heading-314669f84a75325c5 uvc-4427 mtx-title-h2 text-center-xs pb-4 uvc-heading-default-font-sizes\" data-hspacer=\"no_spacer\"  data-halign=\"left\" style=\"text-align:left\"><div class=\"uvc-heading-spacer no_spacer\" style=\"top\"><\/div><div class=\"uvc-main-heading ult-responsive\"  data-ultimate-target='.uvc-heading.ultimate-heading-314669f84a75325c5 h2'  data-responsive-json-new='{\"font-size\":\"\",\"line-height\":\"\"}' ><h2 style=\"--font-weight:theme;\">Nuestra sede: PM Oil &amp; Steel Spa - Italia<\/h2><\/div><\/div>[vc_column_text el_class=\u00bbtext-center-xs\u00bb]En agosto del a\u00f1o 2004 PM traslad\u00f3 su hist\u00f3rica sede principal de M\u00f3dena a San Cesario Sul\u00a0Panaro\u00a0(MO &#8211; Italia).\u00a0El traslado se concretiz\u00f3 luego de la construcci\u00f3n de una modern\u00edsima estructura que hoy aloja las oficinas de direcci\u00f3n y todos los departamentos de la empresa: comercial, marketing, dise\u00f1o t\u00e9cnico, I&amp;D, administrativo, asistencia t\u00e9cnica, recambios y recursos humanos.<\/p>\n<p>&nbsp;<\/p>\n<p>Sede Legal:<br \/>\nPM\u00a0Oil\u00a0&amp; Steel Spa<br \/>\nVia\u00a0G. Verdi 22<br \/>\n41018\u00a0San\u00a0Cesario\u00a0sul\u00a0Panaro\u00a0(Modena)<br \/>\nItalia<br \/>\nTel.:\u00a0+39 059 936811<br \/>\nFax:\u00a0+39 059 936800[\/vc_column_text][\/vc_column][vc_column css_animation=\u00bbnone\u00bb width=\u00bb1\/3&#8243;][vc_single_image image=\u00bb664&#8243; img_size=\u00bbfull\u00bb alignment=\u00bbcenter\u00bb onclick=\u00bblink_image\u00bb css_animation=\u00bbnone\u00bb el_class=\u00bbmtx-img text-center-xs\u00bb][\/vc_column][\/vc_row][vc_row el_class=\u00bbpy-5&#8243;][vc_column][vc_row_inner][vc_column_inner]<div id=\"ultimate-heading-547569f84a753261a\" class=\"uvc-heading ult-adjust-bottom-margin ultimate-heading-547569f84a753261a uvc-2152 mtx-title-h2 pb-5 uvc-heading-default-font-sizes\" data-hspacer=\"no_spacer\"  data-halign=\"center\" style=\"text-align:center\"><div class=\"uvc-heading-spacer no_spacer\" style=\"top\"><\/div><div class=\"uvc-main-heading ult-responsive\"  data-ultimate-target='.uvc-heading.ultimate-heading-547569f84a753261a h2'  data-responsive-json-new='{\"font-size\":\"\",\"line-height\":\"\"}' ><h2 style=\"--font-weight:theme;\">Filiales Comerciales<\/h2><\/div><\/div>[\/vc_column_inner][\/vc_row_inner][vc_row_inner equal_height=\u00bbyes\u00bb el_class=\u00bbpb-5&#8243;][vc_column_inner el_class=\u00bbpb-5&#8243; width=\u00bb1\/3&#8243;]<div class=\"aio-icon-component   mtx-info-box style_1\"><div id=\"Info-box-wrap-6960\" class=\"aio-icon-box top-icon\" style=\"\"  ><div class=\"aio-icon-top\"><div class=\"ult-just-icon-wrapper  \"><div class=\"align-icon\" style=\"text-align:center;\">\n<div class=\"aio-icon-img \" style=\"font-size:206px;display:inline-block;\" >\n\t<img class=\"img-icon\" alt=\"null\" src=\"https:\/\/www.pm-group.eu\/es\/wp-content\/uploads\/sites\/5\/2023\/02\/ManitexInternational_ApplicationEveryBrands.png\"\/>\n<\/div><\/div><\/div><\/div><div class=\"aio-icon-header\" ><h3 class=\"aio-icon-title ult-responsive\"  data-ultimate-target='#Info-box-wrap-6960 .aio-icon-title'  data-responsive-json-new='{\"font-size\":\"\",\"line-height\":\"\"}'  style=\"\">PM ASIA<\/h3><\/div> <!-- header --><div class=\"aio-icon-description ult-responsive\"  data-ultimate-target='#Info-box-wrap-6960 .aio-icon-description'  data-responsive-json-new='{\"font-size\":\"\",\"line-height\":\"\"}'  style=\"\">presso Beng Hock Mechanical<br \/>\nEngineering Pte Ltd<br \/>\n11 Sungei Kadut Street 4<br \/>\n729041 Singapore<br \/>\nTel.: +65 9847 0210<\/div> <!-- description --><\/div> <!-- aio-icon-box --><\/div> <!-- aio-icon-component -->[\/vc_column_inner][vc_column_inner el_class=\u00bbpb-5&#8243; width=\u00bb1\/3&#8243;]<div class=\"aio-icon-component   mtx-info-box style_1\"><div id=\"Info-box-wrap-4939\" class=\"aio-icon-box top-icon\" style=\"\"  ><div class=\"aio-icon-top\"><div class=\"ult-just-icon-wrapper  \"><div class=\"align-icon\" style=\"text-align:center;\">\n<div class=\"aio-icon-img \" style=\"font-size:206px;display:inline-block;\" >\n\t<img class=\"img-icon\" alt=\"null\" src=\"https:\/\/www.pm-group.eu\/es\/wp-content\/uploads\/sites\/5\/2023\/02\/ManitexInternational_ApplicationEveryBrands.png\"\/>\n<\/div><\/div><\/div><\/div><div class=\"aio-icon-header\" ><h3 class=\"aio-icon-title ult-responsive\"  data-ultimate-target='#Info-box-wrap-4939 .aio-icon-title'  data-responsive-json-new='{\"font-size\":\"\",\"line-height\":\"\"}'  style=\"\">PM OIL&amp;STEEL IBERICA SL Valencia<\/h3><\/div> <!-- header --><div class=\"aio-icon-description ult-responsive\"  data-ultimate-target='#Info-box-wrap-4939 .aio-icon-description'  data-responsive-json-new='{\"font-size\":\"\",\"line-height\":\"\"}'  style=\"\">Ctra Nacional III 339<br \/>\n46190 Riba-Roja del Turia,<br \/>\nValencia, Spain<br \/>\nTel.: +34 902 636 778<br \/>\nFax: +34 902 636 779<\/div> <!-- description --><\/div> <!-- aio-icon-box --><\/div> <!-- aio-icon-component -->[\/vc_column_inner][vc_column_inner el_class=\u00bbpb-5&#8243; width=\u00bb1\/3&#8243;]<div class=\"aio-icon-component   mtx-info-box style_1\"><div id=\"Info-box-wrap-4112\" class=\"aio-icon-box top-icon\" style=\"\"  ><div class=\"aio-icon-top\"><div class=\"ult-just-icon-wrapper  \"><div class=\"align-icon\" style=\"text-align:center;\">\n<div class=\"aio-icon-img \" style=\"font-size:206px;display:inline-block;\" >\n\t<img class=\"img-icon\" alt=\"null\" src=\"https:\/\/www.pm-group.eu\/es\/wp-content\/uploads\/sites\/5\/2023\/02\/ManitexInternational_ApplicationEveryBrands.png\"\/>\n<\/div><\/div><\/div><\/div><div class=\"aio-icon-header\" ><h3 class=\"aio-icon-title ult-responsive\"  data-ultimate-target='#Info-box-wrap-4112 .aio-icon-title'  data-responsive-json-new='{\"font-size\":\"\",\"line-height\":\"\"}'  style=\"\">PM OIL&amp;STEEL FRANCE<\/h3><\/div> <!-- header --><div class=\"aio-icon-description ult-responsive\"  data-ultimate-target='#Info-box-wrap-4112 .aio-icon-description'  data-responsive-json-new='{\"font-size\":\"\",\"line-height\":\"\"}'  style=\"\">Amaury PAPIN<br \/>\n+33(0) 6 15 51 63 56<br \/>\n<a href=\"mailto:amaury.papin@tadano.com\">amaury.papin@tadano.com<\/a><br \/>\n151, Impasse de la Balme<br \/>\n69800, Saint- Priest (FR)<\/div> <!-- description --><\/div> <!-- aio-icon-box --><\/div> <!-- aio-icon-component -->[\/vc_column_inner][vc_column_inner width=\u00bb1\/3&#8243;]<div class=\"aio-icon-component   mtx-info-box style_1\"><div id=\"Info-box-wrap-4191\" class=\"aio-icon-box top-icon\" style=\"\"  ><div class=\"aio-icon-top\"><div class=\"ult-just-icon-wrapper  \"><div class=\"align-icon\" style=\"text-align:center;\">\n<div class=\"aio-icon-img \" style=\"font-size:206px;display:inline-block;\" >\n\t<img class=\"img-icon\" alt=\"null\" src=\"https:\/\/www.pm-group.eu\/es\/wp-content\/uploads\/sites\/5\/2023\/02\/ManitexInternational_ApplicationEveryBrands.png\"\/>\n<\/div><\/div><\/div><\/div><div class=\"aio-icon-header\" ><h3 class=\"aio-icon-title ult-responsive\"  data-ultimate-target='#Info-box-wrap-4191 .aio-icon-title'  data-responsive-json-new='{\"font-size\":\"\",\"line-height\":\"\"}'  style=\"\">PM ARGENTINA SISTEMAS DE ELEVACION SA<\/h3><\/div> <!-- header --><div class=\"aio-icon-description ult-responsive\"  data-ultimate-target='#Info-box-wrap-4191 .aio-icon-description'  data-responsive-json-new='{\"font-size\":\"\",\"line-height\":\"\"}'  style=\"\">Predio Industrial La Papelera<br \/>\nIntendente Neyer, 1133 Unid. 15<br \/>\nC.P. 1643 &#8211; Beccar &#8211; Prov. de<br \/>\nBuenos Aires &#8211; Argentina<br \/>\nTel: +5411 4732-9008 \/ +54 11 4747<br \/>\n8003<\/div> <!-- description --><\/div> <!-- aio-icon-box --><\/div> <!-- aio-icon-component -->[\/vc_column_inner][vc_column_inner width=\u00bb1\/3&#8243;]<div class=\"aio-icon-component   mtx-info-box style_1\"><div id=\"Info-box-wrap-6279\" class=\"aio-icon-box top-icon\" style=\"\"  ><div class=\"aio-icon-top\"><div class=\"ult-just-icon-wrapper  \"><div class=\"align-icon\" style=\"text-align:center;\">\n<div class=\"aio-icon-img \" style=\"font-size:206px;display:inline-block;\" >\n\t<img class=\"img-icon\" alt=\"null\" src=\"https:\/\/www.pm-group.eu\/es\/wp-content\/uploads\/sites\/5\/2023\/02\/ManitexInternational_ApplicationEveryBrands.png\"\/>\n<\/div><\/div><\/div><\/div><div class=\"aio-icon-header\" ><h3 class=\"aio-icon-title ult-responsive\"  data-ultimate-target='#Info-box-wrap-6279 .aio-icon-title'  data-responsive-json-new='{\"font-size\":\"\",\"line-height\":\"\"}'  style=\"\">PM MEXICO<\/h3><\/div> <!-- header --><div class=\"aio-icon-description ult-responsive\"  data-ultimate-target='#Info-box-wrap-6279 .aio-icon-description'  data-responsive-json-new='{\"font-size\":\"\",\"line-height\":\"\"}'  style=\"\">Carretera Queretaro- Mexico KM<br \/>\n201.5 , Bodega #50<br \/>\nEurobusiness Park El Marqu\u00e9s,<br \/>\nColonia Cumbres de Con\u00edn Tercera<br \/>\nSecci\u00f3n, Mcpio. El Marqu\u00e9s,<br \/>\nCP. 76246, Queretaro<br \/>\nMexico<\/div> <!-- description --><\/div> <!-- aio-icon-box --><\/div> <!-- aio-icon-component -->[\/vc_column_inner][vc_column_inner width=\u00bb1\/3&#8243;]<div class=\"aio-icon-component   mtx-info-box style_1\"><div id=\"Info-box-wrap-7475\" class=\"aio-icon-box top-icon\" style=\"\"  ><div class=\"aio-icon-top\"><div class=\"ult-just-icon-wrapper  \"><div class=\"align-icon\" style=\"text-align:center;\">\n<div class=\"aio-icon-img \" style=\"font-size:206px;display:inline-block;\" >\n\t<img class=\"img-icon\" alt=\"null\" src=\"https:\/\/www.pm-group.eu\/es\/wp-content\/uploads\/sites\/5\/2023\/02\/ManitexInternational_ApplicationEveryBrands.png\"\/>\n<\/div><\/div><\/div><\/div><div class=\"aio-icon-header\" ><h3 class=\"aio-icon-title ult-responsive\"  data-ultimate-target='#Info-box-wrap-7475 .aio-icon-title'  data-responsive-json-new='{\"font-size\":\"\",\"line-height\":\"\"}'  style=\"\">PM Cile S.p.A<\/h3><\/div> <!-- header --><div class=\"aio-icon-description ult-responsive\"  data-ultimate-target='#Info-box-wrap-7475 .aio-icon-description'  data-responsive-json-new='{\"font-size\":\"\",\"line-height\":\"\"}'  style=\"\">Alcalde Guzm\u00e1n n\u00b0 0121,<br \/>\nGalp\u00f3n, Pyme 3<br \/>\nQuilicura &#8211; Santiago &#8211; Cile<br \/>\nTel.: (+56) 2 2 763 0300<\/div> <!-- description --><\/div> <!-- aio-icon-box --><\/div> <!-- aio-icon-component -->[\/vc_column_inner][\/vc_row_inner][vc_row_inner][vc_column_inner]<div id=\"ultimate-heading-713769f84a753653c\" class=\"uvc-heading ult-adjust-bottom-margin ultimate-heading-713769f84a753653c uvc-2477 mtx-title-h2 pb-5 uvc-heading-default-font-sizes\" data-hspacer=\"no_spacer\"  data-halign=\"center\" style=\"text-align:center\"><div class=\"uvc-heading-spacer no_spacer\" style=\"top\"><\/div><div class=\"uvc-main-heading ult-responsive\"  data-ultimate-target='.uvc-heading.ultimate-heading-713769f84a753653c h2'  data-responsive-json-new='{\"font-size\":\"\",\"line-height\":\"\"}' ><h2 style=\"--font-weight:theme;\">Plantas de producci\u00f3n<\/h2><\/div><\/div>[\/vc_column_inner][\/vc_row_inner][vc_row_inner equal_height=\u00bbyes\u00bb el_class=\u00bbpb-5&#8243;][vc_column_inner width=\u00bb1\/3&#8243; offset=\u00bbvc_col-sm-offset-2&#8243;]<div class=\"aio-icon-component   mtx-info-box style_1\"><div id=\"Info-box-wrap-6817\" class=\"aio-icon-box top-icon\" style=\"\"  ><div class=\"aio-icon-top\"><div class=\"ult-just-icon-wrapper  \"><div class=\"align-icon\" style=\"text-align:center;\">\n<div class=\"aio-icon-img \" style=\"font-size:206px;display:inline-block;\" >\n\t<img class=\"img-icon\" alt=\"null\" src=\"https:\/\/www.pm-group.eu\/es\/wp-content\/uploads\/sites\/5\/2024\/12\/ManitexInternationalGroup_PMGroup_OilSteel.png\"\/>\n<\/div><\/div><\/div><\/div><div class=\"aio-icon-header\" ><h3 class=\"aio-icon-title ult-responsive\"  data-ultimate-target='#Info-box-wrap-6817 .aio-icon-title'  data-responsive-json-new='{\"font-size\":\"\",\"line-height\":\"\"}'  style=\"\">Sede de San Cesario sul Panaro, Modena, Italia<\/h3><\/div> <!-- header --><div class=\"aio-icon-description ult-responsive\"  data-ultimate-target='#Info-box-wrap-6817 .aio-icon-description'  data-responsive-json-new='{\"font-size\":\"\",\"line-height\":\"\"}'  style=\"\">Strada modenese 4985<br \/>\n41018 San Cesario sul Panaro (Modena)<br \/>\nItalia<br \/>\nTel.: +39 059 936811<br \/>\nFax: +39 059936800<\/div> <!-- description --><\/div> <!-- aio-icon-box --><\/div> <!-- aio-icon-component -->[\/vc_column_inner][vc_column_inner width=\u00bb1\/3&#8243;]<div class=\"aio-icon-component   mtx-info-box style_1\"><div id=\"Info-box-wrap-5907\" class=\"aio-icon-box top-icon\" style=\"\"  ><div class=\"aio-icon-top\"><div class=\"ult-just-icon-wrapper  \"><div class=\"align-icon\" style=\"text-align:center;\">\n<div class=\"aio-icon-img \" style=\"font-size:206px;display:inline-block;\" >\n\t<img class=\"img-icon\" alt=\"null\" src=\"https:\/\/www.pm-group.eu\/es\/wp-content\/uploads\/sites\/5\/2024\/12\/ManitexInternationalGroup_PMGroup_OilSteel.png\"\/>\n<\/div><\/div><\/div><\/div><div class=\"aio-icon-header\" ><h3 class=\"aio-icon-title ult-responsive\"  data-ultimate-target='#Info-box-wrap-5907 .aio-icon-title'  data-responsive-json-new='{\"font-size\":\"\",\"line-height\":\"\"}'  style=\"\">Sede de Arad Romania<\/h3><\/div> <!-- header --><div class=\"aio-icon-description ult-responsive\"  data-ultimate-target='#Info-box-wrap-5907 .aio-icon-description'  data-responsive-json-new='{\"font-size\":\"\",\"line-height\":\"\"}'  style=\"\">Zona industrial de\u00a0vest<br \/>\nCalle I\u00a0n\u00ba.\u00a09-9A<br \/>\nArad<br \/>\nRuman\u00eda<br \/>\nTel.: +40 257271170\u00a0 &#8211;\u00a0\u00a0Fax: +40 257271401<\/div> <!-- description --><\/div> <!-- aio-icon-box --><\/div> <!-- aio-icon-component -->[\/vc_column_inner][\/vc_row_inner][\/vc_column][\/vc_row]<\/p>\n","protected":false},"excerpt":{"rendered":"<p>[vc_row equal_height=\u00bbyes\u00bb content_placement=\u00bbmiddle\u00bb el_class=\u00bbpb-5&#8243;][vc_column css_animation=\u00bbnone\u00bb width=\u00bb2\/3&#8243; el_class=\u00bbpb-4 pb-md-0&#8243;][vc_column_text el_class=\u00bbtext-center-xs\u00bb]En agosto del a\u00f1o 2004 PM traslad\u00f3 su hist\u00f3rica sede principal de M\u00f3dena a San Cesario Sul\u00a0Panaro\u00a0(MO &#8211; Italia).\u00a0El traslado se concretiz\u00f3 luego de la construcci\u00f3n de una modern\u00edsima estructura que hoy aloja las oficinas de direcci\u00f3n y todos los departamentos de la empresa: comercial, marketing, dise\u00f1o&hellip;<\/p>\n","protected":false},"author":1,"featured_media":726,"parent":54,"menu_order":0,"comment_status":"closed","ping_status":"closed","template":"","meta":[],"acf":[],"_links":{"self":[{"href":"https:\/\/www.pm-group.eu\/es\/wp-json\/wp\/v2\/pages\/723"}],"collection":[{"href":"https:\/\/www.pm-group.eu\/es\/wp-json\/wp\/v2\/pages"}],"about":[{"href":"https:\/\/www.pm-group.eu\/es\/wp-json\/wp\/v2\/types\/page"}],"author":[{"embeddable":true,"href":"https:\/\/www.pm-group.eu\/es\/wp-json\/wp\/v2\/users\/1"}],"replies":[{"embeddable":true,"href":"https:\/\/www.pm-group.eu\/es\/wp-json\/wp\/v2\/comments?post=723"}],"version-history":[{"count":5,"href":"https:\/\/www.pm-group.eu\/es\/wp-json\/wp\/v2\/pages\/723\/revisions"}],"predecessor-version":[{"id":4080,"href":"https:\/\/www.pm-group.eu\/es\/wp-json\/wp\/v2\/pages\/723\/revisions\/4080"}],"up":[{"embeddable":true,"href":"https:\/\/www.pm-group.eu\/es\/wp-json\/wp\/v2\/pages\/54"}],"wp:featuredmedia":[{"embeddable":true,"href":"https:\/\/www.pm-group.eu\/es\/wp-json\/wp\/v2\/media\/726"}],"wp:attachment":[{"href":"https:\/\/www.pm-group.eu\/es\/wp-json\/wp\/v2\/media?parent=723"}],"curies":[{"name":"wp","href":"https:\/\/api.w.org\/{rel}","templated":true}]}}