{"id":693,"date":"2021-01-21T15:43:57","date_gmt":"2021-01-21T15:43:57","guid":{"rendered":"https:\/\/www.pm-group.eu\/?page_id=693"},"modified":"2021-03-17T14:23:50","modified_gmt":"2021-03-17T14:23:50","slug":"historia","status":"publish","type":"page","link":"https:\/\/www.pm-group.eu\/es\/empresa\/historia\/","title":{"rendered":"Historia"},"content":{"rendered":"<p>[vc_row equal_height=\u00bbyes\u00bb content_placement=\u00bbmiddle\u00bb el_class=\u00bbpb-5&#8243;][vc_column css_animation=\u00bbnone\u00bb width=\u00bb1\/2&#8243; el_class=\u00bbpb-4 pb-md-0&#8243;]<div id=\"ultimate-heading-40796a0334bacb933\" class=\"uvc-heading ult-adjust-bottom-margin ultimate-heading-40796a0334bacb933 uvc-4733 mtx-title-h2 text-center-xs pb-4 uvc-heading-default-font-sizes\" data-hspacer=\"no_spacer\"  data-halign=\"left\" style=\"text-align:left\"><div class=\"uvc-heading-spacer no_spacer\" style=\"top\"><\/div><div class=\"uvc-main-heading ult-responsive\"  data-ultimate-target='.uvc-heading.ultimate-heading-40796a0334bacb933 h2'  data-responsive-json-new='{\"font-size\":\"\",\"line-height\":\"\"}' ><h2 style=\"--font-weight:theme;\">1959 - El nacimiento<\/h2><\/div><\/div>[vc_column_text el_class=\u00bbtext-center-xs\u00bb]Precisione\u00a0Meccanica\u00a0S.r.l.\u00a0&#8211; m\u00e1s tarde\u00a0Autogr\u00f9\u00a0PM &#8211; naci\u00f3 en M\u00f3dena en el a\u00f1o 1959 y desde sus or\u00edgenes opera en el sector de las gr\u00faas hidr\u00e1ulicas para camiones, ocup\u00e1ndose tanto del dise\u00f1o como de la producci\u00f3n.[\/vc_column_text][\/vc_column][vc_column css_animation=\u00bbnone\u00bb width=\u00bb1\/2&#8243;][vc_single_image image=\u00bb707&#8243; img_size=\u00bb528&#215;359&#8243; alignment=\u00bbright\u00bb onclick=\u00bblink_image\u00bb css_animation=\u00bbnone\u00bb el_class=\u00bbmtx-img rounded-5 text-center-xs\u00bb][\/vc_column][\/vc_row][vc_row equal_height=\u00bbyes\u00bb content_placement=\u00bbmiddle\u00bb el_class=\u00bbpy-5&#8243;][vc_column css_animation=\u00bbnone\u00bb width=\u00bb1\/2&#8243; el_class=\u00bbvc_col-sm-push-6 pb-4 pb-md-0&#8243;]<div id=\"ultimate-heading-80426a0334bacb96d\" class=\"uvc-heading ult-adjust-bottom-margin ultimate-heading-80426a0334bacb96d uvc-7914 mtx-title-h2 text-center-xs pb-4 uvc-heading-default-font-sizes\" data-hspacer=\"no_spacer\"  data-halign=\"right\" style=\"text-align:right\"><div class=\"uvc-heading-spacer no_spacer\" style=\"top\"><\/div><div class=\"uvc-main-heading ult-responsive\"  data-ultimate-target='.uvc-heading.ultimate-heading-80426a0334bacb96d h2'  data-responsive-json-new='{\"font-size\":\"\",\"line-height\":\"\"}' ><h2 style=\"--font-weight:theme;\">1972 - PM crece y se convierte en una sociedad por acciones<\/h2><\/div><\/div>[vc_column_text el_class=\u00bbtext-center-xs text-end\u00bb]A fines de los a\u00f1os \u201960 la empresa se consolida sobre bases industriales asumiendo, en 1972, la forma actual de Sociedad por acciones.[\/vc_column_text][\/vc_column][vc_column width=\u00bb1\/2&#8243; el_class=\u00bbvc_col-sm-pull-6&#8243;][vc_single_image image=\u00bb708&#8243; img_size=\u00bb528&#215;359&#8243; onclick=\u00bblink_image\u00bb el_class=\u00bbmtx-img rounded-5 text-center-xs\u00bb][\/vc_column][\/vc_row][vc_row equal_height=\u00bbyes\u00bb content_placement=\u00bbmiddle\u00bb el_class=\u00bbpy-5&#8243;][vc_column css_animation=\u00bbnone\u00bb width=\u00bb1\/2&#8243; el_class=\u00bbpb-4 pb-md-0&#8243;]<div id=\"ultimate-heading-80536a0334bacb98c\" class=\"uvc-heading ult-adjust-bottom-margin ultimate-heading-80536a0334bacb98c uvc-8928 mtx-title-h2 text-center-xs pb-4 uvc-heading-default-font-sizes\" data-hspacer=\"no_spacer\"  data-halign=\"left\" style=\"text-align:left\"><div class=\"uvc-heading-spacer no_spacer\" style=\"top\"><\/div><div class=\"uvc-main-heading ult-responsive\"  data-ultimate-target='.uvc-heading.ultimate-heading-80536a0334bacb98c h2'  data-responsive-json-new='{\"font-size\":\"\",\"line-height\":\"\"}' ><h2 style=\"--font-weight:theme;\">1980 - M\u00e1s de 1000 gr\u00faas al a\u00f1o<\/h2><\/div><\/div>[vc_column_text el_class=\u00bbtext-center-xs\u00bb]El desarrollo posterior de la empresa, paralelamente con la r\u00e1pida evoluci\u00f3n del sector del transporte, permiti\u00f3 alcanzar a principios de los a\u00f1os \u201980 una producci\u00f3n de m\u00e1s de 1.000 gr\u00faas al a\u00f1o, consolid\u00e1ndose as\u00ed en el mercado internacional en una posici\u00f3n de absoluta preeminencia.[\/vc_column_text][\/vc_column][vc_column css_animation=\u00bbnone\u00bb width=\u00bb1\/2&#8243;][vc_single_image image=\u00bb709&#8243; img_size=\u00bb528&#215;359&#8243; alignment=\u00bbright\u00bb onclick=\u00bblink_image\u00bb css_animation=\u00bbnone\u00bb el_class=\u00bbmtx-img rounded-5 text-center-xs\u00bb][\/vc_column][\/vc_row][vc_row equal_height=\u00bbyes\u00bb content_placement=\u00bbmiddle\u00bb el_class=\u00bbpy-5&#8243;][vc_column css_animation=\u00bbnone\u00bb width=\u00bb1\/2&#8243; el_class=\u00bbvc_col-sm-push-6 pb-4 pb-md-0&#8243;]<div id=\"ultimate-heading-33976a0334bacb9a5\" class=\"uvc-heading ult-adjust-bottom-margin ultimate-heading-33976a0334bacb9a5 uvc-8962 mtx-title-h2 text-center-xs pb-4 uvc-heading-default-font-sizes\" data-hspacer=\"no_spacer\"  data-halign=\"right\" style=\"text-align:right\"><div class=\"uvc-heading-spacer no_spacer\" style=\"top\"><\/div><div class=\"uvc-main-heading ult-responsive\"  data-ultimate-target='.uvc-heading.ultimate-heading-33976a0334bacb9a5 h2'  data-responsive-json-new='{\"font-size\":\"\",\"line-height\":\"\"}' ><h2 style=\"--font-weight:theme;\">1990 - Potenciamiento e importante presencia en el mercado<\/h2><\/div><\/div>[vc_column_text el_class=\u00bbtext-center-xs text-end\u00bb]PM supera su 30\u00b0 a\u00f1o de actividad con una importante presencia en el mercado y una situaci\u00f3n empresarial que se resume en los siguientes datos:\u00a0140 empleados, 42.000 m2 de superficie total, 15.000 de ellos destinados a plantas y oficinas y una capacidad productiva de 2.000 gr\u00faas al a\u00f1o.[\/vc_column_text][\/vc_column][vc_column css_animation=\u00bbnone\u00bb width=\u00bb1\/2&#8243; el_class=\u00bbvc_col-sm-pull-6&#8243;][vc_single_image image=\u00bb710&#8243; img_size=\u00bb528&#215;359&#8243; onclick=\u00bblink_image\u00bb el_class=\u00bbmtx-img rounded-5 text-center-xs\u00bb][\/vc_column][\/vc_row][vc_row equal_height=\u00bbyes\u00bb content_placement=\u00bbmiddle\u00bb el_class=\u00bbpy-5&#8243;][vc_column css_animation=\u00bbnone\u00bb width=\u00bb1\/2&#8243; el_class=\u00bbpb-4 pb-md-0&#8243;]<div id=\"ultimate-heading-16586a0334bacb9be\" class=\"uvc-heading ult-adjust-bottom-margin ultimate-heading-16586a0334bacb9be uvc-2371 mtx-title-h2 text-center-xs pb-4 uvc-heading-default-font-sizes\" data-hspacer=\"no_spacer\"  data-halign=\"left\" style=\"text-align:left\"><div class=\"uvc-heading-spacer no_spacer\" style=\"top\"><\/div><div class=\"uvc-main-heading ult-responsive\"  data-ultimate-target='.uvc-heading.ultimate-heading-16586a0334bacb9be h2'  data-responsive-json-new='{\"font-size\":\"\",\"line-height\":\"\"}' ><h2 style=\"--font-weight:theme;\">2000 - M\u00e1s de 4000 gr\u00faas al a\u00f1o<\/h2><\/div><\/div>[vc_column_text el_class=\u00bbtext-center-xs\u00bb]Recursos humanos altamente cualificados, desarrollo y aplicaci\u00f3n tecnol\u00f3gica, son los elementos que han permitido a PM alcanzar una capacidad productiva de m\u00e1s de 4.000 gr\u00faas al a\u00f1o.[\/vc_column_text][\/vc_column][vc_column css_animation=\u00bbnone\u00bb width=\u00bb1\/2&#8243;][vc_single_image image=\u00bb713&#8243; img_size=\u00bb528&#215;359&#8243; alignment=\u00bbright\u00bb onclick=\u00bblink_image\u00bb css_animation=\u00bbnone\u00bb el_class=\u00bbmtx-img rounded-5 text-center-xs\u00bb][\/vc_column][\/vc_row][vc_row equal_height=\u00bbyes\u00bb content_placement=\u00bbmiddle\u00bb el_class=\u00bbpy-5&#8243;][vc_column css_animation=\u00bbnone\u00bb width=\u00bb1\/2&#8243; el_class=\u00bbvc_col-sm-push-6 pb-4 pb-md-0&#8243;]<div id=\"ultimate-heading-62656a0334bacb9d5\" class=\"uvc-heading ult-adjust-bottom-margin ultimate-heading-62656a0334bacb9d5 uvc-9284 mtx-title-h2 text-center-xs pb-4 uvc-heading-default-font-sizes\" data-hspacer=\"no_spacer\"  data-halign=\"right\" style=\"text-align:right\"><div class=\"uvc-heading-spacer no_spacer\" style=\"top\"><\/div><div class=\"uvc-main-heading ult-responsive\"  data-ultimate-target='.uvc-heading.ultimate-heading-62656a0334bacb9d5 h2'  data-responsive-json-new='{\"font-size\":\"\",\"line-height\":\"\"}' ><h2 style=\"--font-weight:theme;\">2003 - Oil&amp;Steel Spa<\/h2><\/div><\/div>[vc_column_text el_class=\u00bbtext-center-xs text-end\u00bb]En el a\u00f1o 2003\u00a0Autogr\u00f9\u00a0PM\u00a0S.p.A. compra\u00a0Oil&amp;Steel\u00a0Spa.[\/vc_column_text][\/vc_column][vc_column css_animation=\u00bbnone\u00bb width=\u00bb1\/2&#8243; el_class=\u00bbvc_col-sm-pull-6&#8243;][vc_single_image image=\u00bb714&#8243; img_size=\u00bb528&#215;359&#8243; onclick=\u00bblink_image\u00bb el_class=\u00bbmtx-img rounded-5 text-center-xs\u00bb][\/vc_column][\/vc_row][vc_row equal_height=\u00bbyes\u00bb content_placement=\u00bbmiddle\u00bb el_class=\u00bbpy-5&#8243;][vc_column width=\u00bb1\/2&#8243; el_class=\u00bbpb-4 pb-md-0&#8243;]<div id=\"ultimate-heading-42436a0334bacb9eb\" class=\"uvc-heading ult-adjust-bottom-margin ultimate-heading-42436a0334bacb9eb uvc-7682 mtx-title-h2 text-center-xs pb-4 uvc-heading-default-font-sizes\" data-hspacer=\"no_spacer\"  data-halign=\"left\" style=\"text-align:left\"><div class=\"uvc-heading-spacer no_spacer\" style=\"top\"><\/div><div class=\"uvc-main-heading ult-responsive\"  data-ultimate-target='.uvc-heading.ultimate-heading-42436a0334bacb9eb h2'  data-responsive-json-new='{\"font-size\":\"\",\"line-height\":\"\"}' ><h2 style=\"--font-weight:theme;\">2006 - PM Group Spa<\/h2><\/div><\/div>[vc_column_text el_class=\u00bbtext-center-xs\u00bb]Con el objetivo de representar todas sus diferentes Unidades de Negocio, se transforma en PM\u00a0Group\u00a0Spa.\u00a0En efecto, en estos a\u00f1os se crearon las filiales en Ruman\u00eda, Estados Unidos, Francia, Argentina, Espa\u00f1a, Chile y M\u00e9xico.[\/vc_column_text][\/vc_column][vc_column css_animation=\u00bbnone\u00bb width=\u00bb1\/2&#8243;][vc_single_image image=\u00bb685&#8243; img_size=\u00bb235&#215;157&#8243; alignment=\u00bbcenter\u00bb css_animation=\u00bbnone\u00bb el_class=\u00bbmtx-img text-center-xs\u00bb][\/vc_column][\/vc_row][vc_row equal_height=\u00bbyes\u00bb content_placement=\u00bbmiddle\u00bb el_class=\u00bbpy-5&#8243;][vc_column css_animation=\u00bbnone\u00bb width=\u00bb1\/2&#8243; el_class=\u00bbvc_col-sm-push-6 pb-4 pb-md-0&#8243;]<div id=\"ultimate-heading-13666a0334bacba01\" class=\"uvc-heading ult-adjust-bottom-margin ultimate-heading-13666a0334bacba01 uvc-1975 mtx-title-h2 text-center-xs pb-4 uvc-heading-default-font-sizes\" data-hspacer=\"no_spacer\"  data-halign=\"right\" style=\"text-align:right\"><div class=\"uvc-heading-spacer no_spacer\" style=\"top\"><\/div><div class=\"uvc-main-heading ult-responsive\"  data-ultimate-target='.uvc-heading.ultimate-heading-13666a0334bacba01 h2'  data-responsive-json-new='{\"font-size\":\"\",\"line-height\":\"\"}' ><h2 style=\"--font-weight:theme;\">2015 - Manitex International<\/h2><\/div><\/div>[vc_column_text el_class=\u00bbtext-center-xs text-end\u00bb]Manitex International Inc. adquiere PM\u00a0Group\u00a0Spa.[\/vc_column_text][\/vc_column][vc_column width=\u00bb1\/2&#8243; el_class=\u00bbvc_col-sm-pull-6&#8243;][vc_single_image image=\u00bb683&#8243; img_size=\u00bb150&#215;196&#8243; alignment=\u00bbcenter\u00bb el_class=\u00bbmtx-img text-center-xs\u00bb][\/vc_column][\/vc_row][vc_row equal_height=\u00bbyes\u00bb content_placement=\u00bbmiddle\u00bb el_class=\u00bbpy-5&#8243;][vc_column width=\u00bb1\/2&#8243; el_class=\u00bbpb-4 pb-md-0&#8243;]<div id=\"ultimate-heading-81936a0334bacba18\" class=\"uvc-heading ult-adjust-bottom-margin ultimate-heading-81936a0334bacba18 uvc-3874 mtx-title-h2 text-center-xs pb-4 uvc-heading-default-font-sizes\" data-hspacer=\"no_spacer\"  data-halign=\"left\" style=\"text-align:left\"><div class=\"uvc-heading-spacer no_spacer\" style=\"top\"><\/div><div class=\"uvc-main-heading ult-responsive\"  data-ultimate-target='.uvc-heading.ultimate-heading-81936a0334bacba18 h2'  data-responsive-json-new='{\"font-size\":\"\",\"line-height\":\"\"}' ><h2 style=\"--font-weight:theme;\">2018 - Unificaci\u00f3n de las dos empresas<\/h2><\/div><\/div>[vc_column_text el_class=\u00bbtext-center-xs\u00bb]La empresa decide unificar las dos empresas, PM\u00a0Group\u00a0Spa y\u00a0Oil&amp;Steel\u00a0Spa, convirti\u00e9ndose en la actual PM\u00a0Oil&amp;Steel\u00a0Spa.[\/vc_column_text][\/vc_column][vc_column width=\u00bb1\/2&#8243;][vc_single_image image=\u00bb715&#8243; img_size=\u00bb340&#215;260&#8243; alignment=\u00bbcenter\u00bb el_class=\u00bbmtx-img text-center-xs\u00bb][\/vc_column][\/vc_row][vc_row equal_height=\u00bbyes\u00bb content_placement=\u00bbmiddle\u00bb el_class=\u00bbpy-5&#8243;][vc_column width=\u00bb1\/2&#8243; el_class=\u00bbvc_col-sm-push-6 pb-4 pb-md-0&#8243;]<div id=\"ultimate-heading-38256a0334bacba2e\" class=\"uvc-heading ult-adjust-bottom-margin ultimate-heading-38256a0334bacba2e uvc-1965 mtx-title-h2 text-center-xs pb-4 uvc-heading-default-font-sizes\" data-hspacer=\"no_spacer\"  data-halign=\"right\" style=\"text-align:right\"><div class=\"uvc-heading-spacer no_spacer\" style=\"top\"><\/div><div class=\"uvc-main-heading ult-responsive\"  data-ultimate-target='.uvc-heading.ultimate-heading-38256a0334bacba2e h2'  data-responsive-json-new='{\"font-size\":\"\",\"line-height\":\"\"}' ><h2 style=\"--font-weight:theme;\">2019 - 60 a\u00f1os juntos<\/h2><\/div><\/div>[vc_column_text el_class=\u00bbtext-center-xs text-end\u00bb]PM cumple 60 a\u00f1os y lo celebra en\u00a0Bauma\u00a02019.\u00a0Durante el mismo a\u00f1o Giovanni\u00a0Tacconi\u00a0fue nombrado por el Ceo Steve\u00a0Filipov, General Manager de la divisi\u00f3n gr\u00faas de PM.[\/vc_column_text][\/vc_column][vc_column width=\u00bb1\/2&#8243; el_class=\u00bbvc_col-sm-pull-6&#8243;][vc_single_image image=\u00bb716&#8243; img_size=\u00bb528&#215;359&#8243; onclick=\u00bblink_image\u00bb css_animation=\u00bbnone\u00bb el_class=\u00bbmtx-img rounded-5 text-center-xs\u00bb][\/vc_column][\/vc_row]<\/p>\n","protected":false},"excerpt":{"rendered":"<p>[vc_row equal_height=\u00bbyes\u00bb content_placement=\u00bbmiddle\u00bb el_class=\u00bbpb-5&#8243;][vc_column css_animation=\u00bbnone\u00bb width=\u00bb1\/2&#8243; el_class=\u00bbpb-4 pb-md-0&#8243;][vc_column_text el_class=\u00bbtext-center-xs\u00bb]Precisione\u00a0Meccanica\u00a0S.r.l.\u00a0&#8211; m\u00e1s tarde\u00a0Autogr\u00f9\u00a0PM &#8211; naci\u00f3 en M\u00f3dena en el a\u00f1o 1959 y desde sus or\u00edgenes opera en el sector de las gr\u00faas hidr\u00e1ulicas para camiones, ocup\u00e1ndose tanto del dise\u00f1o como de la producci\u00f3n.[\/vc_column_text][\/vc_column][vc_column css_animation=\u00bbnone\u00bb width=\u00bb1\/2&#8243;][vc_single_image image=\u00bb707&#8243; img_size=\u00bb528&#215;359&#8243; alignment=\u00bbright\u00bb onclick=\u00bblink_image\u00bb css_animation=\u00bbnone\u00bb el_class=\u00bbmtx-img rounded-5 text-center-xs\u00bb][\/vc_column][\/vc_row][vc_row equal_height=\u00bbyes\u00bb content_placement=\u00bbmiddle\u00bb el_class=\u00bbpy-5&#8243;][vc_column css_animation=\u00bbnone\u00bb&hellip;<\/p>\n","protected":false},"author":1,"featured_media":696,"parent":54,"menu_order":0,"comment_status":"closed","ping_status":"closed","template":"","meta":[],"acf":[],"_links":{"self":[{"href":"https:\/\/www.pm-group.eu\/es\/wp-json\/wp\/v2\/pages\/693"}],"collection":[{"href":"https:\/\/www.pm-group.eu\/es\/wp-json\/wp\/v2\/pages"}],"about":[{"href":"https:\/\/www.pm-group.eu\/es\/wp-json\/wp\/v2\/types\/page"}],"author":[{"embeddable":true,"href":"https:\/\/www.pm-group.eu\/es\/wp-json\/wp\/v2\/users\/1"}],"replies":[{"embeddable":true,"href":"https:\/\/www.pm-group.eu\/es\/wp-json\/wp\/v2\/comments?post=693"}],"version-history":[{"count":5,"href":"https:\/\/www.pm-group.eu\/es\/wp-json\/wp\/v2\/pages\/693\/revisions"}],"predecessor-version":[{"id":1731,"href":"https:\/\/www.pm-group.eu\/es\/wp-json\/wp\/v2\/pages\/693\/revisions\/1731"}],"up":[{"embeddable":true,"href":"https:\/\/www.pm-group.eu\/es\/wp-json\/wp\/v2\/pages\/54"}],"wp:featuredmedia":[{"embeddable":true,"href":"https:\/\/www.pm-group.eu\/es\/wp-json\/wp\/v2\/media\/696"}],"wp:attachment":[{"href":"https:\/\/www.pm-group.eu\/es\/wp-json\/wp\/v2\/media?parent=693"}],"curies":[{"name":"wp","href":"https:\/\/api.w.org\/{rel}","templated":true}]}}