{"id":54,"date":"2021-01-13T15:10:37","date_gmt":"2021-01-13T15:10:37","guid":{"rendered":"https:\/\/www.pm-group.eu\/?page_id=54"},"modified":"2023-02-21T13:00:02","modified_gmt":"2023-02-21T12:00:02","slug":"empresa","status":"publish","type":"page","link":"https:\/\/www.pm-group.eu\/es\/empresa\/","title":{"rendered":"Empresa"},"content":{"rendered":"<p>[vc_row el_class=\u00bbpb-5&#8243;][vc_column]<div id=\"ultimate-heading-112269f8366af214e\" class=\"uvc-heading ult-adjust-bottom-margin ultimate-heading-112269f8366af214e uvc-1933 mtx-title-h2 pb-4 uvc-heading-default-font-sizes\" data-hspacer=\"no_spacer\"  data-halign=\"center\" style=\"text-align:center\"><div class=\"uvc-heading-spacer no_spacer\" style=\"top\"><\/div><div class=\"uvc-main-heading ult-responsive\"  data-ultimate-target='.uvc-heading.ultimate-heading-112269f8366af214e h2'  data-responsive-json-new='{\"font-size\":\"\",\"line-height\":\"\"}' ><h2 style=\"--font-weight:theme;\">Nuestra visi\u00f3n<\/h2><\/div><\/div>[vc_column_text el_class=\u00bbtext-center\u00bb]Con m\u00e1s de 60 a\u00f1os en el mercado, PM es el primer fabricante italiano de\u00a0gr\u00faas hidr\u00e1ulicas para camiones.\u00a0Una consolidada tradici\u00f3n de tecnolog\u00eda e innovaci\u00f3n que ha permitido a PM establecer s\u00f3lidas relaciones profesionales y conquistar cuotas de mercado cada vez m\u00e1s amplias, tanto en Italia como en el extranjero.<\/p>\n<p>Cultura, Experiencia y\u00a0Know\u00a0How\u00a0que se traducen en innovaci\u00f3n y en la capacidad de ofrecer a sus clientes un producto de elevado contenido tecnol\u00f3gico y un nivel de servicio flexible y personalizable.<\/p>\n<p>Con sede principal en San Cesario S\/P (MO) Italia, PM est\u00e1 presente tambi\u00e9n en los mercados extranjeros, con filiales comerciales directas en Estados Unidos, Argentina, Chile, M\u00e9xico, Francia, Espa\u00f1a y Singapur.<\/p>\n<p>Actualmente, la gama de productos PM supera las 50 series, con m\u00e1s de 350 posibles configuraciones.\u00a0\u00a0Desde el dise\u00f1o hasta la realizaci\u00f3n de las carpinter\u00edas, desde el control de calidad de los materiales hasta la prueba final de funcionamiento, todo se realiza en los establecimientos PM, 130.000 m2 de superficie total, 62.000 de ellos cubiertos, uno de ellos ubicado en San Cesario S\/P (MO) y el otro en Arad (Ruman\u00eda).[\/vc_column_text][\/vc_column][\/vc_row][vc_row equal_height=\u00bbyes\u00bb content_placement=\u00bbmiddle\u00bb bg_type=\u00bbimage\u00bb parallax_style=\u00bbvcpb-default\u00bb bg_image_new=\u00bbid^670|url^https:\/\/www.pm-group.eu\/wp-content\/uploads\/2021\/01\/pm_about_story.jpg|caption^null|alt^null|title^pm_about_story|description^null\u00bb bg_image_repeat=\u00bbno-repeat\u00bb bg_img_attach=\u00bbfixed\u00bb bg_image_posiiton=\u00bbcenter center\u00bb bg_override=\u00bbex-full\u00bb el_class=\u00bbpy-5 mb-5 mtx-row-gradient\u00bb][vc_column css_animation=\u00bbnone\u00bb]<div id=\"ultimate-heading-567169f8366af21a1\" class=\"uvc-heading ult-adjust-bottom-margin ultimate-heading-567169f8366af21a1 uvc-7264 text-white mtx-mh-h1 pb-5 uvc-heading-default-font-sizes\" data-hspacer=\"no_spacer\"  data-halign=\"center\" style=\"text-align:center\"><div class=\"uvc-heading-spacer no_spacer\" style=\"top\"><\/div><div class=\"uvc-main-heading ult-responsive\"  data-ultimate-target='.uvc-heading.ultimate-heading-567169f8366af21a1 h2'  data-responsive-json-new='{\"font-size\":\"\",\"line-height\":\"\"}' ><h2 style=\"--font-weight:theme;\">Nuestra historia<\/h2><\/div><\/div><style type=\"text\/css\" data-type=\"the7_shortcodes-inline-css\">#default-btn-7685a56f493bcd0752c6b6f88d6a7cd3.ico-right-side > i {\n  margin-right: 0px;\n  margin-left: 8px;\n}\n#default-btn-7685a56f493bcd0752c6b6f88d6a7cd3 > i {\n  margin-right: 8px;\n}\n#default-btn-7685a56f493bcd0752c6b6f88d6a7cd3 * {\n  vertical-align: middle;\n}\n<\/style><div class=\"btn-align-center\"><a href=\"http:\/\/www.pm-group.eu\/es\/empresa\/historia\/?noredirect=es-ES\" class=\"default-btn-shortcode dt-btn dt-btn-l link-hover-off mtx-btn text-white \" id=\"default-btn-7685a56f493bcd0752c6b6f88d6a7cd3\"><span>DESCUBRE M\u00c1S<\/span><\/a><\/div>[\/vc_column][\/vc_row][vc_row equal_height=\u00bbyes\u00bb content_placement=\u00bbmiddle\u00bb bg_type=\u00bbimage\u00bb parallax_style=\u00bbvcpb-default\u00bb bg_image_new=\u00bbid^664|url^https:\/\/www.pm-group.eu\/wp-content\/uploads\/2021\/01\/pm_about_sede.jpg|caption^null|alt^null|title^pm_about_sede|description^null\u00bb bg_image_repeat=\u00bbno-repeat\u00bb bg_img_attach=\u00bbfixed\u00bb bg_image_posiiton=\u00bbcenter center\u00bb bg_override=\u00bbex-full\u00bb el_class=\u00bbpy-5 my-5 mtx-row-gradient\u00bb][vc_column css_animation=\u00bbnone\u00bb]<div id=\"ultimate-heading-10169f8366af310c\" class=\"uvc-heading ult-adjust-bottom-margin ultimate-heading-10169f8366af310c uvc-6929 text-white mtx-mh-h1 pb-5 uvc-heading-default-font-sizes\" data-hspacer=\"no_spacer\"  data-halign=\"center\" style=\"text-align:center\"><div class=\"uvc-heading-spacer no_spacer\" style=\"top\"><\/div><div class=\"uvc-main-heading ult-responsive\"  data-ultimate-target='.uvc-heading.ultimate-heading-10169f8366af310c h2'  data-responsive-json-new='{\"font-size\":\"\",\"line-height\":\"\"}' ><h2 style=\"--font-weight:theme;\">Nuestras sedes<\/h2><\/div><\/div><style type=\"text\/css\" data-type=\"the7_shortcodes-inline-css\">#default-btn-415e2f079121ca05ea0963aa4221a25e.ico-right-side > i {\n  margin-right: 0px;\n  margin-left: 8px;\n}\n#default-btn-415e2f079121ca05ea0963aa4221a25e > i {\n  margin-right: 8px;\n}\n#default-btn-415e2f079121ca05ea0963aa4221a25e * {\n  vertical-align: middle;\n}\n<\/style><div class=\"btn-align-center\"><a href=\"http:\/\/www.pm-group.eu\/es\/empresa\/establecimientos-y-filiales\/?noredirect=es-ES\" class=\"default-btn-shortcode dt-btn dt-btn-l link-hover-off mtx-btn text-white \" id=\"default-btn-415e2f079121ca05ea0963aa4221a25e\"><span>DESCUBRE M\u00c1S<\/span><\/a><\/div>[\/vc_column][\/vc_row][vc_row][vc_column][vc_single_image image=\u00bb3242&#8243; img_size=\u00bbfull\u00bb alignment=\u00bbcenter\u00bb][\/vc_column][\/vc_row]<\/p>\n","protected":false},"excerpt":{"rendered":"<p>[vc_row el_class=\u00bbpb-5&#8243;][vc_column][vc_column_text el_class=\u00bbtext-center\u00bb]Con m\u00e1s de 60 a\u00f1os en el mercado, PM es el primer fabricante italiano de\u00a0gr\u00faas hidr\u00e1ulicas para camiones.\u00a0Una consolidada tradici\u00f3n de tecnolog\u00eda e innovaci\u00f3n que ha permitido a PM establecer s\u00f3lidas relaciones profesionales y conquistar cuotas de mercado cada vez m\u00e1s amplias, tanto en Italia como en el extranjero. Cultura, Experiencia y\u00a0Know\u00a0How\u00a0que se&hellip;<\/p>\n","protected":false},"author":1,"featured_media":664,"parent":0,"menu_order":0,"comment_status":"closed","ping_status":"closed","template":"","meta":[],"acf":[],"_links":{"self":[{"href":"https:\/\/www.pm-group.eu\/es\/wp-json\/wp\/v2\/pages\/54"}],"collection":[{"href":"https:\/\/www.pm-group.eu\/es\/wp-json\/wp\/v2\/pages"}],"about":[{"href":"https:\/\/www.pm-group.eu\/es\/wp-json\/wp\/v2\/types\/page"}],"author":[{"embeddable":true,"href":"https:\/\/www.pm-group.eu\/es\/wp-json\/wp\/v2\/users\/1"}],"replies":[{"embeddable":true,"href":"https:\/\/www.pm-group.eu\/es\/wp-json\/wp\/v2\/comments?post=54"}],"version-history":[{"count":5,"href":"https:\/\/www.pm-group.eu\/es\/wp-json\/wp\/v2\/pages\/54\/revisions"}],"predecessor-version":[{"id":3245,"href":"https:\/\/www.pm-group.eu\/es\/wp-json\/wp\/v2\/pages\/54\/revisions\/3245"}],"wp:featuredmedia":[{"embeddable":true,"href":"https:\/\/www.pm-group.eu\/es\/wp-json\/wp\/v2\/media\/664"}],"wp:attachment":[{"href":"https:\/\/www.pm-group.eu\/es\/wp-json\/wp\/v2\/media?parent=54"}],"curies":[{"name":"wp","href":"https:\/\/api.w.org\/{rel}","templated":true}]}}