{"id":1535,"date":"2021-02-05T11:24:30","date_gmt":"2021-02-05T11:24:30","guid":{"rendered":"https:\/\/www.pm-group.eu\/?page_id=1535"},"modified":"2021-02-05T11:24:51","modified_gmt":"2021-02-05T11:24:51","slug":"note-legali","status":"publish","type":"page","link":"https:\/\/www.pm-group.eu\/es\/note-legali\/","title":{"rendered":"Note legali"},"content":{"rendered":"<p>[vc_row el_class=\u00bbpb-5&#8243;][vc_column]<div id=\"ultimate-heading-490769ee7f2a724d1\" class=\"uvc-heading ult-adjust-bottom-margin ultimate-heading-490769ee7f2a724d1 uvc-2800 pb-4 uvc-heading-default-font-sizes\" data-hspacer=\"no_spacer\"  data-halign=\"center\" style=\"text-align:center\"><div class=\"uvc-heading-spacer no_spacer\" style=\"top\"><\/div><div class=\"uvc-main-heading ult-responsive\"  data-ultimate-target='.uvc-heading.ultimate-heading-490769ee7f2a724d1 h2'  data-responsive-json-new='{\"font-size\":\"\",\"line-height\":\"\"}' ><h2 style=\"--font-weight:theme;\">Termini di utilizzo<\/h2><\/div><\/div>[vc_column_text]Le condizioni di utilizzo del sito pm-group.eu (\u00abTermini di utilizzo\u00bb) contengono i termini e le condizioni che regolano l&#8217;accesso a e l&#8217;uso di siti Web di PM Group (il \u00abSito\u00bb compreso i siti Web collegati in rete gestiti da PM Group e dalle sue affiliate e tutti i dati, i testi, le immagini, le interfacce utente, le interfacce visive grafiche, le fotografie, i marchi, i loghi, i suoni, la musica, il materiale grafico e i codici informatici resi disponibili da o tramite il Sito(\u00abContenuto\u00bb).<br \/>\nPM Group S.p.A. concede all&#8217;Utente l&#8217;accesso ai e l&#8217;uso del Sito \u00a0esclusivamente previa accettazione di tutti i termini e le condizioni presenti nella presente sezione Termini di utilizzo senza modifiche.<\/p>\n<p>Ci riserviamo il diritto, a nostra esclusiva discrezione, di aggiornare o modificare i presenti Termini di utilizzo in qualsivoglia momento. L&#8217;accesso o l&#8217;utilizzo continuativo del Sito \u00a0dopo la pubblicazione di qualsivoglia modifica ai presenti Termini di utilizzo ne implica l&#8217;accettazione. \u00a0 Si prega di rivedere la versione pi\u00f9 recente dei presenti Termini di utilizzo in qualsiasi momento sul sito Web https:\/\/www.pm-group.eu&lt;<\/p>\n<p><strong>Utilizzo del Sito<\/strong><br \/>\nL&#8217;accesso ai e l&#8217;utilizzo del Sito \u00a0\u00e8 imprescindibilmente vincolato al rispetto dei Termini di utilizzo.<br \/>\nL&#8217;Utente \u00e8 tenuto a rispettare rigorosamente tutte le norme, le leggi, i regolamenti e le politiche PM Group correlati all&#8217;accesso e all&#8217;utilizzo del Sito , ivi inclusi le norme, le leggi e i regolamenti applicabili alla condotta e al contenuto online nonch\u00e9 all&#8217;esportazione dei dati da e verso l\u2019Italia e il Paese di residenza dell&#8217;Utente.<br \/>\nAccedendo o utilizzando il sito, l\u2019utente accetta di essere vincolato da tutti i presenti termini di utilizzo e dichiara di essere autorizzato ad accedere nonch\u00e9 ad utilizzare il Sito, di essere legalmente autorizzato ad aderire ai presenti termini di utilizzo per suo conto e per conto dell\u2019ente rappresentato legalmente. Qualora non intenda accettare i presenti termini di utilizzo o qualsivoglia modifica successiva, l\u2019utente deve astenersi dall\u2019accedere, navigare o utilizzare il presente sito.<br \/>\nPM Group S.p.A. concede all&#8217;Utente l&#8217;accesso ai e l&#8217;uso del Sito \u00a0esclusivamente previa accettazione di tutti i termini e le condizioni presenti nella sezione Termini di utilizzo senza modifiche.<\/p>\n<p><strong>Area riservata\u00a0<\/strong><br \/>\nAlcune aree e contenuti del sito sono riservati a Clienti PM Group, mediante l&#8217;utilizzo di opportune credenziali di autenticazione. L&#8217;eventuale fruizione di tali contenuti in mancanza di titolo di possesso di tali credenziali costituisce un illecito utilizzo e come tale potr\u00e0 essere perseguito nelle opportune sedi.<br \/>\nIn particolare per l&#8217;accesso alla parte riservata del sito a ciascun Cliente \u00a0PM Group viene fornita una username e password con cui potr\u00e0 accedere alle pagine riservate del sito.<br \/>\nTra l&#8217;altro, in ogni momento l&#8217;utente potr\u00e0 richiedere la generazione e l&#8217;invio alla sua mailbox di una nuova password. La password dovr\u00e0 essere custodita con cura e rimanere riservata.<\/p>\n<p><strong>Links ad altri siti\u00a0<\/strong><br \/>\nPM Group \u00a0non si assume alcuna responsabilit\u00e0 per materiale creato o pubblicato da siti di terze parti a cui il sito \u00e8 collegato. La presenza di questi collegamenti non indica approvazione del materiale contenuto in uno qualsiasi di questi siti. PM Group non \u00e8 responsabile per il relativo contenuto, la raccolta e l&#8217;utilizzo delle informazioni, n\u00e9 fornisce alcuna garanzia di assenza di errori o virus. \u00c8 responsabilit\u00e0 esclusiva dell&#8217;Utente riconoscere, prestando attenzione alla barra degli indirizzi del browser, quando sta uscendo dal Sito.<\/p>\n<p><strong>Inoltro di materiale<\/strong><br \/>\nAll\u2019Utente non \u00e8 consentito utilizzare il Sito come mezzo di invio di informazioni considerate proprietarie.<br \/>\nInoltrando del materiale tramite posta elettronica od in altro modo ad uno dei nostri server l\u2019Utente garantisce che:<br \/>\na) PM Group pu\u00f2 pubblicare il materiale;<br \/>\nb) PM Group avr\u00e0 diritto all&#8217;utilizzo illimitato di questi materiali per qualsiasi scopo, commerciale o di altra natura, senza alcun riconoscimento o compenso nei confronti dell&#8217;Utente.<br \/>\nc) il materiale non \u00e8 confidenziale, non \u00e8 riservato o soggetto a diritti di propriet\u00e0 alcuno, \u00e8 adatto alla pubblicazione e, per quanto \u00e8 nelle vostre conoscenze, non contiene virus od altre caratteristiche dannose; siete invitati a non inserire dati sensibili, ossia dati personali idonei a rivelare l&#8217;origine razziale ed etnica, le convinzioni religiose, filosofiche o di altro genere, le opinioni politiche, l&#8217;adesione a partiti, sindacati, associazioni od organizzazioni a carattere religioso, filosofico, politico o sindacale, nonch\u00e9 i dati personali idonei a rivelare lo stato di salute e la vita sessuale;<br \/>\nd) terr\u00e0 indenne da ogni ogni azione e\/o richiesta intrapresa da terzi in relazione al materiale inoltrato e che<br \/>\ne) non agir\u00e0 contro PM Group in relazione a questo materiale.<\/p>\n<p><strong>Comunicati stampa<\/strong><br \/>\nIl Contenuto dei comunicati stampa emessi da PM Group non deve essere considerato accurato o aggiornato se non alla data di pubblicazione dello stesso. PM Group non intende in alcun modo aggiornare, e declina specificamente qualsiasi obbligo di aggiornare, le informazioni contenute nei comunicati stampa. Nella misura in cui qualsiasi informazione ivi inclusa \u00e8 di natura previsionale, \u00e8 da intendersi idonea ai sensi della clausola esonerativa per le dichiarazioni previsionali ed \u00e8 soggetta a rischio materiale.<\/p>\n<p><strong>Aggiornamento del Sito<\/strong><br \/>\nCi riserviamo il diritto, a nostra esclusiva discrezione, di modificare il Sito e il Contenuto in qualsiasi momento senza preavviso, compresa la rimozione del Sito \u00a0e del Contenuto. \u00a0 Dal momento che sono rese disponibili nuove versioni o versioni potenziate del Sito , potrebbe essere richiesto l&#8217;aggiornamento della versione corrente del relativo software. Salvo diversa indicazione esplicita da parte di PM Group, eventuali versioni nuove o potenziate del Sito , del Contenuto e dei Servizi sono soggette alle condizioni delineate nei presenti Termini di utilizzo.<\/p>\n<p><strong>Privacy<\/strong><br \/>\nQuando si accede o si utilizza un Sito, potrebbero essere richieste informazioni personali opzionali. PM Group raccoglie tali informazioni, insieme ai dati di sistema relativi al computer in uso, inclusi il nome del computer, il sistema operativo utilizzato, la versione del software in esecuzione e l&#8217;indirizzo IP del computer, al fine di verificare l&#8217;autorizzazione all&#8217;utilizzo del Programma, migliorare i prodotti e i servizi offerti da PM Group e consentire ai dealer PM Group di individuare gli utenti che utilizzano il Sito nel loro territorio di competenza. PM Group pu\u00f2 fornire tali informazioni ad affiliate, controllate o ad altri individui o aziende di fiducia, inclusi i dealer PM Group.<br \/>\nPM Group si impegna ad adottare ogni ragionevole misura per tutelare la riservatezza di tali informazioni; tuttavia PM Group, o il medesimo Utente, pu\u00f2, mediante l&#8217;utilizzo di un Sito, trasmettere tali informazioni a una giurisdizione in cui non si garantisce lo stesso livello di protezione dei dati offerto dalla giurisdizione legale in cui si trova l&#8217;Utente. Inserendo tali informazioni e\/o utilizzando un Sito, l&#8217;Utente acconsente alla raccolta, al trattamento e al trasferimento delle informazioni da parte di PM Group conformemente al presente paragrafo. La nostra Informativa sulla privacy fornisce ulteriori informazioni sulla nostra raccolta di dati e sulle pratiche di elaborazione del Sito Web ivi descritte. PM Group si riserva il diritto di aggiornare l&#8217;Informativa sulla privacy del proprio Sito in qualsiasi momento.<\/p>\n<h2>Copyright e note legali<\/h2>\n<p><strong>Diritti di propriet\u00e0 intellettuale\u00a0<\/strong><br \/>\nTutti i diritti d&#8217;autore e le altre propriet\u00e0 intellettuali, compreso il testo intero, le immagini, i suoni, il software e qualsiasi altro materiale su questo sito sono propriet\u00e0 di PM Group S.p.A.<br \/>\nL\u2019Utente dichiara di non avere alcun diritto, titolo o interesse sui Diritti di propriet\u00e0 intellettuale in relazione a qualsivoglia Sito o Contenuto.<br \/>\nll sito contiene loghi, nomi di prodotto, marchi ed altri simboli di identificazione che direttamente od indirettamente sono marchi di propriet\u00e0 di PM Group o registrati da PM Group.<br \/>\nIl sito potrebbe contenere anche marchi che sono propriet\u00e0 di o sono stati registrati da terzi. Qualunque uso non autorizzato di questi marchi \u00e8 severamente vietato.<br \/>\n\u00c8 permesso consultare questo sito e riprodurne estratti utilizzando la stampante, scaricando dati sul disco rigido e attraverso la distribuzione ad altre persone, ma in ogni caso, solo per scopo informativo e purch\u00e9 il suddetto avviso riguardante il diritto d&#8217;autore appaia in ognuna di queste riproduzioni. \u00c8 vietata qualsiasi riproduzione anche parziale del sito se non per uso domestico o di informazione personale. Nessuna riproduzione del sito o di sue parti, pu\u00f2 essere venduta o distribuita a fini commerciali, n\u00e9 modificata o incorporata in qualsiasi altro lavoro o pubblicazione, sia in forma stampata che elettronica. Ogni utilizzazione non autorizzata o comunque contraria alla Legge sar\u00e0 perseguita da PM Group S.p.A. in sede civile e penale.<br \/>\nPM Group potr\u00e0, a sua esclusiva discrezione, disattivare e interrompere l&#8217;accesso al Sito e al relativo Contenuto da parte di qualsiasi soggetto o ente sospettato di violazione dei Diritti di propriet\u00e0 intellettuale di PM Group \u00a0o di terzi.<br \/>\n\u00c8 vietato copiare, riprodurre, ripubblicare, caricare, pubblicare, visualizzare pubblicamente, codificare, tradurre, trasmettere o distribuire in alcun modo qualsiasi parte del Sito o del relativo Contenuto su qualsivoglia computer, server, sito Web o altro mezzo destinato alla pubblicazione, alla distribuzione o a qualsiasi finalit\u00e0 commerciale senza il previo consenso scritto di PM Group.<\/p>\n<p><strong>Diritti d&#8217;autore altrui<\/strong><br \/>\nPM Group rispetta i diritti di tutti i titolari di diritti d&#8217;autore e, a questo proposito si impegna a rimuovere dal proprio Sito materiale che violi i diritti dei titolari di diritti d&#8217;autore. Vi preghiamo di informare PM Group se si ritiene che il proprio lavoro sia stato copiato in un modo che costituisca una violazione dei diritti d&#8217;autore.<\/p>\n<p><strong>Esclusione di garanzie e limitazione di responsabilit\u00e0<\/strong><br \/>\nIn nessun caso, inclusa la negligenza, PM Group sar\u00e0 responsabile verso l\u2019Utente o verso terzi (compreso un cliente) per eventuali danni, inclusi senza alcuna limitazione, danni diretti, indiretti (inclusi i danni per perdita di profitti, interruzione di attivit\u00e0, perdita di dati, perdita di informazioni commerciali, infezioni da virus, interruzioni del sistema e simili) derivanti da, o basati su, questi termini di utilizzo o l\u2019accesso a, l\u2019uso di, l\u2019abuso di o l\u2019incapacit\u00e0 o l\u2019impossibilit\u00e0 di utilizzare qualsiasi sito o contenuto, anche ne caso in cui PM Group sia informata della possibilit\u00e0 di tali danni (inclusi i danni subiti da terzi).<br \/>\nAlcune leggi non permettono limitazioni su garanzie implicite o l&#8217;esclusione o la limitazione di determinati danni. Se si applicano queste leggi, alcune o tutte le esclusioni o limitazioni di cui sopra potrebbero non essere applicabili all&#8217;Utente, il quale potrebbe godere di diritti aggiuntivi a quelli qui indicati.<\/p>\n<p><strong>Manleva<\/strong><br \/>\nL&#8217;Utente accetta di risarcire, tenere indenne e manlevare PM Group S.p.A. da qualsivoglia rivendicazione, causa, pretesa, azione o altro procedimento esperito da qualsiasi terza parte dovuto a, derivante da o correlato a (a) l&#8217;utilizzo di un Sito (inclusi i messaggi o altri Materiali pubblicati o caricati dall&#8217;Utente su qualsivoglia forum interattivo), (b) una violazione dei presenti Termini di utilizzo o (c) una violazione di qualsiasi legge, normativa o diritto di terzi. L&#8217;Utente sar\u00e0 tenuto a sostenere tutti i costi, i danni e le spese, incluse, a titolo esemplificativo, le spese legali in misura ragionevole e i costi addebitati alle o altrimenti sostenuti da PM Group in relazione a o derivanti da tale rivendicazione, causa, azione, pretesa o altro procedimento.<\/p>\n<p><strong>Risoluzione<\/strong><br \/>\nPM Group pu\u00f2 sospendere, a sua esclusiva discrezione, il nome utente e la password dell&#8217;Utente nonch\u00e9 il suo diritto di accedere a o utilizzare il Sito e il Contenuto in qualsiasi momento e per qualsiasi ragione.<br \/>\nL\u2019accesso all\u2019area riservata del Sito cesser\u00e0 automaticamente senza ulteriori azioni di PM Group in caso di violazione di questi Termini di utilizzo o di mancata osservanza di una qualsiasi delle limitazioni ivi previste.<\/p>\n<p><strong>Rinuncia<\/strong><br \/>\nIn nessun caso PM Group sar\u00e0 ritenuta responsabile per qualsiasi danno potesse risultare dall&#8217;uso o dall&#8217;impossibilit\u00e0 ad utilizzare i contenuti del sito.<\/p>\n<p><strong>Legge applicabile e foro competente<\/strong><br \/>\nQuesto sito Web \u00e8 controllato da PM Group S.p.A., soggetto alle disposizioni del diritto italiano. Al sito \u00e8 possibile accedere da diverse nazioni in tutto il mondo. Poich\u00e9 ognuna di queste nazioni ha delle leggi che possono differire da quelle italiane, si concorda che nell&#8217;accedere al sito sar\u00e0 applicata la legislazione italiana per tutte le questioni derivanti o inerenti i contenuti o l&#8217;utilizzo del sito.<br \/>\nPer qualunque vertenza sull&#8217;uso del sito il foro esclusivamente competente \u00e8 quello di Modena, Italia in accordo alle leggi dell\u2019Italia.[\/vc_column_text][\/vc_column][\/vc_row]<\/p>\n","protected":false},"excerpt":{"rendered":"<p>[vc_row el_class=\u00bbpb-5&#8243;][vc_column][vc_column_text]Le condizioni di utilizzo del sito pm-group.eu (\u00abTermini di utilizzo\u00bb) contengono i termini e le condizioni che regolano l&#8217;accesso a e l&#8217;uso di siti Web di PM Group (il \u00abSito\u00bb compreso i siti Web collegati in rete gestiti da PM Group e dalle sue affiliate e tutti i dati, i testi, le immagini, le&hellip;<\/p>\n","protected":false},"author":1,"featured_media":0,"parent":0,"menu_order":0,"comment_status":"closed","ping_status":"closed","template":"","meta":[],"acf":[],"_links":{"self":[{"href":"https:\/\/www.pm-group.eu\/es\/wp-json\/wp\/v2\/pages\/1535"}],"collection":[{"href":"https:\/\/www.pm-group.eu\/es\/wp-json\/wp\/v2\/pages"}],"about":[{"href":"https:\/\/www.pm-group.eu\/es\/wp-json\/wp\/v2\/types\/page"}],"author":[{"embeddable":true,"href":"https:\/\/www.pm-group.eu\/es\/wp-json\/wp\/v2\/users\/1"}],"replies":[{"embeddable":true,"href":"https:\/\/www.pm-group.eu\/es\/wp-json\/wp\/v2\/comments?post=1535"}],"version-history":[{"count":2,"href":"https:\/\/www.pm-group.eu\/es\/wp-json\/wp\/v2\/pages\/1535\/revisions"}],"predecessor-version":[{"id":1537,"href":"https:\/\/www.pm-group.eu\/es\/wp-json\/wp\/v2\/pages\/1535\/revisions\/1537"}],"wp:attachment":[{"href":"https:\/\/www.pm-group.eu\/es\/wp-json\/wp\/v2\/media?parent=1535"}],"curies":[{"name":"wp","href":"https:\/\/api.w.org\/{rel}","templated":true}]}}