{"id":1169,"date":"2021-01-25T17:02:16","date_gmt":"2021-01-25T17:02:16","guid":{"rendered":"https:\/\/www.pm-group.eu\/?page_id=1169"},"modified":"2024-12-04T15:04:01","modified_gmt":"2024-12-04T14:04:01","slug":"recambios-y-accesorios","status":"publish","type":"page","link":"https:\/\/www.pm-group.eu\/es\/servicios\/recambios-y-accesorios\/","title":{"rendered":"Recambios y accesorios"},"content":{"rendered":"<p>[vc_row bg_type=\u00bbbg_color\u00bb bg_override=\u00bbex-full\u00bb el_class=\u00bbpy-5 mb-5&#8243; bg_color_value=\u00bb#f8f9f9&#8243;][vc_column]<div id=\"ultimate-heading-13669f091ed8bb25\" class=\"uvc-heading ult-adjust-bottom-margin ultimate-heading-13669f091ed8bb25 uvc-1140 mtx-title-h2 pb-4 uvc-heading-default-font-sizes\" data-hspacer=\"no_spacer\"  data-halign=\"center\" style=\"text-align:center\"><div class=\"uvc-heading-spacer no_spacer\" style=\"top\"><\/div><div class=\"uvc-main-heading ult-responsive\"  data-ultimate-target='.uvc-heading.ultimate-heading-13669f091ed8bb25 h2'  data-responsive-json-new='{\"font-size\":\"\",\"line-height\":\"\"}' ><h2 style=\"--font-weight:theme;\">Recambios y accesorios<\/h2><\/div><\/div>[vc_column_text el_class=\u00bbtext-center\u00bb]Los Recambios Originales PM se fabrican con los m\u00e1s altos est\u00e1ndares de calidad y se dise\u00f1an para adaptarse exactamente a las especificaciones de tu gr\u00faa, garantizando seguridad de uso y manteniendo de las prestaciones.\u00a0Nuestros ingenieros recomiendan utilizar solo Recambios Originales PM, para el mantenimiento y la reparaci\u00f3n de la gr\u00faa, ya que son los \u00fanicos que garantizan el mismo rendimiento de las piezas sustituidas.\u00a0Si Usted busca recambios para modelos PM fuera de producci\u00f3n, el concesionario PM podr\u00e1 suministrarle los recambios necesarios para mantener operativo el veh\u00edculo por al menos 10 a\u00f1os despu\u00e9s de la salida de producci\u00f3n del modelo.<\/p>\n<p>&nbsp;<\/p>\n<p>PM OIL&amp;STEEL S.P.A. le garantiza la entrega de la pieza de recambio adecuada, en tiempos r\u00e1pidos y en cualquier parte del mundo, gracias a una excelente red log\u00edstica, formada por un centro de distribuci\u00f3n general, almacenes descentralizados en cada continente y, naturalmente, TALLERES AUTORIZADOS\/DISTRIBUIDORES locales (que puede consultar en nuestro sitio web en la secci\u00f3n \u201cVENTA Y SERVICIOS\u201d), y a la disponibilidad de instrumentos tecnol\u00f3gicos siempre actualizados.<\/p>\n<p>Cortes\u00eda, atenci\u00f3n a las necesidades del cliente y sobre todo el asesoramiento invalorable que todo nuestro staff, experto y profesional, puede ofrecerle en el momento del pedido, han siempre distinguido a PM OIL&amp;STEEL S.P.A.<\/p>\n<p>En efecto, todos los miembros del equipo est\u00e1n siempre al corriente sobre todas las novedades en el sector de las gr\u00faas y pueden ofrecerle asesoramiento para todo tipo de pieza de recambio que necesite.[\/vc_column_text][\/vc_column][\/vc_row][vc_row el_class=\u00bbpy-5 mb-5&#8243;][vc_column]<div id=\"ultimate-heading-815569f091ed8bbda\" class=\"uvc-heading ult-adjust-bottom-margin ultimate-heading-815569f091ed8bbda uvc-9380 mtx-title-h2 pb-4 uvc-heading-default-font-sizes\" data-hspacer=\"no_spacer\"  data-halign=\"center\" style=\"text-align:center\"><div class=\"uvc-heading-spacer no_spacer\" style=\"top\"><\/div><div class=\"uvc-main-heading ult-responsive\"  data-ultimate-target='.uvc-heading.ultimate-heading-815569f091ed8bbda h2'  data-responsive-json-new='{\"font-size\":\"\",\"line-height\":\"\"}' ><h2 style=\"--font-weight:theme;\">Calidad<\/h2><\/div><\/div>[vc_column_text el_class=\u00bbtext-center pb-4&#8243;]En la calidad del producto influye el nivel de control de la red de proveedores, la aplicaci\u00f3n de la gesti\u00f3n de la calidad total, la disponibilidad de una red de servicios amplia y experimentada, adem\u00e1s de la eficiencia de la red log\u00edstica utilizada.[\/vc_column_text]<div id=\"ultimate-heading-315969f091ed8bc00\" class=\"uvc-heading ult-adjust-bottom-margin ultimate-heading-315969f091ed8bc00 uvc-2730 mtx-title-h2 pb-4 uvc-heading-default-font-sizes\" data-hspacer=\"no_spacer\"  data-halign=\"center\" style=\"text-align:center\"><div class=\"uvc-heading-spacer no_spacer\" style=\"top\"><\/div><div class=\"uvc-main-heading ult-responsive\"  data-ultimate-target='.uvc-heading.ultimate-heading-315969f091ed8bc00 h2'  data-responsive-json-new='{\"font-size\":\"\",\"line-height\":\"\"}' ><h2 style=\"--font-weight:theme;\">Compatibilidad<\/h2><\/div><\/div>[vc_column_text el_class=\u00bbtext-center pb-4&#8243;]Los Accesorios, realizados especialmente para un modelo espec\u00edfico de gr\u00faa PM, son perfectamente compatibles y rendidores.\u00a0Probados al 100% en las distintas condiciones de funcionamiento posibles, permiten reducir al m\u00ednimo los tiempos de intervenci\u00f3n e instalaci\u00f3n.[\/vc_column_text]<div id=\"ultimate-heading-339269f091ed8bc1b\" class=\"uvc-heading ult-adjust-bottom-margin ultimate-heading-339269f091ed8bc1b uvc-7608 mtx-title-h2 pb-4 uvc-heading-default-font-sizes\" data-hspacer=\"no_spacer\"  data-halign=\"center\" style=\"text-align:center\"><div class=\"uvc-heading-spacer no_spacer\" style=\"top\"><\/div><div class=\"uvc-main-heading ult-responsive\"  data-ultimate-target='.uvc-heading.ultimate-heading-339269f091ed8bc1b h2'  data-responsive-json-new='{\"font-size\":\"\",\"line-height\":\"\"}' ><h2 style=\"--font-weight:theme;\">Soporte t\u00e9cnico<\/h2><\/div><\/div>[vc_column_text el_class=\u00bbtext-center\u00bb]El personal especializado de PM\u00a0Service\u00a0est\u00e1 siempre a su lado para identificar los requisitos t\u00e9cnicos y de rendimiento de los Accesorios para su gr\u00faa.[\/vc_column_text][\/vc_column][\/vc_row]<\/p>\n","protected":false},"excerpt":{"rendered":"<p>[vc_row bg_type=\u00bbbg_color\u00bb bg_override=\u00bbex-full\u00bb el_class=\u00bbpy-5 mb-5&#8243; bg_color_value=\u00bb#f8f9f9&#8243;][vc_column][vc_column_text el_class=\u00bbtext-center\u00bb]Los Recambios Originales PM se fabrican con los m\u00e1s altos est\u00e1ndares de calidad y se dise\u00f1an para adaptarse exactamente a las especificaciones de tu gr\u00faa, garantizando seguridad de uso y manteniendo de las prestaciones.\u00a0Nuestros ingenieros recomiendan utilizar solo Recambios Originales PM, para el mantenimiento y la reparaci\u00f3n de la&hellip;<\/p>\n","protected":false},"author":1,"featured_media":1367,"parent":740,"menu_order":0,"comment_status":"closed","ping_status":"closed","template":"","meta":[],"acf":[],"_links":{"self":[{"href":"https:\/\/www.pm-group.eu\/es\/wp-json\/wp\/v2\/pages\/1169"}],"collection":[{"href":"https:\/\/www.pm-group.eu\/es\/wp-json\/wp\/v2\/pages"}],"about":[{"href":"https:\/\/www.pm-group.eu\/es\/wp-json\/wp\/v2\/types\/page"}],"author":[{"embeddable":true,"href":"https:\/\/www.pm-group.eu\/es\/wp-json\/wp\/v2\/users\/1"}],"replies":[{"embeddable":true,"href":"https:\/\/www.pm-group.eu\/es\/wp-json\/wp\/v2\/comments?post=1169"}],"version-history":[{"count":5,"href":"https:\/\/www.pm-group.eu\/es\/wp-json\/wp\/v2\/pages\/1169\/revisions"}],"predecessor-version":[{"id":1575,"href":"https:\/\/www.pm-group.eu\/es\/wp-json\/wp\/v2\/pages\/1169\/revisions\/1575"}],"up":[{"embeddable":true,"href":"https:\/\/www.pm-group.eu\/es\/wp-json\/wp\/v2\/pages\/740"}],"wp:featuredmedia":[{"embeddable":true,"href":"https:\/\/www.pm-group.eu\/es\/wp-json\/wp\/v2\/media\/1367"}],"wp:attachment":[{"href":"https:\/\/www.pm-group.eu\/es\/wp-json\/wp\/v2\/media?parent=1169"}],"curies":[{"name":"wp","href":"https:\/\/api.w.org\/{rel}","templated":true}]}}