{"id":723,"date":"2021-01-21T16:39:15","date_gmt":"2021-01-21T16:39:15","guid":{"rendered":"https:\/\/www.pm-group.eu\/?page_id=723"},"modified":"2025-11-26T17:35:33","modified_gmt":"2025-11-26T16:35:33","slug":"plants-and-branches","status":"publish","type":"page","link":"https:\/\/www.pm-group.eu\/en\/company\/plants-and-branches\/","title":{"rendered":"Plants and branches"},"content":{"rendered":"<p>[vc_row equal_height=&#8221;yes&#8221; content_placement=&#8221;middle&#8221; el_class=&#8221;pb-5&#8243;][vc_column css_animation=&#8221;none&#8221; width=&#8221;2\/3&#8243; el_class=&#8221;pb-4 pb-md-0&#8243;]<div id=\"ultimate-heading-103469f873b10842e\" class=\"uvc-heading ult-adjust-bottom-margin ultimate-heading-103469f873b10842e uvc-5074 mtx-title-h2 text-center-xs pb-4 uvc-heading-default-font-sizes\" data-hspacer=\"no_spacer\"  data-halign=\"left\" style=\"text-align:left\"><div class=\"uvc-heading-spacer no_spacer\" style=\"top\"><\/div><div class=\"uvc-main-heading ult-responsive\"  data-ultimate-target='.uvc-heading.ultimate-heading-103469f873b10842e h2'  data-responsive-json-new='{\"font-size\":\"\",\"line-height\":\"\"}' ><h2 style=\"--font-weight:theme;\">Our Headquarters: PM Oil &amp; Steel Spa - Italy<\/h2><\/div><\/div>[vc_column_text el_class=&#8221;text-center-xs&#8221;]PM moved its headquarters to San Cesario Sul Panaro (MO &#8211; Italy) in August 2004, from its historical head office in Modena. This decision was made following the construction of a state-of-the-art facility that now contains the management offices and all the various company departments: sales, marketing, technical design, R&amp;D, administration, technical assistance, spare parts and human resources.<\/p>\n<p>Registered Office:<br \/>\nPM Oil &amp; Steel Spa<br \/>\nVia G. Verdi 22<br \/>\n41018 San Cesario sul Panaro (Modena)<br \/>\nItaly<br \/>\nTel.: +39 059 936811<br \/>\nFax: +39 059 936800[\/vc_column_text][\/vc_column][vc_column css_animation=&#8221;none&#8221; width=&#8221;1\/3&#8243;][vc_single_image image=&#8221;664&#8243; img_size=&#8221;full&#8221; alignment=&#8221;center&#8221; onclick=&#8221;link_image&#8221; css_animation=&#8221;none&#8221; el_class=&#8221;mtx-img text-center-xs&#8221;][\/vc_column][\/vc_row][vc_row el_class=&#8221;py-5&#8243;][vc_column][vc_row_inner][vc_column_inner]<div id=\"ultimate-heading-868469f873b108467\" class=\"uvc-heading ult-adjust-bottom-margin ultimate-heading-868469f873b108467 uvc-399 mtx-title-h2 pb-5 uvc-heading-default-font-sizes\" data-hspacer=\"no_spacer\"  data-halign=\"center\" style=\"text-align:center\"><div class=\"uvc-heading-spacer no_spacer\" style=\"top\"><\/div><div class=\"uvc-main-heading ult-responsive\"  data-ultimate-target='.uvc-heading.ultimate-heading-868469f873b108467 h2'  data-responsive-json-new='{\"font-size\":\"\",\"line-height\":\"\"}' ><h2 style=\"--font-weight:theme;\">Commercial Subsidiaries<\/h2><\/div><\/div>[\/vc_column_inner][\/vc_row_inner][vc_row_inner equal_height=&#8221;yes&#8221; el_class=&#8221;pb-5&#8243;][vc_column_inner el_class=&#8221;pb-5&#8243; width=&#8221;1\/3&#8243;]<div class=\"aio-icon-component   mtx-info-box style_1\"><div id=\"Info-box-wrap-4251\" class=\"aio-icon-box top-icon\" style=\"\"  ><div class=\"aio-icon-top\"><div class=\"ult-just-icon-wrapper  \"><div class=\"align-icon\" style=\"text-align:center;\">\n<div class=\"aio-icon-img \" style=\"font-size:206px;display:inline-block;\" >\n\t<img class=\"img-icon\" alt=\"null\" src=\"https:\/\/www.pm-group.eu\/en\/wp-content\/uploads\/sites\/2\/2023\/02\/ManitexInternational_ApplicationEveryBrands.png\"\/>\n<\/div><\/div><\/div><\/div><div class=\"aio-icon-header\" ><h3 class=\"aio-icon-title ult-responsive\"  data-ultimate-target='#Info-box-wrap-4251 .aio-icon-title'  data-responsive-json-new='{\"font-size\":\"\",\"line-height\":\"\"}'  style=\"\">PM OIL&amp;STEEL ASIA<\/h3><\/div> <!-- header --><div class=\"aio-icon-description ult-responsive\"  data-ultimate-target='#Info-box-wrap-4251 .aio-icon-description'  data-responsive-json-new='{\"font-size\":\"\",\"line-height\":\"\"}'  style=\"\"><\/p>\n<p class=\"p1\">11 Sungei Kadut Street 4<br \/>\n729041 Singapore<br \/>\nTel: +65 9847 0210<\/p>\n<p><\/div> <!-- description --><\/div> <!-- aio-icon-box --><\/div> <!-- aio-icon-component -->[\/vc_column_inner][vc_column_inner el_class=&#8221;pb-5&#8243; width=&#8221;1\/3&#8243;]<div class=\"aio-icon-component   mtx-info-box style_1\"><div id=\"Info-box-wrap-2171\" class=\"aio-icon-box top-icon\" style=\"\"  ><div class=\"aio-icon-top\"><div class=\"ult-just-icon-wrapper  \"><div class=\"align-icon\" style=\"text-align:center;\">\n<div class=\"aio-icon-img \" style=\"font-size:206px;display:inline-block;\" >\n\t<img class=\"img-icon\" alt=\"null\" src=\"https:\/\/www.pm-group.eu\/en\/wp-content\/uploads\/sites\/2\/2023\/02\/ManitexInternational_ApplicationEveryBrands.png\"\/>\n<\/div><\/div><\/div><\/div><div class=\"aio-icon-header\" ><h3 class=\"aio-icon-title ult-responsive\"  data-ultimate-target='#Info-box-wrap-2171 .aio-icon-title'  data-responsive-json-new='{\"font-size\":\"\",\"line-height\":\"\"}'  style=\"\">PM OIL&amp;STEEL IBERICA<\/h3><\/div> <!-- header --><div class=\"aio-icon-description ult-responsive\"  data-ultimate-target='#Info-box-wrap-2171 .aio-icon-description'  data-responsive-json-new='{\"font-size\":\"\",\"line-height\":\"\"}'  style=\"\"><\/p>\n<p class=\"p1\">Ctra Nacional III 339<br \/>\n46190 Riba-Roja del Turia, Valencia<br \/>\nSpain<br \/>\nTel.: +34 902 636 778<br \/>\nFax: +34 902 636 779<\/p>\n<p><\/div> <!-- description --><\/div> <!-- aio-icon-box --><\/div> <!-- aio-icon-component -->[\/vc_column_inner][vc_column_inner el_class=&#8221;pb-5&#8243; width=&#8221;1\/3&#8243;]<div class=\"aio-icon-component   mtx-info-box style_1\"><div id=\"Info-box-wrap-6244\" class=\"aio-icon-box top-icon\" style=\"\"  ><div class=\"aio-icon-top\"><div class=\"ult-just-icon-wrapper  \"><div class=\"align-icon\" style=\"text-align:center;\">\n<div class=\"aio-icon-img \" style=\"font-size:206px;display:inline-block;\" >\n\t<img class=\"img-icon\" alt=\"null\" src=\"https:\/\/www.pm-group.eu\/en\/wp-content\/uploads\/sites\/2\/2023\/02\/ManitexInternational_ApplicationEveryBrands.png\"\/>\n<\/div><\/div><\/div><\/div><div class=\"aio-icon-header\" ><h3 class=\"aio-icon-title ult-responsive\"  data-ultimate-target='#Info-box-wrap-6244 .aio-icon-title'  data-responsive-json-new='{\"font-size\":\"\",\"line-height\":\"\"}'  style=\"\">PM OIL&amp;STEEL FRANCE<\/h3><\/div> <!-- header --><div class=\"aio-icon-description ult-responsive\"  data-ultimate-target='#Info-box-wrap-6244 .aio-icon-description'  data-responsive-json-new='{\"font-size\":\"\",\"line-height\":\"\"}'  style=\"\"><\/p>\n<p style=\"font-weight: 400;\">Amaury PAPIN<br \/>\n+33(0) 6 15 51 63 56<br \/>\n<a href=\"mailto:amaury.papin@tadano.com\">amaury.papin@tadano.com<\/a><br \/>\n151, Impasse de la Balme<br \/>\n69800, Saint- Priest (FR)<\/p>\n<p><\/div> <!-- description --><\/div> <!-- aio-icon-box --><\/div> <!-- aio-icon-component -->[\/vc_column_inner][vc_column_inner width=&#8221;1\/3&#8243;]<div class=\"aio-icon-component   mtx-info-box style_1\"><div id=\"Info-box-wrap-8974\" class=\"aio-icon-box top-icon\" style=\"\"  ><div class=\"aio-icon-top\"><div class=\"ult-just-icon-wrapper  \"><div class=\"align-icon\" style=\"text-align:center;\">\n<div class=\"aio-icon-img \" style=\"font-size:206px;display:inline-block;\" >\n\t<img class=\"img-icon\" alt=\"null\" src=\"https:\/\/www.pm-group.eu\/en\/wp-content\/uploads\/sites\/2\/2023\/02\/ManitexInternational_ApplicationEveryBrands.png\"\/>\n<\/div><\/div><\/div><\/div><div class=\"aio-icon-header\" ><h3 class=\"aio-icon-title ult-responsive\"  data-ultimate-target='#Info-box-wrap-8974 .aio-icon-title'  data-responsive-json-new='{\"font-size\":\"\",\"line-height\":\"\"}'  style=\"\">PM ARGENTINA<\/h3><\/div> <!-- header --><div class=\"aio-icon-description ult-responsive\"  data-ultimate-target='#Info-box-wrap-8974 .aio-icon-description'  data-responsive-json-new='{\"font-size\":\"\",\"line-height\":\"\"}'  style=\"\"><\/p>\n<p class=\"p1\">Predio Industrial La Papelera<br \/>\nIntendente Neyer, 1133 Unid. 15<br \/>\nC.P. 1643 &#8211; Beccar &#8211; Prov. de Buenos Aires &#8211; Argentina<br \/>\nTel: +5411\u00a0 4732-9008 \/ +54 11 4747 8003<br \/>\nCell. +54 911 5517 5579<br \/>\nFax:+5411\u00a0 4747-8003<\/p>\n<p><\/div> <!-- description --><\/div> <!-- aio-icon-box --><\/div> <!-- aio-icon-component -->[\/vc_column_inner][vc_column_inner width=&#8221;1\/3&#8243;]<div class=\"aio-icon-component   mtx-info-box style_1\"><div id=\"Info-box-wrap-3407\" class=\"aio-icon-box top-icon\" style=\"\"  ><div class=\"aio-icon-top\"><div class=\"ult-just-icon-wrapper  \"><div class=\"align-icon\" style=\"text-align:center;\">\n<div class=\"aio-icon-img \" style=\"font-size:206px;display:inline-block;\" >\n\t<img class=\"img-icon\" alt=\"null\" src=\"https:\/\/www.pm-group.eu\/en\/wp-content\/uploads\/sites\/2\/2023\/02\/ManitexInternational_ApplicationEveryBrands.png\"\/>\n<\/div><\/div><\/div><\/div><div class=\"aio-icon-header\" ><h3 class=\"aio-icon-title ult-responsive\"  data-ultimate-target='#Info-box-wrap-3407 .aio-icon-title'  data-responsive-json-new='{\"font-size\":\"\",\"line-height\":\"\"}'  style=\"\">PM MEXICO<\/h3><\/div> <!-- header --><div class=\"aio-icon-description ult-responsive\"  data-ultimate-target='#Info-box-wrap-3407 .aio-icon-description'  data-responsive-json-new='{\"font-size\":\"\",\"line-height\":\"\"}'  style=\"\"><\/p>\n<p class=\"p1\">Carretera Queretaro- Mexico KM 201.5 , Bodega #50<br \/>\nEurobusiness Park El Marqu\u00e9s,<br \/>\nColonia Cumbres de Con\u00edn Tercera Secci\u00f3n, Mcpio. El Marqu\u00e9s,<br \/>\nCP. 76246<br \/>\nQueretaro<br \/>\nMexico<\/p>\n<p><\/div> <!-- description --><\/div> <!-- aio-icon-box --><\/div> <!-- aio-icon-component -->[\/vc_column_inner][vc_column_inner width=&#8221;1\/3&#8243;]<div class=\"aio-icon-component   mtx-info-box style_1\"><div id=\"Info-box-wrap-8941\" class=\"aio-icon-box top-icon\" style=\"\"  ><div class=\"aio-icon-top\"><div class=\"ult-just-icon-wrapper  \"><div class=\"align-icon\" style=\"text-align:center;\">\n<div class=\"aio-icon-img \" style=\"font-size:206px;display:inline-block;\" >\n\t<img class=\"img-icon\" alt=\"null\" src=\"https:\/\/www.pm-group.eu\/en\/wp-content\/uploads\/sites\/2\/2023\/02\/ManitexInternational_ApplicationEveryBrands.png\"\/>\n<\/div><\/div><\/div><\/div><div class=\"aio-icon-header\" ><h3 class=\"aio-icon-title ult-responsive\"  data-ultimate-target='#Info-box-wrap-8941 .aio-icon-title'  data-responsive-json-new='{\"font-size\":\"\",\"line-height\":\"\"}'  style=\"\">PM CHILE<\/h3><\/div> <!-- header --><div class=\"aio-icon-description ult-responsive\"  data-ultimate-target='#Info-box-wrap-8941 .aio-icon-description'  data-responsive-json-new='{\"font-size\":\"\",\"line-height\":\"\"}'  style=\"\"><\/p>\n<p class=\"p1\">Alcalde Guzm\u00e1n n\u00b00121, Galp\u00f3n Pyme 3<br \/>\nQuilicura &#8211; Santiago &#8211; Cile<br \/>\nTel.: +56 2 2 763 0300<br \/>\ninfo@pm-latinamerica.com<\/p>\n<p><\/div> <!-- description --><\/div> <!-- aio-icon-box --><\/div> <!-- aio-icon-component -->[\/vc_column_inner][\/vc_row_inner][vc_row_inner][vc_column_inner]<div id=\"ultimate-heading-974069f873b109626\" class=\"uvc-heading ult-adjust-bottom-margin ultimate-heading-974069f873b109626 uvc-1497 mtx-title-h2 pb-5 uvc-heading-default-font-sizes\" data-hspacer=\"no_spacer\"  data-halign=\"center\" style=\"text-align:center\"><div class=\"uvc-heading-spacer no_spacer\" style=\"top\"><\/div><div class=\"uvc-main-heading ult-responsive\"  data-ultimate-target='.uvc-heading.ultimate-heading-974069f873b109626 h2'  data-responsive-json-new='{\"font-size\":\"\",\"line-height\":\"\"}' ><h2 style=\"--font-weight:theme;\">Production plants<\/h2><\/div><\/div>[\/vc_column_inner][\/vc_row_inner][vc_row_inner equal_height=&#8221;yes&#8221; el_class=&#8221;pb-5&#8243;][vc_column_inner width=&#8221;1\/3&#8243; offset=&#8221;vc_col-sm-offset-2&#8243;]<div class=\"aio-icon-component   mtx-info-box style_1\"><div id=\"Info-box-wrap-5243\" class=\"aio-icon-box top-icon\" style=\"\"  ><div class=\"aio-icon-top\"><div class=\"ult-just-icon-wrapper  \"><div class=\"align-icon\" style=\"text-align:center;\">\n<div class=\"aio-icon-img \" style=\"font-size:206px;display:inline-block;\" >\n\t<img class=\"img-icon\" alt=\"null\" src=\"https:\/\/www.pm-group.eu\/en\/wp-content\/uploads\/sites\/2\/2024\/12\/ManitexInternationalGroup_PMGroup_OilSteel.png\"\/>\n<\/div><\/div><\/div><\/div><div class=\"aio-icon-header\" ><h3 class=\"aio-icon-title ult-responsive\"  data-ultimate-target='#Info-box-wrap-5243 .aio-icon-title'  data-responsive-json-new='{\"font-size\":\"\",\"line-height\":\"\"}'  style=\"\">San Cesario sul Panaro, Modena, Italy<\/h3><\/div> <!-- header --><div class=\"aio-icon-description ult-responsive\"  data-ultimate-target='#Info-box-wrap-5243 .aio-icon-description'  data-responsive-json-new='{\"font-size\":\"\",\"line-height\":\"\"}'  style=\"\"><\/p>\n<p class=\"p1\">Strada modenese 4985<br \/>\n41018 San Cesario sul Panaro (Modena)<br \/>\nItaly<br \/>\nTel.: +39 059 936811<br \/>\nFax: +39 059936800<\/p>\n<p><\/div> <!-- description --><\/div> <!-- aio-icon-box --><\/div> <!-- aio-icon-component -->[\/vc_column_inner][vc_column_inner width=&#8221;1\/3&#8243;]<div class=\"aio-icon-component   mtx-info-box style_1\"><div id=\"Info-box-wrap-4938\" class=\"aio-icon-box top-icon\" style=\"\"  ><div class=\"aio-icon-top\"><div class=\"ult-just-icon-wrapper  \"><div class=\"align-icon\" style=\"text-align:center;\">\n<div class=\"aio-icon-img \" style=\"font-size:206px;display:inline-block;\" >\n\t<img class=\"img-icon\" alt=\"null\" src=\"https:\/\/www.pm-group.eu\/en\/wp-content\/uploads\/sites\/2\/2024\/12\/ManitexInternationalGroup_PMGroup_OilSteel.png\"\/>\n<\/div><\/div><\/div><\/div><div class=\"aio-icon-header\" ><h3 class=\"aio-icon-title ult-responsive\"  data-ultimate-target='#Info-box-wrap-4938 .aio-icon-title'  data-responsive-json-new='{\"font-size\":\"\",\"line-height\":\"\"}'  style=\"\">Arad - Romania<\/h3><\/div> <!-- header --><div class=\"aio-icon-description ult-responsive\"  data-ultimate-target='#Info-box-wrap-4938 .aio-icon-description'  data-responsive-json-new='{\"font-size\":\"\",\"line-height\":\"\"}'  style=\"\"><\/p>\n<p class=\"p1\">Zona industriale de vest<br \/>\nStrada I nr. 9-9A<br \/>\nArad<br \/>\nRomania<br \/>\nTel.: +40 257271170\u00a0 &#8211;\u00a0 Fax: +40 257271401<\/p>\n<p><\/div> <!-- description --><\/div> <!-- aio-icon-box --><\/div> <!-- aio-icon-component -->[\/vc_column_inner][\/vc_row_inner][\/vc_column][\/vc_row]<\/p>\n","protected":false},"excerpt":{"rendered":"<p>[vc_row equal_height=&#8221;yes&#8221; content_placement=&#8221;middle&#8221; el_class=&#8221;pb-5&#8243;][vc_column css_animation=&#8221;none&#8221; width=&#8221;2\/3&#8243; el_class=&#8221;pb-4 pb-md-0&#8243;][vc_column_text el_class=&#8221;text-center-xs&#8221;]PM moved its headquarters to San Cesario Sul Panaro (MO &#8211; Italy) in August 2004, from its historical head office in Modena. This decision was made following the construction of a state-of-the-art facility that now contains the management offices and all the various company departments: sales, marketing,&hellip;<\/p>\n","protected":false},"author":1,"featured_media":726,"parent":54,"menu_order":0,"comment_status":"closed","ping_status":"closed","template":"","meta":[],"acf":[],"_links":{"self":[{"href":"https:\/\/www.pm-group.eu\/en\/wp-json\/wp\/v2\/pages\/723"}],"collection":[{"href":"https:\/\/www.pm-group.eu\/en\/wp-json\/wp\/v2\/pages"}],"about":[{"href":"https:\/\/www.pm-group.eu\/en\/wp-json\/wp\/v2\/types\/page"}],"author":[{"embeddable":true,"href":"https:\/\/www.pm-group.eu\/en\/wp-json\/wp\/v2\/users\/1"}],"replies":[{"embeddable":true,"href":"https:\/\/www.pm-group.eu\/en\/wp-json\/wp\/v2\/comments?post=723"}],"version-history":[{"count":6,"href":"https:\/\/www.pm-group.eu\/en\/wp-json\/wp\/v2\/pages\/723\/revisions"}],"predecessor-version":[{"id":3750,"href":"https:\/\/www.pm-group.eu\/en\/wp-json\/wp\/v2\/pages\/723\/revisions\/3750"}],"up":[{"embeddable":true,"href":"https:\/\/www.pm-group.eu\/en\/wp-json\/wp\/v2\/pages\/54"}],"wp:featuredmedia":[{"embeddable":true,"href":"https:\/\/www.pm-group.eu\/en\/wp-json\/wp\/v2\/media\/726"}],"wp:attachment":[{"href":"https:\/\/www.pm-group.eu\/en\/wp-json\/wp\/v2\/media?parent=723"}],"curies":[{"name":"wp","href":"https:\/\/api.w.org\/{rel}","templated":true}]}}