{"id":760,"date":"2021-01-22T08:22:13","date_gmt":"2021-01-22T08:22:13","guid":{"rendered":"https:\/\/www.pm-group.eu\/?page_id=760"},"modified":"2021-05-24T13:07:18","modified_gmt":"2021-05-24T13:07:18","slug":"after-sales-service","status":"publish","type":"page","link":"https:\/\/www.pm-group.eu\/de\/service\/after-sales-service\/","title":{"rendered":"After-Sales-Service"},"content":{"rendered":"<p>[vc_row el_class=&#8220;pb-5&#8243;][vc_column]<div id=\"ultimate-heading-497569de2dc3dbb49\" class=\"uvc-heading ult-adjust-bottom-margin ultimate-heading-497569de2dc3dbb49 uvc-5703 mtx-title-h2 pb-4 uvc-heading-default-font-sizes\" data-hspacer=\"no_spacer\"  data-halign=\"center\" style=\"text-align:center\"><div class=\"uvc-heading-spacer no_spacer\" style=\"top\"><\/div><div class=\"uvc-main-heading ult-responsive\"  data-ultimate-target='.uvc-heading.ultimate-heading-497569de2dc3dbb49 h2'  data-responsive-json-new='{\"font-size\":\"\",\"line-height\":\"\"}' ><h2 style=\"--font-weight:theme;\">After-Sales-Service<\/h2><\/div><\/div>[vc_column_text el_class=&#8220;text-center pb-4&#8243;]PM betrachtet einen effektiven After-Sales-Service als wesentliches und strategisches Element f\u00fcr die Entwicklung der eigenen Aktivit\u00e4ten in Italien und der Welt.<\/p>\n<p>Erkl\u00e4rtes Ziel ist es, die Kundschaft in die Lage zu versetzen, unbesorgt auf einen\u00a0<strong>qualitativ hochwertigen Kundendienst<\/strong>\u00a0vertrauen zu k\u00f6nnen, der schnell eingreift, um jedes beliebige Problem am Produkt zu l\u00f6sen.<\/p>\n<p>Zu diesem Zweck st\u00fctzt sich PM in ganz Italien und auf den verschiedenen Referenzm\u00e4rkten auf\u00a0<strong>ein fl\u00e4chendeckendes Netz von Vertragswerkst\u00e4tten<\/strong>\u00a0(SERVICE PARTNER), deren Personal von den Technikern der Muttergesellschaft nach einer angemessenen Schulung st\u00e4ndig auf dem neuesten Stand gehalten wird.[\/vc_column_text]<style type=\"text\/css\" data-type=\"the7_shortcodes-inline-css\">#default-btn-1b074abae37fd6f849fae8887a1de432.ico-right-side > i {\n  margin-right: 0px;\n  margin-left: 8px;\n}\n#default-btn-1b074abae37fd6f849fae8887a1de432 > i {\n  margin-right: 8px;\n}\n#default-btn-1b074abae37fd6f849fae8887a1de432 * {\n  vertical-align: middle;\n}\n<\/style><div class=\"btn-align-center\"><a href=\"https:\/\/www.pm-group.eu\/de\/kontakt\/?subject=Informationshilfe%20anfordern&amp;office=Hilfe\" class=\"default-btn-shortcode dt-btn dt-btn-l link-hover-off mtx-btn mb-4 \" id=\"default-btn-1b074abae37fd6f849fae8887a1de432\" title=\"Kontakt\"><span>SERVICE ANFORDERN<\/span><\/a><\/div><style type=\"text\/css\" data-type=\"the7_shortcodes-inline-css\">#default-btn-aa499a219a1f9c6adf6499f1018ca533.ico-right-side > i {\n  margin-right: 0px;\n  margin-left: 8px;\n}\n#default-btn-aa499a219a1f9c6adf6499f1018ca533 > i {\n  margin-right: 8px;\n}\n#default-btn-aa499a219a1f9c6adf6499f1018ca533 * {\n  vertical-align: middle;\n}\n<\/style><div class=\"btn-align-center\"><a href=\"http:\/\/www.pm-group.eu\/de\/service\/ersatzteile-und-zubehoer\/\" class=\"default-btn-shortcode dt-btn dt-btn-l link-hover-off mtx-btn \" id=\"default-btn-aa499a219a1f9c6adf6499f1018ca533\"><span>ERSATZTEILE<\/span><\/a><\/div>[\/vc_column][\/vc_row][vc_row el_class=&#8220;pb-5&#8243;][vc_column css_animation=&#8220;none&#8220;][vc_single_image image=&#8220;767&#8243; img_size=&#8220;full&#8220; alignment=&#8220;center&#8220; el_class=&#8220;mtx-img&#8220;][\/vc_column][\/vc_row][vc_row el_class=&#8220;pb-5&#8243;][vc_column]<div id=\"ultimate-heading-498369de2dc3dde4d\" class=\"uvc-heading ult-adjust-bottom-margin ultimate-heading-498369de2dc3dde4d uvc-847 mtx-title-h2 pb-4 uvc-heading-default-font-sizes\" data-hspacer=\"no_spacer\"  data-halign=\"center\" style=\"text-align:center\"><div class=\"uvc-heading-spacer no_spacer\" style=\"top\"><\/div><div class=\"uvc-main-heading ult-responsive\"  data-ultimate-target='.uvc-heading.ultimate-heading-498369de2dc3dde4d h2'  data-responsive-json-new='{\"font-size\":\"\",\"line-height\":\"\"}' ><h2 style=\"--font-weight:theme;\">Die n\u00e4chstgelegene Servicestelle finden<\/h2><\/div><\/div>[vc_column_text el_class=&#8220;text-center pb-4&#8243;]PM Oil &amp; Steel\u00a0Spa\u00a0ist ein internationales Unternehmen mit Hauptsitz in Italien und lokalen Vertriebspartnern in der ganzen Welt.<\/p>\n<p>Unsere Service-Center werden direkt von unserem Unternehmen geschult. Es werden regelm\u00e4\u00dfig Kurse abgehalten, um zu neuen Produkten, Systemen und Ger\u00e4ten auf dem Laufenden zu bleiben und damit allen Kunden einen hochwertigen Service zu garantieren.[\/vc_column_text]<style type=\"text\/css\" data-type=\"the7_shortcodes-inline-css\">#default-btn-2ccb603e1aa118d7c15e0f2d2c338ecd.ico-right-side > i {\n  margin-right: 0px;\n  margin-left: 8px;\n}\n#default-btn-2ccb603e1aa118d7c15e0f2d2c338ecd > i {\n  margin-right: 8px;\n}\n#default-btn-2ccb603e1aa118d7c15e0f2d2c338ecd * {\n  vertical-align: middle;\n}\n<\/style><div class=\"btn-align-center\"><a href=\"http:\/\/www.pm-group.eu\/de\/vertrieb-und-service\/\" class=\"default-btn-shortcode dt-btn dt-btn-l link-hover-off mtx-btn \" id=\"default-btn-2ccb603e1aa118d7c15e0f2d2c338ecd\"><span>SUCHE DAS N\u00c4CHSTGELEGENE SERVICE-CENTRUM<\/span><\/a><\/div>[\/vc_column][\/vc_row]<\/p>\n","protected":false},"excerpt":{"rendered":"<p>[vc_row el_class=&#8220;pb-5&#8243;][vc_column][vc_column_text el_class=&#8220;text-center pb-4&#8243;]PM betrachtet einen effektiven After-Sales-Service als wesentliches und strategisches Element f\u00fcr die Entwicklung der eigenen Aktivit\u00e4ten in Italien und der Welt. Erkl\u00e4rtes Ziel ist es, die Kundschaft in die Lage zu versetzen, unbesorgt auf einen\u00a0qualitativ hochwertigen Kundendienst\u00a0vertrauen zu k\u00f6nnen, der schnell eingreift, um jedes beliebige Problem am Produkt zu l\u00f6sen. Zu diesem&hellip;<\/p>\n","protected":false},"author":1,"featured_media":763,"parent":740,"menu_order":0,"comment_status":"closed","ping_status":"closed","template":"","meta":[],"acf":[],"_links":{"self":[{"href":"https:\/\/www.pm-group.eu\/de\/wp-json\/wp\/v2\/pages\/760"}],"collection":[{"href":"https:\/\/www.pm-group.eu\/de\/wp-json\/wp\/v2\/pages"}],"about":[{"href":"https:\/\/www.pm-group.eu\/de\/wp-json\/wp\/v2\/types\/page"}],"author":[{"embeddable":true,"href":"https:\/\/www.pm-group.eu\/de\/wp-json\/wp\/v2\/users\/1"}],"replies":[{"embeddable":true,"href":"https:\/\/www.pm-group.eu\/de\/wp-json\/wp\/v2\/comments?post=760"}],"version-history":[{"count":5,"href":"https:\/\/www.pm-group.eu\/de\/wp-json\/wp\/v2\/pages\/760\/revisions"}],"predecessor-version":[{"id":1767,"href":"https:\/\/www.pm-group.eu\/de\/wp-json\/wp\/v2\/pages\/760\/revisions\/1767"}],"up":[{"embeddable":true,"href":"https:\/\/www.pm-group.eu\/de\/wp-json\/wp\/v2\/pages\/740"}],"wp:featuredmedia":[{"embeddable":true,"href":"https:\/\/www.pm-group.eu\/de\/wp-json\/wp\/v2\/media\/763"}],"wp:attachment":[{"href":"https:\/\/www.pm-group.eu\/de\/wp-json\/wp\/v2\/media?parent=760"}],"curies":[{"name":"wp","href":"https:\/\/api.w.org\/{rel}","templated":true}]}}