{"id":740,"date":"2021-01-21T17:36:14","date_gmt":"2021-01-21T17:36:14","guid":{"rendered":"https:\/\/www.pm-group.eu\/?page_id=740"},"modified":"2021-05-24T12:59:29","modified_gmt":"2021-05-24T12:59:29","slug":"service","status":"publish","type":"page","link":"https:\/\/www.pm-group.eu\/de\/service\/","title":{"rendered":"Service"},"content":{"rendered":"<p>[vc_row el_class=&#8220;pb-5&#8243;][vc_column]<div id=\"ultimate-heading-435069ddfb1371a95\" class=\"uvc-heading ult-adjust-bottom-margin ultimate-heading-435069ddfb1371a95 uvc-1984 mtx-title-h2 pb-4 uvc-heading-default-font-sizes\" data-hspacer=\"no_spacer\"  data-halign=\"center\" style=\"text-align:center\"><div class=\"uvc-heading-spacer no_spacer\" style=\"top\"><\/div><div class=\"uvc-main-heading ult-responsive\"  data-ultimate-target='.uvc-heading.ultimate-heading-435069ddfb1371a95 h2'  data-responsive-json-new='{\"font-size\":\"\",\"line-height\":\"\"}' ><h2 style=\"--font-weight:theme;\">Unsere Dienstleistungen<\/h2><\/div><\/div>[vc_column_text el_class=&#8220;text-center&#8220;]Unser Ziel ist es, immer der beste Partner f\u00fcr unsere Kunden zu sein.<\/p>\n<p>PM hat den PM Service geschaffen, weil Service f\u00fcr uns von PM viel mehr als technische Unterst\u00fctzung bedeutet. Service ist, den Wert Ihres Krans zu garantieren und zu sch\u00fctzen. Wir sind uns der Bedeutung unserer Rolle im Service bewusst und arbeiten hart daran, die Ausfallzeiten\u00a0deS\u00a0Krans\u00a0zu reduzieren, da wir wissen, dass dies der Schl\u00fcssel zur Maximierung der Gewinne unserer Kunden ist.<\/p>\n<p>Auf der von uns versprochenen Qualit\u00e4t des Service beruht das Vertrauen unserer Kunden. Daher ist unser st\u00e4ndiges Engagement im Bereich der Schulung und Bewertung aller Partner unseres weltweiten After-Sales-Netzes so wichtig.[\/vc_column_text][\/vc_column][\/vc_row][vc_row equal_height=&#8220;yes&#8220; content_placement=&#8220;middle&#8220; bg_type=&#8220;image&#8220; parallax_style=&#8220;vcpb-default&#8220; bg_image_new=&#8220;id^743|url^https:\/\/www.pm-group.eu\/wp-content\/uploads\/sites\/4\/2021\/01\/pm_services_services.jpg|caption^null|alt^null|title^pm_services_services|description^null&#8220; bg_image_repeat=&#8220;no-repeat&#8220; bg_img_attach=&#8220;fixed&#8220; bg_image_posiiton=&#8220;center center&#8220; bg_override=&#8220;ex-full&#8220; el_class=&#8220;py-5 mb-5 mtx-row-gradient&#8220;][vc_column css_animation=&#8220;none&#8220;][\/vc_column][\/vc_row][vc_row equal_height=&#8220;yes&#8220; el_class=&#8220;pb-5&#8243;][vc_column css_animation=&#8220;none&#8220;][vc_row_inner el_class=&#8220;pb-5&#8243;][vc_column_inner][vc_column_text el_class=&#8220;text-center pb-4&#8243;]PM verf\u00fcgt \u00fcber ein globales Service-Netz und Partner, die immer bereitstehen, um Betreuung und Kundendienst zu liefern.<\/p>\n<p>Wo liegt das n\u00e4chste Service-Center[\/vc_column_text]<style type=\"text\/css\" data-type=\"the7_shortcodes-inline-css\">#default-btn-2ccb603e1aa118d7c15e0f2d2c338ecd.ico-right-side > i {\n  margin-right: 0px;\n  margin-left: 8px;\n}\n#default-btn-2ccb603e1aa118d7c15e0f2d2c338ecd > i {\n  margin-right: 8px;\n}\n#default-btn-2ccb603e1aa118d7c15e0f2d2c338ecd * {\n  vertical-align: middle;\n}\n<\/style><div class=\"btn-align-center\"><a href=\"http:\/\/www.pm-group.eu\/de\/vertrieb-und-service\/\" class=\"default-btn-shortcode dt-btn dt-btn-l link-hover-off mtx-btn \" id=\"default-btn-2ccb603e1aa118d7c15e0f2d2c338ecd\"><span>MEHR INFORMATIONEN<\/span><\/a><\/div>[\/vc_column_inner][\/vc_row_inner][vc_row_inner el_class=&#8220;py-5&#8243;][vc_column_inner]<div id=\"ultimate-heading-975269ddfb1372144\" class=\"uvc-heading ult-adjust-bottom-margin ultimate-heading-975269ddfb1372144 uvc-534 mtx-title-h2 pb-4 uvc-heading-default-font-sizes\" data-hspacer=\"no_spacer\"  data-halign=\"center\" style=\"text-align:center\"><div class=\"uvc-heading-spacer no_spacer\" style=\"top\"><\/div><div class=\"uvc-main-heading ult-responsive\"  data-ultimate-target='.uvc-heading.ultimate-heading-975269ddfb1372144 h2'  data-responsive-json-new='{\"font-size\":\"\",\"line-height\":\"\"}' ><h2 style=\"--font-weight:theme;\">Mission<\/h2><\/div><\/div>[vc_column_text el_class=&#8220;text-center&#8220;]Die volle Zufriedenheit des Kunden zu gew\u00e4hrleisten, ihn\u00a0durch st\u00e4ndige\u00a0Pr\u00e4senz\u00a0und besondere Aufmerksamkeit auf seine Bed\u00fcrfnisse zu unterst\u00fctzen, ist die Philosophie, die den Gesch\u00e4ftsbereich PM Service leitet.<\/p>\n<p>Schnell zum Kern des Problems vordringen, das ist der Geist, mit dem das PM-Fachpersonal die Anfragen f\u00fcr Kundendienst und Lieferung von Ersatzteilen und Zubeh\u00f6r bearbeitet.<\/p>\n<p>Die PM-Techniker sind jederzeit bereit, eine Anfrage f\u00fcr einen Kundendiensteingriff zu \u00fcbernehmen, indem sie selbst antworten oder das n\u00e4chstgelegene Service-Center aktivieren.<\/p>\n<p>Um mehr \u00fcber die von PM Service garantierten Kundendienstleistungen zu erfahren, konsultieren Sie bitte die entsprechenden Men\u00fc-Bereiche: Ersatzteile, After Sales, Neue Garantie und Schulung.<\/p>\n<p>&nbsp;<\/p>\n<p>[\/vc_column_text][\/vc_column_inner][\/vc_row_inner][vc_row_inner][vc_column_inner el_class=&#8220;pb-5 pb-md-0&#8243; width=&#8220;1\/3&#8243;]<div class=\"aio-icon-component   mtx-info-box style_1\"><a class=\"aio-icon-box-link\" href=\"http:\/\/www.pm-group.eu\/de\/service\/after-sales-service\/\" ><div id=\"Info-box-wrap-4844\" class=\"aio-icon-box top-icon\" style=\"\"  ><div class=\"aio-icon-top\"><div class=\"ult-just-icon-wrapper  \"><div class=\"align-icon\" style=\"text-align:center;\">\n<div class=\"aio-icon-img \" style=\"font-size:71px;display:inline-block;\" >\n\t<img class=\"img-icon\" alt=\"null\" src=\"https:\/\/www.pm-group.eu\/de\/wp-content\/uploads\/sites\/4\/2021\/01\/pm_icon_aftersale.png\"\/>\n<\/div><\/div><\/div><\/div><div class=\"aio-icon-header\" ><h3 class=\"aio-icon-title ult-responsive\"  data-ultimate-target='#Info-box-wrap-4844 .aio-icon-title'  data-responsive-json-new='{\"font-size\":\"\",\"line-height\":\"\"}'  style=\"\">After-Sales<\/h3><\/div> <!-- header --><\/div> <!-- aio-icon-box --><\/a><\/div> <!-- aio-icon-component -->[\/vc_column_inner][vc_column_inner el_class=&#8220;pb-5 pb-md-0&#8243; width=&#8220;1\/3&#8243;]<div class=\"aio-icon-component   mtx-info-box style_1\"><a class=\"aio-icon-box-link\" href=\"http:\/\/www.pm-group.eu\/de\/service\/ersatzteile-und-zubehoer\/\" ><div id=\"Info-box-wrap-6998\" class=\"aio-icon-box top-icon\" style=\"\"  ><div class=\"aio-icon-top\"><div class=\"ult-just-icon-wrapper  \"><div class=\"align-icon\" style=\"text-align:center;\">\n<div class=\"aio-icon-img \" style=\"font-size:71px;display:inline-block;\" >\n\t<img class=\"img-icon\" alt=\"null\" src=\"https:\/\/www.pm-group.eu\/de\/wp-content\/uploads\/sites\/4\/2021\/01\/pm_icon_spare-parts.png\"\/>\n<\/div><\/div><\/div><\/div><div class=\"aio-icon-header\" ><h3 class=\"aio-icon-title ult-responsive\"  data-ultimate-target='#Info-box-wrap-6998 .aio-icon-title'  data-responsive-json-new='{\"font-size\":\"\",\"line-height\":\"\"}'  style=\"\">Ersatzteile<\/h3><\/div> <!-- header --><\/div> <!-- aio-icon-box --><\/a><\/div> <!-- aio-icon-component -->[\/vc_column_inner][vc_column_inner el_class=&#8220;pb-5 pb-md-0&#8243; width=&#8220;1\/3&#8243;]<div class=\"aio-icon-component   mtx-info-box style_1\"><a class=\"aio-icon-box-link\" href=\"http:\/\/212.210.91.198\/group\/pm\" target=\"_blank\" rel=\"noopener\" ><div id=\"Info-box-wrap-6859\" class=\"aio-icon-box top-icon\" style=\"\"  ><div class=\"aio-icon-top\"><div class=\"ult-just-icon-wrapper  \"><div class=\"align-icon\" style=\"text-align:center;\">\n<div class=\"aio-icon-img \" style=\"font-size:71px;display:inline-block;\" >\n\t<img class=\"img-icon\" alt=\"null\" src=\"https:\/\/www.pm-group.eu\/de\/wp-content\/uploads\/sites\/4\/2021\/01\/pm_icon_warranty.png\"\/>\n<\/div><\/div><\/div><\/div><div class=\"aio-icon-header\" ><h3 class=\"aio-icon-title ult-responsive\"  data-ultimate-target='#Info-box-wrap-6859 .aio-icon-title'  data-responsive-json-new='{\"font-size\":\"\",\"line-height\":\"\"}'  style=\"\">Neue Garantie<\/h3><\/div> <!-- header --><\/div> <!-- aio-icon-box --><\/a><\/div> <!-- aio-icon-component -->[\/vc_column_inner][\/vc_row_inner][\/vc_column][\/vc_row][vc_row equal_height=&#8220;yes&#8220; el_class=&#8220;pb-5&#8243;][vc_column css_animation=&#8220;none&#8220;][vc_row_inner el_class=&#8220;py-5&#8243;][vc_column_inner]<div id=\"ultimate-heading-366369ddfb1372993\" class=\"uvc-heading ult-adjust-bottom-margin ultimate-heading-366369ddfb1372993 uvc-7047 mtx-title-h2 pb-4 uvc-heading-default-font-sizes\" data-hspacer=\"no_spacer\"  data-halign=\"center\" style=\"text-align:center\"><div class=\"uvc-heading-spacer no_spacer\" style=\"top\"><\/div><div class=\"uvc-main-heading ult-responsive\"  data-ultimate-target='.uvc-heading.ultimate-heading-366369ddfb1372993 h2'  data-responsive-json-new='{\"font-size\":\"\",\"line-height\":\"\"}' ><h2 style=\"--font-weight:theme;margin-bottom:33px;\">Schulung<\/h2><\/div><div class=\"uvc-sub-heading ult-responsive\"  data-ultimate-target='.uvc-heading.ultimate-heading-366369ddfb1372993 .uvc-sub-heading h2'  data-responsive-json-new='{\"font-size\":\"\",\"line-height\":\"\"}' ><h2 style=\"font-weight:normal;\">QUALIFIZIERUNGSKURSE F\u00dcR LADEKRANF\u00dcHRER<\/p>\n<p>SICHERHEIT IN REICHWEITE ...F\u00dcR DEN KRANF\u00dcHRER, ABER AUCH F\u00dcR DEN UNTERNEHMER<\/h2><\/div><\/div>[\/vc_column_inner][\/vc_row_inner][vc_row_inner equal_height=&#8220;yes&#8220; content_placement=&#8220;middle&#8220;][vc_column_inner width=&#8220;1\/2&#8243;][vc_single_image image=&#8220;755&#8243; img_size=&#8220;full&#8220; alignment=&#8220;center&#8220; el_class=&#8220;mtx-img&#8220;][\/vc_column_inner][vc_column_inner el_class=&#8220;pl-md-5&#8243; width=&#8220;1\/2&#8243;][vc_column_text el_class=&#8220;pb-4 text-center-xs&#8220;]<span data-contrast=\"none\">PM ist seit jeher ein Unternehmen, das ein besonderes Augenmerk auf sicherheitsrelevante Fragen des Kran-Endbenutzers legt. Es organisiert in ganz Italien Schulungskurse zum sicheren Betrieb von Ladekranen, insbesondere wenn diese auf Lkws installiert sind.\u00a0<\/span><span data-ccp-props=\"{&quot;201341983&quot;:0,&quot;335559739&quot;:160,&quot;335559740&quot;:259}\">\u00a0<\/span>[\/vc_column_text]<style type=\"text\/css\" data-type=\"the7_shortcodes-inline-css\">#default-btn-fb5f6ce9c959316a167375a93c3c36ac.ico-right-side > i {\n  margin-right: 0px;\n  margin-left: 8px;\n}\n#default-btn-fb5f6ce9c959316a167375a93c3c36ac > i {\n  margin-right: 8px;\n}\n#default-btn-fb5f6ce9c959316a167375a93c3c36ac * {\n  vertical-align: middle;\n}\n<\/style><div class=\"btn-align-left\"><a href=\"http:\/\/www.pm-group.eu\/de\/kontakt\/?subject=Anforderung%20von%20Schulungsinformationen&amp;office=Ausbildung\" class=\"default-btn-shortcode dt-btn dt-btn-l link-hover-off mtx-btn \" id=\"default-btn-fb5f6ce9c959316a167375a93c3c36ac\"><span>Mehr Informationen<\/span><\/a><\/div>[\/vc_column_inner][\/vc_row_inner][\/vc_column][\/vc_row]<\/p>\n","protected":false},"excerpt":{"rendered":"<p>[vc_row el_class=&#8220;pb-5&#8243;][vc_column][vc_column_text el_class=&#8220;text-center&#8220;]Unser Ziel ist es, immer der beste Partner f\u00fcr unsere Kunden zu sein. PM hat den PM Service geschaffen, weil Service f\u00fcr uns von PM viel mehr als technische Unterst\u00fctzung bedeutet. Service ist, den Wert Ihres Krans zu garantieren und zu sch\u00fctzen. Wir sind uns der Bedeutung unserer Rolle im Service bewusst und&hellip;<\/p>\n","protected":false},"author":1,"featured_media":742,"parent":0,"menu_order":0,"comment_status":"closed","ping_status":"closed","template":"","meta":[],"acf":[],"_links":{"self":[{"href":"https:\/\/www.pm-group.eu\/de\/wp-json\/wp\/v2\/pages\/740"}],"collection":[{"href":"https:\/\/www.pm-group.eu\/de\/wp-json\/wp\/v2\/pages"}],"about":[{"href":"https:\/\/www.pm-group.eu\/de\/wp-json\/wp\/v2\/types\/page"}],"author":[{"embeddable":true,"href":"https:\/\/www.pm-group.eu\/de\/wp-json\/wp\/v2\/users\/1"}],"replies":[{"embeddable":true,"href":"https:\/\/www.pm-group.eu\/de\/wp-json\/wp\/v2\/comments?post=740"}],"version-history":[{"count":5,"href":"https:\/\/www.pm-group.eu\/de\/wp-json\/wp\/v2\/pages\/740\/revisions"}],"predecessor-version":[{"id":1766,"href":"https:\/\/www.pm-group.eu\/de\/wp-json\/wp\/v2\/pages\/740\/revisions\/1766"}],"wp:featuredmedia":[{"embeddable":true,"href":"https:\/\/www.pm-group.eu\/de\/wp-json\/wp\/v2\/media\/742"}],"wp:attachment":[{"href":"https:\/\/www.pm-group.eu\/de\/wp-json\/wp\/v2\/media?parent=740"}],"curies":[{"name":"wp","href":"https:\/\/api.w.org\/{rel}","templated":true}]}}