{"id":723,"date":"2021-01-21T16:39:15","date_gmt":"2021-01-21T16:39:15","guid":{"rendered":"https:\/\/www.pm-group.eu\/?page_id=723"},"modified":"2025-11-26T17:36:44","modified_gmt":"2025-11-26T16:36:44","slug":"niederlassungen-und-filialen","status":"publish","type":"page","link":"https:\/\/www.pm-group.eu\/de\/unternehmen\/niederlassungen-und-filialen\/","title":{"rendered":"Niederlassungen und Filialen"},"content":{"rendered":"<p>[vc_row equal_height=&#8220;yes&#8220; content_placement=&#8220;middle&#8220; el_class=&#8220;pb-5&#8243;][vc_column css_animation=&#8220;none&#8220; width=&#8220;2\/3&#8243; el_class=&#8220;pb-4 pb-md-0&#8243;]<div id=\"ultimate-heading-539569faffb205002\" class=\"uvc-heading ult-adjust-bottom-margin ultimate-heading-539569faffb205002 uvc-2784 mtx-title-h2 text-center-xs pb-4 uvc-heading-default-font-sizes\" data-hspacer=\"no_spacer\"  data-halign=\"left\" style=\"text-align:left\"><div class=\"uvc-heading-spacer no_spacer\" style=\"top\"><\/div><div class=\"uvc-main-heading ult-responsive\"  data-ultimate-target='.uvc-heading.ultimate-heading-539569faffb205002 h2'  data-responsive-json-new='{\"font-size\":\"\",\"line-height\":\"\"}' ><h2 style=\"--font-weight:theme;\">Unser Standort: PM Oil &amp; Steel Spa - Italien<\/h2><\/div><\/div>[vc_column_text el_class=&#8220;text-center-xs&#8220;]Im August 2004 verlegt PM seinen Hauptsitz nach San\u00a0Cesario\u00a0sul\u00a0Panaro\u00a0(MO &#8211; Italien) und verl\u00e4sst damit seinen historischen Firmensitz in Modena. Die Entscheidung f\u00fcr die Standortverlegung wird nach dem Bau einer modernen Struktur getroffen, in der sich nun die B\u00fcros der Direktion und aller Gesch\u00e4ftsbereiche des Unternehmens befinden: Vertrieb, Marketing, technisches Design, F&amp;E, Verwaltung, technischer Support, Ersatzteile und Personalwesen.<\/p>\n<p>&nbsp;<\/p>\n<p>Rechtssitz:<br \/>\nPM Oil &amp; Steel\u00a0Spa<br \/>\nVia G. Verdi 22<br \/>\n41018 San\u00a0Cesario\u00a0sul\u00a0Panaro\u00a0(Modena)<br \/>\nItalien<br \/>\nTel.: +39 059 936811<br \/>\nFax: +39 059 936800[\/vc_column_text][\/vc_column][vc_column css_animation=&#8220;none&#8220; width=&#8220;1\/3&#8243;][vc_single_image image=&#8220;664&#8243; img_size=&#8220;full&#8220; alignment=&#8220;center&#8220; onclick=&#8220;link_image&#8220; css_animation=&#8220;none&#8220; el_class=&#8220;mtx-img text-center-xs&#8220;][\/vc_column][\/vc_row][vc_row el_class=&#8220;py-5&#8243;][vc_column][vc_row_inner][vc_column_inner]<div id=\"ultimate-heading-77769faffb20503b\" class=\"uvc-heading ult-adjust-bottom-margin ultimate-heading-77769faffb20503b uvc-6549 mtx-title-h2 pb-5 uvc-heading-default-font-sizes\" data-hspacer=\"no_spacer\"  data-halign=\"center\" style=\"text-align:center\"><div class=\"uvc-heading-spacer no_spacer\" style=\"top\"><\/div><div class=\"uvc-main-heading ult-responsive\"  data-ultimate-target='.uvc-heading.ultimate-heading-77769faffb20503b h2'  data-responsive-json-new='{\"font-size\":\"\",\"line-height\":\"\"}' ><h2 style=\"--font-weight:theme;\">Vertriebsniederlassungen<\/h2><\/div><\/div>[\/vc_column_inner][\/vc_row_inner][vc_row_inner equal_height=&#8220;yes&#8220; el_class=&#8220;pb-5&#8243;][vc_column_inner el_class=&#8220;pb-5&#8243; width=&#8220;1\/3&#8243;]<div class=\"aio-icon-component   mtx-info-box style_1\"><div id=\"Info-box-wrap-8335\" class=\"aio-icon-box top-icon\" style=\"\"  ><div class=\"aio-icon-top\"><div class=\"ult-just-icon-wrapper  \"><div class=\"align-icon\" style=\"text-align:center;\">\n<div class=\"aio-icon-img \" style=\"font-size:206px;display:inline-block;\" >\n\t<img class=\"img-icon\" alt=\"null\" src=\"https:\/\/www.pm-group.eu\/de\/wp-content\/uploads\/sites\/4\/2023\/02\/ManitexInternational_ApplicationEveryBrands.png\"\/>\n<\/div><\/div><\/div><\/div><div class=\"aio-icon-header\" ><h3 class=\"aio-icon-title ult-responsive\"  data-ultimate-target='#Info-box-wrap-8335 .aio-icon-title'  data-responsive-json-new='{\"font-size\":\"\",\"line-height\":\"\"}'  style=\"\">PM OIL&amp;STEEL ASIA<\/h3><\/div> <!-- header --><div class=\"aio-icon-description ult-responsive\"  data-ultimate-target='#Info-box-wrap-8335 .aio-icon-description'  data-responsive-json-new='{\"font-size\":\"\",\"line-height\":\"\"}'  style=\"\"><span data-ccp-props=\"{&quot;201341983&quot;:0,&quot;335559739&quot;:160,&quot;335559740&quot;:259}\">11\u00a0Sungei\u00a0Kadut\u00a0Street 4<br \/>\n729041 Singapore<br \/>\nTel.: +65 9847 0210\u00a0 <\/span><\/div> <!-- description --><\/div> <!-- aio-icon-box --><\/div> <!-- aio-icon-component -->[\/vc_column_inner][vc_column_inner el_class=&#8220;pb-5&#8243; width=&#8220;1\/3&#8243;]<div class=\"aio-icon-component   mtx-info-box style_1\"><div id=\"Info-box-wrap-6007\" class=\"aio-icon-box top-icon\" style=\"\"  ><div class=\"aio-icon-top\"><div class=\"ult-just-icon-wrapper  \"><div class=\"align-icon\" style=\"text-align:center;\">\n<div class=\"aio-icon-img \" style=\"font-size:206px;display:inline-block;\" >\n\t<img class=\"img-icon\" alt=\"null\" src=\"https:\/\/www.pm-group.eu\/de\/wp-content\/uploads\/sites\/4\/2023\/02\/ManitexInternational_ApplicationEveryBrands.png\"\/>\n<\/div><\/div><\/div><\/div><div class=\"aio-icon-header\" ><h3 class=\"aio-icon-title ult-responsive\"  data-ultimate-target='#Info-box-wrap-6007 .aio-icon-title'  data-responsive-json-new='{\"font-size\":\"\",\"line-height\":\"\"}'  style=\"\">PM OIL&amp;STEEL IBERICA<\/h3><\/div> <!-- header --><div class=\"aio-icon-description ult-responsive\"  data-ultimate-target='#Info-box-wrap-6007 .aio-icon-description'  data-responsive-json-new='{\"font-size\":\"\",\"line-height\":\"\"}'  style=\"\">Ctra\u00a0Nacional\u00a0III 339<br \/>\n46190\u00a0Riba-Roja del Turia, Valencia<br \/>\nSpanien<br \/>\nTel.: +34 902 636 778<br \/>\nFax: +34 902 636 779<\/div> <!-- description --><\/div> <!-- aio-icon-box --><\/div> <!-- aio-icon-component -->[\/vc_column_inner][vc_column_inner el_class=&#8220;pb-5&#8243; width=&#8220;1\/3&#8243;]<div class=\"aio-icon-component   mtx-info-box style_1\"><div id=\"Info-box-wrap-8180\" class=\"aio-icon-box top-icon\" style=\"\"  ><div class=\"aio-icon-top\"><div class=\"ult-just-icon-wrapper  \"><div class=\"align-icon\" style=\"text-align:center;\">\n<div class=\"aio-icon-img \" style=\"font-size:206px;display:inline-block;\" >\n\t<img class=\"img-icon\" alt=\"null\" src=\"https:\/\/www.pm-group.eu\/de\/wp-content\/uploads\/sites\/4\/2023\/02\/ManitexInternational_ApplicationEveryBrands.png\"\/>\n<\/div><\/div><\/div><\/div><div class=\"aio-icon-header\" ><h3 class=\"aio-icon-title ult-responsive\"  data-ultimate-target='#Info-box-wrap-8180 .aio-icon-title'  data-responsive-json-new='{\"font-size\":\"\",\"line-height\":\"\"}'  style=\"\">PM OIL&amp;STEEL FRANCE<\/h3><\/div> <!-- header --><div class=\"aio-icon-description ult-responsive\"  data-ultimate-target='#Info-box-wrap-8180 .aio-icon-description'  data-responsive-json-new='{\"font-size\":\"\",\"line-height\":\"\"}'  style=\"\"><\/p>\n<p style=\"font-weight: 400;\">Amaury PAPIN<br \/>\n+33(0) 6 15 51 63 56<br \/>\n<a href=\"mailto:amaury.papin@tadano.com\">amaury.papin@tadano.com<\/a><br \/>\n151, Impasse de la Balme<br \/>\n69800, Saint- Priest (FR)<\/p>\n<p><\/div> <!-- description --><\/div> <!-- aio-icon-box --><\/div> <!-- aio-icon-component -->[\/vc_column_inner][vc_column_inner width=&#8220;1\/3&#8243;]<div class=\"aio-icon-component   mtx-info-box style_1\"><div id=\"Info-box-wrap-3799\" class=\"aio-icon-box top-icon\" style=\"\"  ><div class=\"aio-icon-top\"><div class=\"ult-just-icon-wrapper  \"><div class=\"align-icon\" style=\"text-align:center;\">\n<div class=\"aio-icon-img \" style=\"font-size:206px;display:inline-block;\" >\n\t<img class=\"img-icon\" alt=\"null\" src=\"https:\/\/www.pm-group.eu\/de\/wp-content\/uploads\/sites\/4\/2023\/02\/ManitexInternational_ApplicationEveryBrands.png\"\/>\n<\/div><\/div><\/div><\/div><div class=\"aio-icon-header\" ><h3 class=\"aio-icon-title ult-responsive\"  data-ultimate-target='#Info-box-wrap-3799 .aio-icon-title'  data-responsive-json-new='{\"font-size\":\"\",\"line-height\":\"\"}'  style=\"\">PM ARGENTINA<\/h3><\/div> <!-- header --><div class=\"aio-icon-description ult-responsive\"  data-ultimate-target='#Info-box-wrap-3799 .aio-icon-description'  data-responsive-json-new='{\"font-size\":\"\",\"line-height\":\"\"}'  style=\"\">Predio\u00a0Industrial La\u00a0Papelera<br \/>\nIntendente\u00a0Neyer, 1133\u00a0Unid. 15<br \/>\nC.P. 1643 &#8211;\u00a0Beccar\u00a0&#8211; Prov. de Buenos Aires &#8211; Argentinien<br \/>\nTel.:\u00a0+5411 4732-9008 \/ +54 11 4747 8003<br \/>\nMobiltel. +54 911 5517 5579<br \/>\nFax:\u00a0+5411 4747-8003<\/div> <!-- description --><\/div> <!-- aio-icon-box --><\/div> <!-- aio-icon-component -->[\/vc_column_inner][vc_column_inner width=&#8220;1\/3&#8243;]<div class=\"aio-icon-component   mtx-info-box style_1\"><div id=\"Info-box-wrap-1364\" class=\"aio-icon-box top-icon\" style=\"\"  ><div class=\"aio-icon-top\"><div class=\"ult-just-icon-wrapper  \"><div class=\"align-icon\" style=\"text-align:center;\">\n<div class=\"aio-icon-img \" style=\"font-size:206px;display:inline-block;\" >\n\t<img class=\"img-icon\" alt=\"null\" src=\"https:\/\/www.pm-group.eu\/de\/wp-content\/uploads\/sites\/4\/2023\/02\/ManitexInternational_ApplicationEveryBrands.png\"\/>\n<\/div><\/div><\/div><\/div><div class=\"aio-icon-header\" ><h3 class=\"aio-icon-title ult-responsive\"  data-ultimate-target='#Info-box-wrap-1364 .aio-icon-title'  data-responsive-json-new='{\"font-size\":\"\",\"line-height\":\"\"}'  style=\"\">PM MEXICO<\/h3><\/div> <!-- header --><div class=\"aio-icon-description ult-responsive\"  data-ultimate-target='#Info-box-wrap-1364 .aio-icon-description'  data-responsive-json-new='{\"font-size\":\"\",\"line-height\":\"\"}'  style=\"\">Carretera\u00a0Queretaro- Mexico KM 201.5, Bodega #50<br \/>\nEurobusiness Park El\u00a0Marqu\u00e9s,<br \/>\nColonia\u00a0Cumbres\u00a0de\u00a0Con\u00edn\u00a0Tercera\u00a0Secci\u00f3n,\u00a0Mcpio. El\u00a0Marqu\u00e9s,<br \/>\nCP. 76246<br \/>\nQueretaro<br \/>\nMexiko<\/div> <!-- description --><\/div> <!-- aio-icon-box --><\/div> <!-- aio-icon-component -->[\/vc_column_inner][vc_column_inner width=&#8220;1\/3&#8243;]<div class=\"aio-icon-component   mtx-info-box style_1\"><div id=\"Info-box-wrap-2142\" class=\"aio-icon-box top-icon\" style=\"\"  ><div class=\"aio-icon-top\"><div class=\"ult-just-icon-wrapper  \"><div class=\"align-icon\" style=\"text-align:center;\">\n<div class=\"aio-icon-img \" style=\"font-size:206px;display:inline-block;\" >\n\t<img class=\"img-icon\" alt=\"null\" src=\"https:\/\/www.pm-group.eu\/de\/wp-content\/uploads\/sites\/4\/2023\/02\/ManitexInternational_ApplicationEveryBrands.png\"\/>\n<\/div><\/div><\/div><\/div><div class=\"aio-icon-header\" ><h3 class=\"aio-icon-title ult-responsive\"  data-ultimate-target='#Info-box-wrap-2142 .aio-icon-title'  data-responsive-json-new='{\"font-size\":\"\",\"line-height\":\"\"}'  style=\"\">PM Cile S.p.A<\/h3><\/div> <!-- header --><div class=\"aio-icon-description ult-responsive\"  data-ultimate-target='#Info-box-wrap-2142 .aio-icon-description'  data-responsive-json-new='{\"font-size\":\"\",\"line-height\":\"\"}'  style=\"\">Alcalde\u00a0Guzm\u00e1n n\u00b00121,\u00a0Galp\u00f3n\u00a0Pyme\u00a03<br \/>\nQuilicura\u00a0&#8211; Santiago &#8211; Chile<br \/>\nTel.: +56 2 2 763 0300<br \/>\ninfo@pm-latinamerica.com<\/div> <!-- description --><\/div> <!-- aio-icon-box --><\/div> <!-- aio-icon-component -->[\/vc_column_inner][\/vc_row_inner][vc_row_inner][vc_column_inner]<div id=\"ultimate-heading-623869faffb206e37\" class=\"uvc-heading ult-adjust-bottom-margin ultimate-heading-623869faffb206e37 uvc-5765 mtx-title-h2 pb-5 uvc-heading-default-font-sizes\" data-hspacer=\"no_spacer\"  data-halign=\"center\" style=\"text-align:center\"><div class=\"uvc-heading-spacer no_spacer\" style=\"top\"><\/div><div class=\"uvc-main-heading ult-responsive\"  data-ultimate-target='.uvc-heading.ultimate-heading-623869faffb206e37 h2'  data-responsive-json-new='{\"font-size\":\"\",\"line-height\":\"\"}' ><h2 style=\"--font-weight:theme;\">Produktionsstandorte<\/h2><\/div><\/div>[\/vc_column_inner][\/vc_row_inner][vc_row_inner equal_height=&#8220;yes&#8220; el_class=&#8220;pb-5&#8243;][vc_column_inner width=&#8220;1\/3&#8243; offset=&#8220;vc_col-sm-offset-2&#8243;]<div class=\"aio-icon-component   mtx-info-box style_1\"><div id=\"Info-box-wrap-3091\" class=\"aio-icon-box top-icon\" style=\"\"  ><div class=\"aio-icon-top\"><div class=\"ult-just-icon-wrapper  \"><div class=\"align-icon\" style=\"text-align:center;\">\n<div class=\"aio-icon-img \" style=\"font-size:206px;display:inline-block;\" >\n\t<img class=\"img-icon\" alt=\"null\" src=\"https:\/\/www.pm-group.eu\/de\/wp-content\/uploads\/sites\/4\/2024\/12\/ManitexInternationalGroup_PMGroup_OilSteel.png\"\/>\n<\/div><\/div><\/div><\/div><div class=\"aio-icon-header\" ><h3 class=\"aio-icon-title ult-responsive\"  data-ultimate-target='#Info-box-wrap-3091 .aio-icon-title'  data-responsive-json-new='{\"font-size\":\"\",\"line-height\":\"\"}'  style=\"\">Standort San Cesario sul Panaro - Modena - Italien<\/h3><\/div> <!-- header --><div class=\"aio-icon-description ult-responsive\"  data-ultimate-target='#Info-box-wrap-3091 .aio-icon-description'  data-responsive-json-new='{\"font-size\":\"\",\"line-height\":\"\"}'  style=\"\">Strada modenese 4985<br \/>\n41018 San Cesario sul Panaro (Modena)<br \/>\nItalien<br \/>\nTel.: +39 059 936811<br \/>\nFax: +39 059936800<\/div> <!-- description --><\/div> <!-- aio-icon-box --><\/div> <!-- aio-icon-component -->[\/vc_column_inner][vc_column_inner width=&#8220;1\/3&#8243;]<div class=\"aio-icon-component   mtx-info-box style_1\"><div id=\"Info-box-wrap-5068\" class=\"aio-icon-box top-icon\" style=\"\"  ><div class=\"aio-icon-top\"><div class=\"ult-just-icon-wrapper  \"><div class=\"align-icon\" style=\"text-align:center;\">\n<div class=\"aio-icon-img \" style=\"font-size:206px;display:inline-block;\" >\n\t<img class=\"img-icon\" alt=\"null\" src=\"https:\/\/www.pm-group.eu\/de\/wp-content\/uploads\/sites\/4\/2024\/12\/ManitexInternationalGroup_PMGroup_OilSteel.png\"\/>\n<\/div><\/div><\/div><\/div><div class=\"aio-icon-header\" ><h3 class=\"aio-icon-title ult-responsive\"  data-ultimate-target='#Info-box-wrap-5068 .aio-icon-title'  data-responsive-json-new='{\"font-size\":\"\",\"line-height\":\"\"}'  style=\"\">Standort in Arad - Rum\u00e4nien<\/h3><\/div> <!-- header --><div class=\"aio-icon-description ult-responsive\"  data-ultimate-target='#Info-box-wrap-5068 .aio-icon-description'  data-responsive-json-new='{\"font-size\":\"\",\"line-height\":\"\"}'  style=\"\">Zona industriale de\u00a0vest<br \/>\nStrada I nr. 9-9A<br \/>\nArad<br \/>\nRum\u00e4nien<br \/>\nTel.: +40\u00a0257271170<br \/>\nFax: +40 257271401<\/div> <!-- description --><\/div> <!-- aio-icon-box --><\/div> <!-- aio-icon-component -->[\/vc_column_inner][\/vc_row_inner][\/vc_column][\/vc_row]<\/p>\n","protected":false},"excerpt":{"rendered":"<p>[vc_row equal_height=&#8220;yes&#8220; content_placement=&#8220;middle&#8220; el_class=&#8220;pb-5&#8243;][vc_column css_animation=&#8220;none&#8220; width=&#8220;2\/3&#8243; el_class=&#8220;pb-4 pb-md-0&#8243;][vc_column_text el_class=&#8220;text-center-xs&#8220;]Im August 2004 verlegt PM seinen Hauptsitz nach San\u00a0Cesario\u00a0sul\u00a0Panaro\u00a0(MO &#8211; Italien) und verl\u00e4sst damit seinen historischen Firmensitz in Modena. Die Entscheidung f\u00fcr die Standortverlegung wird nach dem Bau einer modernen Struktur getroffen, in der sich nun die B\u00fcros der Direktion und aller Gesch\u00e4ftsbereiche des Unternehmens befinden: Vertrieb,&hellip;<\/p>\n","protected":false},"author":1,"featured_media":726,"parent":54,"menu_order":0,"comment_status":"closed","ping_status":"closed","template":"","meta":[],"acf":[],"_links":{"self":[{"href":"https:\/\/www.pm-group.eu\/de\/wp-json\/wp\/v2\/pages\/723"}],"collection":[{"href":"https:\/\/www.pm-group.eu\/de\/wp-json\/wp\/v2\/pages"}],"about":[{"href":"https:\/\/www.pm-group.eu\/de\/wp-json\/wp\/v2\/types\/page"}],"author":[{"embeddable":true,"href":"https:\/\/www.pm-group.eu\/de\/wp-json\/wp\/v2\/users\/1"}],"replies":[{"embeddable":true,"href":"https:\/\/www.pm-group.eu\/de\/wp-json\/wp\/v2\/comments?post=723"}],"version-history":[{"count":6,"href":"https:\/\/www.pm-group.eu\/de\/wp-json\/wp\/v2\/pages\/723\/revisions"}],"predecessor-version":[{"id":3636,"href":"https:\/\/www.pm-group.eu\/de\/wp-json\/wp\/v2\/pages\/723\/revisions\/3636"}],"up":[{"embeddable":true,"href":"https:\/\/www.pm-group.eu\/de\/wp-json\/wp\/v2\/pages\/54"}],"wp:featuredmedia":[{"embeddable":true,"href":"https:\/\/www.pm-group.eu\/de\/wp-json\/wp\/v2\/media\/726"}],"wp:attachment":[{"href":"https:\/\/www.pm-group.eu\/de\/wp-json\/wp\/v2\/media?parent=723"}],"curies":[{"name":"wp","href":"https:\/\/api.w.org\/{rel}","templated":true}]}}