{"id":693,"date":"2021-01-21T15:43:57","date_gmt":"2021-01-21T15:43:57","guid":{"rendered":"https:\/\/www.pm-group.eu\/?page_id=693"},"modified":"2021-03-16T13:19:36","modified_gmt":"2021-03-16T13:19:36","slug":"historie","status":"publish","type":"page","link":"https:\/\/www.pm-group.eu\/de\/unternehmen\/historie\/","title":{"rendered":"Historie"},"content":{"rendered":"<p>[vc_row equal_height=&#8220;yes&#8220; content_placement=&#8220;middle&#8220; el_class=&#8220;pb-5&#8243;][vc_column css_animation=&#8220;none&#8220; width=&#8220;1\/2&#8243; el_class=&#8220;pb-4 pb-md-0&#8243;]<div id=\"ultimate-heading-180169fcbe2ff221f\" class=\"uvc-heading ult-adjust-bottom-margin ultimate-heading-180169fcbe2ff221f uvc-8808 mtx-title-h2 text-center-xs pb-4 uvc-heading-default-font-sizes\" data-hspacer=\"no_spacer\"  data-halign=\"left\" style=\"text-align:left\"><div class=\"uvc-heading-spacer no_spacer\" style=\"top\"><\/div><div class=\"uvc-main-heading ult-responsive\"  data-ultimate-target='.uvc-heading.ultimate-heading-180169fcbe2ff221f h2'  data-responsive-json-new='{\"font-size\":\"\",\"line-height\":\"\"}' ><h2 style=\"--font-weight:theme;\">1959 - Die Gr\u00fcndung<\/h2><\/div><\/div>[vc_column_text el_class=&#8220;text-center-xs&#8220;]Precisione\u00a0Meccanica\u00a0S.r.l. &#8211; sp\u00e4ter\u00a0Autogr\u00f9\u00a0PM &#8211; wird 1959 in Modena gegr\u00fcndet und ist von Anfang an im Bereich der hydraulischen LKW-Ladekrane t\u00e4tig, wobei die Firma sich sowohl mit der Entwicklung als auch der Produktion befasst.[\/vc_column_text][\/vc_column][vc_column css_animation=&#8220;none&#8220; width=&#8220;1\/2&#8243;][vc_single_image image=&#8220;707&#8243; img_size=&#8220;528&#215;359&#8243; alignment=&#8220;right&#8220; onclick=&#8220;link_image&#8220; css_animation=&#8220;none&#8220; el_class=&#8220;mtx-img rounded-5 text-center-xs&#8220;][\/vc_column][\/vc_row][vc_row equal_height=&#8220;yes&#8220; content_placement=&#8220;middle&#8220; el_class=&#8220;py-5&#8243;][vc_column css_animation=&#8220;none&#8220; width=&#8220;1\/2&#8243; el_class=&#8220;vc_col-sm-push-6 pb-4 pb-md-0&#8243;]<div id=\"ultimate-heading-214169fcbe2ff2274\" class=\"uvc-heading ult-adjust-bottom-margin ultimate-heading-214169fcbe2ff2274 uvc-5564 mtx-title-h2 text-center-xs pb-4 uvc-heading-default-font-sizes\" data-hspacer=\"no_spacer\"  data-halign=\"right\" style=\"text-align:right\"><div class=\"uvc-heading-spacer no_spacer\" style=\"top\"><\/div><div class=\"uvc-main-heading ult-responsive\"  data-ultimate-target='.uvc-heading.ultimate-heading-214169fcbe2ff2274 h2'  data-responsive-json-new='{\"font-size\":\"\",\"line-height\":\"\"}' ><h2 style=\"--font-weight:theme;\">1972 - PM w\u00e4chst und wird eine Aktiengesellschaft<\/h2><\/div><\/div>[vc_column_text el_class=&#8220;text-center-xs text-end&#8220;]Ende der 1960er Jahre wird das Unternehmen auf industrieller Basis konsolidiert und nimmt 1972 seine heutige Form als Aktiengesellschaft an.[\/vc_column_text][\/vc_column][vc_column width=&#8220;1\/2&#8243; el_class=&#8220;vc_col-sm-pull-6&#8243;][vc_single_image image=&#8220;708&#8243; img_size=&#8220;528&#215;359&#8243; onclick=&#8220;link_image&#8220; el_class=&#8220;mtx-img rounded-5 text-center-xs&#8220;][\/vc_column][\/vc_row][vc_row equal_height=&#8220;yes&#8220; content_placement=&#8220;middle&#8220; el_class=&#8220;py-5&#8243;][vc_column css_animation=&#8220;none&#8220; width=&#8220;1\/2&#8243; el_class=&#8220;pb-4 pb-md-0&#8243;]<div id=\"ultimate-heading-717169fcbe2ff22a4\" class=\"uvc-heading ult-adjust-bottom-margin ultimate-heading-717169fcbe2ff22a4 uvc-4069 mtx-title-h2 text-center-xs pb-4 uvc-heading-default-font-sizes\" data-hspacer=\"no_spacer\"  data-halign=\"left\" style=\"text-align:left\"><div class=\"uvc-heading-spacer no_spacer\" style=\"top\"><\/div><div class=\"uvc-main-heading ult-responsive\"  data-ultimate-target='.uvc-heading.ultimate-heading-717169fcbe2ff22a4 h2'  data-responsive-json-new='{\"font-size\":\"\",\"line-height\":\"\"}' ><h2 style=\"--font-weight:theme;\">1980 - Mehr als 1000 Krane pro Jahr<\/h2><\/div><\/div>[vc_column_text el_class=&#8220;text-center-xs&#8220;]Die weitere Entwicklung des Unternehmens verl\u00e4uft parallel zur rasanten Entwicklung des Transportsektors. Sie erm\u00f6glicht es dem Unternehmen, Anfang der 1980er Jahre eine Produktion von \u00fcber 1.000 Kranen pro Jahr zu erreichen und seine absolute vorrangige Position auf dem internationalen Markt zu festigen.[\/vc_column_text][\/vc_column][vc_column css_animation=&#8220;none&#8220; width=&#8220;1\/2&#8243;][vc_single_image image=&#8220;709&#8243; img_size=&#8220;528&#215;359&#8243; alignment=&#8220;right&#8220; onclick=&#8220;link_image&#8220; css_animation=&#8220;none&#8220; el_class=&#8220;mtx-img rounded-5 text-center-xs&#8220;][\/vc_column][\/vc_row][vc_row equal_height=&#8220;yes&#8220; content_placement=&#8220;middle&#8220; el_class=&#8220;py-5&#8243;][vc_column css_animation=&#8220;none&#8220; width=&#8220;1\/2&#8243; el_class=&#8220;vc_col-sm-push-6 pb-4 pb-md-0&#8243;]<div id=\"ultimate-heading-115969fcbe2ff22d1\" class=\"uvc-heading ult-adjust-bottom-margin ultimate-heading-115969fcbe2ff22d1 uvc-5544 mtx-title-h2 text-center-xs pb-4 uvc-heading-default-font-sizes\" data-hspacer=\"no_spacer\"  data-halign=\"right\" style=\"text-align:right\"><div class=\"uvc-heading-spacer no_spacer\" style=\"top\"><\/div><div class=\"uvc-main-heading ult-responsive\"  data-ultimate-target='.uvc-heading.ultimate-heading-115969fcbe2ff22d1 h2'  data-responsive-json-new='{\"font-size\":\"\",\"line-height\":\"\"}' ><h2 style=\"--font-weight:theme;\">1990 - Verst\u00e4rkungen und wichtige Marktpr\u00e4senz<\/h2><\/div><\/div>[vc_column_text el_class=&#8220;text-center-xs text-end&#8220;]PM \u00fcberschreitet die Schwelle zum 30. Jahr der T\u00e4tigkeit\u00a0mit einer bedeutenden Pr\u00e4senz\u00a0auf dem Markt und einer Unternehmenssituation, die in diesen Daten zusammengefasst ist: 140 Mitarbeiter, 42.000 qm Gesamtfl\u00e4che, davon 15.000 qm f\u00fcr Fabriken und B\u00fcros und eine Produktionskapazit\u00e4t von 2.000 Kranen pro Jahr.[\/vc_column_text][\/vc_column][vc_column css_animation=&#8220;none&#8220; width=&#8220;1\/2&#8243; el_class=&#8220;vc_col-sm-pull-6&#8243;][vc_single_image image=&#8220;710&#8243; img_size=&#8220;528&#215;359&#8243; onclick=&#8220;link_image&#8220; el_class=&#8220;mtx-img rounded-5 text-center-xs&#8220;][\/vc_column][\/vc_row][vc_row equal_height=&#8220;yes&#8220; content_placement=&#8220;middle&#8220; el_class=&#8220;py-5&#8243;][vc_column css_animation=&#8220;none&#8220; width=&#8220;1\/2&#8243; el_class=&#8220;pb-4 pb-md-0&#8243;]<div id=\"ultimate-heading-4669fcbe2ff22fe\" class=\"uvc-heading ult-adjust-bottom-margin ultimate-heading-4669fcbe2ff22fe uvc-9562 mtx-title-h2 text-center-xs pb-4 uvc-heading-default-font-sizes\" data-hspacer=\"no_spacer\"  data-halign=\"left\" style=\"text-align:left\"><div class=\"uvc-heading-spacer no_spacer\" style=\"top\"><\/div><div class=\"uvc-main-heading ult-responsive\"  data-ultimate-target='.uvc-heading.ultimate-heading-4669fcbe2ff22fe h2'  data-responsive-json-new='{\"font-size\":\"\",\"line-height\":\"\"}' ><h2 style=\"--font-weight:theme;\">2000 - Mehr als 4000 Krane pro Jahr<\/h2><\/div><\/div>[vc_column_text el_class=&#8220;text-center-xs&#8220;]Hochqualifizierte Mitarbeiter, Entwicklung und technologische Anwendungen sind die Elemente, die es PM erm\u00f6glicht haben, eine Produktionskapazit\u00e4t von mehr als 4.000 Kranen pro Jahr zu erreichen.[\/vc_column_text][\/vc_column][vc_column css_animation=&#8220;none&#8220; width=&#8220;1\/2&#8243;][vc_single_image image=&#8220;713&#8243; img_size=&#8220;528&#215;359&#8243; alignment=&#8220;right&#8220; onclick=&#8220;link_image&#8220; css_animation=&#8220;none&#8220; el_class=&#8220;mtx-img rounded-5 text-center-xs&#8220;][\/vc_column][\/vc_row][vc_row equal_height=&#8220;yes&#8220; content_placement=&#8220;middle&#8220; el_class=&#8220;py-5&#8243;][vc_column css_animation=&#8220;none&#8220; width=&#8220;1\/2&#8243; el_class=&#8220;vc_col-sm-push-6 pb-4 pb-md-0&#8243;]<div id=\"ultimate-heading-446269fcbe2ff2328\" class=\"uvc-heading ult-adjust-bottom-margin ultimate-heading-446269fcbe2ff2328 uvc-1887 mtx-title-h2 text-center-xs pb-4 uvc-heading-default-font-sizes\" data-hspacer=\"no_spacer\"  data-halign=\"right\" style=\"text-align:right\"><div class=\"uvc-heading-spacer no_spacer\" style=\"top\"><\/div><div class=\"uvc-main-heading ult-responsive\"  data-ultimate-target='.uvc-heading.ultimate-heading-446269fcbe2ff2328 h2'  data-responsive-json-new='{\"font-size\":\"\",\"line-height\":\"\"}' ><h2 style=\"--font-weight:theme;\">2003 - Oil&amp;Steel Spa<\/h2><\/div><\/div>[vc_column_text el_class=&#8220;text-center-xs text-end&#8220;]Im Jahr 2003 erwirbt\u00a0Autogr\u00f9\u00a0PM\u00a0S.p.A. die\u00a0Oil&amp;Steel\u00a0Spa.[\/vc_column_text][\/vc_column][vc_column css_animation=&#8220;none&#8220; width=&#8220;1\/2&#8243; el_class=&#8220;vc_col-sm-pull-6&#8243;][vc_single_image image=&#8220;714&#8243; img_size=&#8220;528&#215;359&#8243; onclick=&#8220;link_image&#8220; el_class=&#8220;mtx-img rounded-5 text-center-xs&#8220;][\/vc_column][\/vc_row][vc_row equal_height=&#8220;yes&#8220; content_placement=&#8220;middle&#8220; el_class=&#8220;py-5&#8243;][vc_column width=&#8220;1\/2&#8243; el_class=&#8220;pb-4 pb-md-0&#8243;]<div id=\"ultimate-heading-588969fcbe2ff2352\" class=\"uvc-heading ult-adjust-bottom-margin ultimate-heading-588969fcbe2ff2352 uvc-7950 mtx-title-h2 text-center-xs pb-4 uvc-heading-default-font-sizes\" data-hspacer=\"no_spacer\"  data-halign=\"left\" style=\"text-align:left\"><div class=\"uvc-heading-spacer no_spacer\" style=\"top\"><\/div><div class=\"uvc-main-heading ult-responsive\"  data-ultimate-target='.uvc-heading.ultimate-heading-588969fcbe2ff2352 h2'  data-responsive-json-new='{\"font-size\":\"\",\"line-height\":\"\"}' ><h2 style=\"--font-weight:theme;\">2006 - PM Group Spa<\/h2><\/div><\/div>[vc_column_text el_class=&#8220;text-center-xs&#8220;]Um alle seine verschiedenen Gesch\u00e4ftsbereiche zu repr\u00e4sentieren, wird das Unternehmen die PM Group\u00a0Spa. So werden in den letzten Jahren Tochtergesellschaften in Rum\u00e4nien, Nordamerika, Frankreich, Argentinien, Spanien, Chile und Mexiko gegr\u00fcndet.[\/vc_column_text][\/vc_column][vc_column css_animation=&#8220;none&#8220; width=&#8220;1\/2&#8243;][vc_single_image image=&#8220;685&#8243; img_size=&#8220;235&#215;157&#8243; alignment=&#8220;center&#8220; css_animation=&#8220;none&#8220; el_class=&#8220;mtx-img text-center-xs&#8220;][\/vc_column][\/vc_row][vc_row equal_height=&#8220;yes&#8220; content_placement=&#8220;middle&#8220; el_class=&#8220;py-5&#8243;][vc_column css_animation=&#8220;none&#8220; width=&#8220;1\/2&#8243; el_class=&#8220;vc_col-sm-push-6 pb-4 pb-md-0&#8243;]<div id=\"ultimate-heading-553869fcbe2ff237e\" class=\"uvc-heading ult-adjust-bottom-margin ultimate-heading-553869fcbe2ff237e uvc-9882 mtx-title-h2 text-center-xs pb-4 uvc-heading-default-font-sizes\" data-hspacer=\"no_spacer\"  data-halign=\"right\" style=\"text-align:right\"><div class=\"uvc-heading-spacer no_spacer\" style=\"top\"><\/div><div class=\"uvc-main-heading ult-responsive\"  data-ultimate-target='.uvc-heading.ultimate-heading-553869fcbe2ff237e h2'  data-responsive-json-new='{\"font-size\":\"\",\"line-height\":\"\"}' ><h2 style=\"--font-weight:theme;\">2015 - Manitex International<\/h2><\/div><\/div>[vc_column_text el_class=&#8220;text-center-xs text-end&#8220;]Manitex\u00a0International Inc. \u00fcbernimmt die PM Group\u00a0Spa.[\/vc_column_text][\/vc_column][vc_column width=&#8220;1\/2&#8243; el_class=&#8220;vc_col-sm-pull-6&#8243;][vc_single_image image=&#8220;683&#8243; img_size=&#8220;150&#215;196&#8243; alignment=&#8220;center&#8220; el_class=&#8220;mtx-img text-center-xs&#8220;][\/vc_column][\/vc_row][vc_row equal_height=&#8220;yes&#8220; content_placement=&#8220;middle&#8220; el_class=&#8220;py-5&#8243;][vc_column width=&#8220;1\/2&#8243; el_class=&#8220;pb-4 pb-md-0&#8243;]<div id=\"ultimate-heading-663369fcbe2ff23ab\" class=\"uvc-heading ult-adjust-bottom-margin ultimate-heading-663369fcbe2ff23ab uvc-8965 mtx-title-h2 text-center-xs pb-4 uvc-heading-default-font-sizes\" data-hspacer=\"no_spacer\"  data-halign=\"left\" style=\"text-align:left\"><div class=\"uvc-heading-spacer no_spacer\" style=\"top\"><\/div><div class=\"uvc-main-heading ult-responsive\"  data-ultimate-target='.uvc-heading.ultimate-heading-663369fcbe2ff23ab h2'  data-responsive-json-new='{\"font-size\":\"\",\"line-height\":\"\"}' ><h2 style=\"--font-weight:theme;\">2018 - Zusammenschluss der beiden Unternehmen<\/h2><\/div><\/div>[vc_column_text el_class=&#8220;text-center-xs&#8220;]Das Unternehmen beschlie\u00dft, die beiden Firmen PM Group\u00a0Spa\u00a0und\u00a0Oil&amp;Steel\u00a0Spa\u00a0zu fusionieren, wodurch die heutige PM\u00a0Oil&amp;Steel\u00a0Spa\u00a0entsteht.[\/vc_column_text][\/vc_column][vc_column width=&#8220;1\/2&#8243;][vc_single_image image=&#8220;715&#8243; img_size=&#8220;340&#215;260&#8243; alignment=&#8220;center&#8220; el_class=&#8220;mtx-img text-center-xs&#8220;][\/vc_column][\/vc_row][vc_row equal_height=&#8220;yes&#8220; content_placement=&#8220;middle&#8220; el_class=&#8220;py-5&#8243;][vc_column width=&#8220;1\/2&#8243; el_class=&#8220;vc_col-sm-push-6 pb-4 pb-md-0&#8243;]<div id=\"ultimate-heading-276169fcbe2ff23d4\" class=\"uvc-heading ult-adjust-bottom-margin ultimate-heading-276169fcbe2ff23d4 uvc-4755 mtx-title-h2 text-center-xs pb-4 uvc-heading-default-font-sizes\" data-hspacer=\"no_spacer\"  data-halign=\"right\" style=\"text-align:right\"><div class=\"uvc-heading-spacer no_spacer\" style=\"top\"><\/div><div class=\"uvc-main-heading ult-responsive\"  data-ultimate-target='.uvc-heading.ultimate-heading-276169fcbe2ff23d4 h2'  data-responsive-json-new='{\"font-size\":\"\",\"line-height\":\"\"}' ><h2 style=\"--font-weight:theme;\">2019 - 60 Jahre zusammen<\/h2><\/div><\/div>[vc_column_text el_class=&#8220;text-center-xs text-end&#8220;]PM wird 60 und feiert auf der Bauma 2019. Im selben Jahr wird Giovanni\u00a0Tacconi\u00a0vom CEO, Steve\u00a0Filipov, zum General Manager des Gesch\u00e4ftsbereichs PM Krane ernannt.[\/vc_column_text][\/vc_column][vc_column width=&#8220;1\/2&#8243; el_class=&#8220;vc_col-sm-pull-6&#8243;][vc_single_image image=&#8220;716&#8243; img_size=&#8220;528&#215;359&#8243; onclick=&#8220;link_image&#8220; css_animation=&#8220;none&#8220; el_class=&#8220;mtx-img rounded-5 text-center-xs&#8220;][\/vc_column][\/vc_row]<\/p>\n","protected":false},"excerpt":{"rendered":"<p>[vc_row equal_height=&#8220;yes&#8220; content_placement=&#8220;middle&#8220; el_class=&#8220;pb-5&#8243;][vc_column css_animation=&#8220;none&#8220; width=&#8220;1\/2&#8243; el_class=&#8220;pb-4 pb-md-0&#8243;][vc_column_text el_class=&#8220;text-center-xs&#8220;]Precisione\u00a0Meccanica\u00a0S.r.l. &#8211; sp\u00e4ter\u00a0Autogr\u00f9\u00a0PM &#8211; wird 1959 in Modena gegr\u00fcndet und ist von Anfang an im Bereich der hydraulischen LKW-Ladekrane t\u00e4tig, wobei die Firma sich sowohl mit der Entwicklung als auch der Produktion befasst.[\/vc_column_text][\/vc_column][vc_column css_animation=&#8220;none&#8220; width=&#8220;1\/2&#8243;][vc_single_image image=&#8220;707&#8243; img_size=&#8220;528&#215;359&#8243; alignment=&#8220;right&#8220; onclick=&#8220;link_image&#8220; css_animation=&#8220;none&#8220; el_class=&#8220;mtx-img rounded-5 text-center-xs&#8220;][\/vc_column][\/vc_row][vc_row equal_height=&#8220;yes&#8220; content_placement=&#8220;middle&#8220; el_class=&#8220;py-5&#8243;][vc_column css_animation=&#8220;none&#8220;&hellip;<\/p>\n","protected":false},"author":1,"featured_media":696,"parent":54,"menu_order":0,"comment_status":"closed","ping_status":"closed","template":"","meta":[],"acf":[],"_links":{"self":[{"href":"https:\/\/www.pm-group.eu\/de\/wp-json\/wp\/v2\/pages\/693"}],"collection":[{"href":"https:\/\/www.pm-group.eu\/de\/wp-json\/wp\/v2\/pages"}],"about":[{"href":"https:\/\/www.pm-group.eu\/de\/wp-json\/wp\/v2\/types\/page"}],"author":[{"embeddable":true,"href":"https:\/\/www.pm-group.eu\/de\/wp-json\/wp\/v2\/users\/1"}],"replies":[{"embeddable":true,"href":"https:\/\/www.pm-group.eu\/de\/wp-json\/wp\/v2\/comments?post=693"}],"version-history":[{"count":5,"href":"https:\/\/www.pm-group.eu\/de\/wp-json\/wp\/v2\/pages\/693\/revisions"}],"predecessor-version":[{"id":1725,"href":"https:\/\/www.pm-group.eu\/de\/wp-json\/wp\/v2\/pages\/693\/revisions\/1725"}],"up":[{"embeddable":true,"href":"https:\/\/www.pm-group.eu\/de\/wp-json\/wp\/v2\/pages\/54"}],"wp:featuredmedia":[{"embeddable":true,"href":"https:\/\/www.pm-group.eu\/de\/wp-json\/wp\/v2\/media\/696"}],"wp:attachment":[{"href":"https:\/\/www.pm-group.eu\/de\/wp-json\/wp\/v2\/media?parent=693"}],"curies":[{"name":"wp","href":"https:\/\/api.w.org\/{rel}","templated":true}]}}