{"id":54,"date":"2021-01-13T15:10:37","date_gmt":"2021-01-13T15:10:37","guid":{"rendered":"https:\/\/www.pm-group.eu\/?page_id=54"},"modified":"2023-02-21T12:59:42","modified_gmt":"2023-02-21T11:59:42","slug":"unternehmen","status":"publish","type":"page","link":"https:\/\/www.pm-group.eu\/de\/unternehmen\/","title":{"rendered":"Unternehmen"},"content":{"rendered":"<p>[vc_row el_class=&#8220;pb-5&#8243;][vc_column]<div id=\"ultimate-heading-473669ea0278dfe27\" class=\"uvc-heading ult-adjust-bottom-margin ultimate-heading-473669ea0278dfe27 uvc-5570 mtx-title-h2 pb-4 uvc-heading-default-font-sizes\" data-hspacer=\"no_spacer\"  data-halign=\"center\" style=\"text-align:center\"><div class=\"uvc-heading-spacer no_spacer\" style=\"top\"><\/div><div class=\"uvc-main-heading ult-responsive\"  data-ultimate-target='.uvc-heading.ultimate-heading-473669ea0278dfe27 h2'  data-responsive-json-new='{\"font-size\":\"\",\"line-height\":\"\"}' ><h2 style=\"--font-weight:theme;\">Unsere Vision<\/h2><\/div><\/div>[vc_column_text el_class=&#8220;text-center&#8220;]PM &#8211; seit mehr als 60 Jahren auf dem Markt &#8211; ist der erste italienische Hersteller von hydraulischen LKW-Ladekranen. Eine konsolidierte Tradition von Technologie und Innovation, die es PM erm\u00f6glicht hat, solide professionelle Beziehungen aufzubauen und immer gr\u00f6\u00dfere Marktanteile in Italien und im Ausland zu erobern.<\/p>\n<p>Kultur, Erfahrung und Know-how, die sich in Innovation und der F\u00e4higkeit niederschlagen, seinen Kunden ein Produkt mit hohem technologischem Gehalt und einem flexiblen Service mit kundenanpassbarem Niveau zu bieten.<\/p>\n<p>Der Hauptsitz des Unternehmens liegt in San\u00a0Cesario\u00a0s\/P (MO), aber PM mit direkten Vertriebsniederlassungen auch im Ausland wie in Nordamerika, Argentinien, Chile, Mexiko, Frankreich, Spanien und Singapur pr\u00e4sent.<\/p>\n<p>Derzeit umfasst die PM-Produktpalette mehr als 50 Baureihen mit \u00fcber 350 m\u00f6glichen Konfigurationen.\u00a0 Vom Entwurf bis zur Konstruktion der Metallbauteile, von der Qualit\u00e4tskontrolle der Materialien bis zur Endabnahme wird alles in den beiden Standorten von PM &#8211; mit einer Gesamtfl\u00e4che von 130.000 Quadratmetern, davon 62.000 qm bebaut &#8211; einem in San\u00a0Cesario\u00a0s\/P (MO) und in dem anderen in Arad (Rum\u00e4nien) realisiert.[\/vc_column_text][\/vc_column][\/vc_row][vc_row equal_height=&#8220;yes&#8220; content_placement=&#8220;middle&#8220; bg_type=&#8220;image&#8220; parallax_style=&#8220;vcpb-default&#8220; bg_image_new=&#8220;id^670|url^https:\/\/www.pm-group.eu\/wp-content\/uploads\/sites\/4\/2021\/01\/pm_about_story.jpg|caption^null|alt^null|title^pm_about_story|description^null&#8220; bg_image_repeat=&#8220;no-repeat&#8220; bg_img_attach=&#8220;fixed&#8220; bg_image_posiiton=&#8220;center center&#8220; bg_override=&#8220;ex-full&#8220; el_class=&#8220;py-5 mb-5 mtx-row-gradient&#8220;][vc_column css_animation=&#8220;none&#8220;]<div id=\"ultimate-heading-869769ea0278dfe7c\" class=\"uvc-heading ult-adjust-bottom-margin ultimate-heading-869769ea0278dfe7c uvc-1363 text-white mtx-mh-h1 pb-5 uvc-heading-default-font-sizes\" data-hspacer=\"no_spacer\"  data-halign=\"center\" style=\"text-align:center\"><div class=\"uvc-heading-spacer no_spacer\" style=\"top\"><\/div><div class=\"uvc-main-heading ult-responsive\"  data-ultimate-target='.uvc-heading.ultimate-heading-869769ea0278dfe7c h2'  data-responsive-json-new='{\"font-size\":\"\",\"line-height\":\"\"}' ><h2 style=\"--font-weight:theme;\">Unsere Geschichte<\/h2><\/div><\/div><style type=\"text\/css\" data-type=\"the7_shortcodes-inline-css\">#default-btn-3c5cb2b6735acb92bcad8d2ccccec016.ico-right-side > i {\n  margin-right: 0px;\n  margin-left: 8px;\n}\n#default-btn-3c5cb2b6735acb92bcad8d2ccccec016 > i {\n  margin-right: 8px;\n}\n#default-btn-3c5cb2b6735acb92bcad8d2ccccec016 * {\n  vertical-align: middle;\n}\n<\/style><div class=\"btn-align-center\"><a href=\"http:\/\/www.pm-group.eu\/de\/unternehmen\/historie\/\" class=\"default-btn-shortcode dt-btn dt-btn-l link-hover-off mtx-btn text-white \" id=\"default-btn-3c5cb2b6735acb92bcad8d2ccccec016\"><span>MEHR INFORMATIONEN<\/span><\/a><\/div>[\/vc_column][\/vc_row][vc_row equal_height=&#8220;yes&#8220; content_placement=&#8220;middle&#8220; bg_type=&#8220;image&#8220; parallax_style=&#8220;vcpb-default&#8220; bg_image_new=&#8220;id^664|url^https:\/\/www.pm-group.eu\/wp-content\/uploads\/sites\/4\/2021\/01\/pm_about_sede.jpg|caption^null|alt^null|title^pm_about_sede|description^null&#8220; bg_image_repeat=&#8220;no-repeat&#8220; bg_img_attach=&#8220;fixed&#8220; bg_image_posiiton=&#8220;center center&#8220; bg_override=&#8220;ex-full&#8220; el_class=&#8220;py-5 my-5 mtx-row-gradient&#8220;][vc_column css_animation=&#8220;none&#8220;]<div id=\"ultimate-heading-396869ea0278e07c4\" class=\"uvc-heading ult-adjust-bottom-margin ultimate-heading-396869ea0278e07c4 uvc-3330 text-white mtx-mh-h1 pb-5 uvc-heading-default-font-sizes\" data-hspacer=\"no_spacer\"  data-halign=\"center\" style=\"text-align:center\"><div class=\"uvc-heading-spacer no_spacer\" style=\"top\"><\/div><div class=\"uvc-main-heading ult-responsive\"  data-ultimate-target='.uvc-heading.ultimate-heading-396869ea0278e07c4 h2'  data-responsive-json-new='{\"font-size\":\"\",\"line-height\":\"\"}' ><h2 style=\"--font-weight:theme;\">Unsere Standorte<\/h2><\/div><\/div><style type=\"text\/css\" data-type=\"the7_shortcodes-inline-css\">#default-btn-531926ca75e36ed2dea95db400d0725c.ico-right-side > i {\n  margin-right: 0px;\n  margin-left: 8px;\n}\n#default-btn-531926ca75e36ed2dea95db400d0725c > i {\n  margin-right: 8px;\n}\n#default-btn-531926ca75e36ed2dea95db400d0725c * {\n  vertical-align: middle;\n}\n<\/style><div class=\"btn-align-center\"><a href=\"http:\/\/www.pm-group.eu\/de\/unternehmen\/niederlassungen-und-filialen\/\" class=\"default-btn-shortcode dt-btn dt-btn-l link-hover-off mtx-btn text-white \" id=\"default-btn-531926ca75e36ed2dea95db400d0725c\"><span>MEHR INFORMATIONEN<\/span><\/a><\/div>[\/vc_column][\/vc_row][vc_row][vc_column][vc_single_image image=&#8220;2799&#8243; img_size=&#8220;full&#8220; alignment=&#8220;center&#8220;][\/vc_column][\/vc_row]<\/p>\n","protected":false},"excerpt":{"rendered":"<p>[vc_row el_class=&#8220;pb-5&#8243;][vc_column][vc_column_text el_class=&#8220;text-center&#8220;]PM &#8211; seit mehr als 60 Jahren auf dem Markt &#8211; ist der erste italienische Hersteller von hydraulischen LKW-Ladekranen. Eine konsolidierte Tradition von Technologie und Innovation, die es PM erm\u00f6glicht hat, solide professionelle Beziehungen aufzubauen und immer gr\u00f6\u00dfere Marktanteile in Italien und im Ausland zu erobern. Kultur, Erfahrung und Know-how, die sich in&hellip;<\/p>\n","protected":false},"author":1,"featured_media":664,"parent":0,"menu_order":0,"comment_status":"closed","ping_status":"closed","template":"","meta":[],"acf":[],"_links":{"self":[{"href":"https:\/\/www.pm-group.eu\/de\/wp-json\/wp\/v2\/pages\/54"}],"collection":[{"href":"https:\/\/www.pm-group.eu\/de\/wp-json\/wp\/v2\/pages"}],"about":[{"href":"https:\/\/www.pm-group.eu\/de\/wp-json\/wp\/v2\/types\/page"}],"author":[{"embeddable":true,"href":"https:\/\/www.pm-group.eu\/de\/wp-json\/wp\/v2\/users\/1"}],"replies":[{"embeddable":true,"href":"https:\/\/www.pm-group.eu\/de\/wp-json\/wp\/v2\/comments?post=54"}],"version-history":[{"count":5,"href":"https:\/\/www.pm-group.eu\/de\/wp-json\/wp\/v2\/pages\/54\/revisions"}],"predecessor-version":[{"id":2802,"href":"https:\/\/www.pm-group.eu\/de\/wp-json\/wp\/v2\/pages\/54\/revisions\/2802"}],"wp:featuredmedia":[{"embeddable":true,"href":"https:\/\/www.pm-group.eu\/de\/wp-json\/wp\/v2\/media\/664"}],"wp:attachment":[{"href":"https:\/\/www.pm-group.eu\/de\/wp-json\/wp\/v2\/media?parent=54"}],"curies":[{"name":"wp","href":"https:\/\/api.w.org\/{rel}","templated":true}]}}