{"id":1169,"date":"2021-01-25T17:02:16","date_gmt":"2021-01-25T17:02:16","guid":{"rendered":"https:\/\/www.pm-group.eu\/?page_id=1169"},"modified":"2024-12-04T15:03:45","modified_gmt":"2024-12-04T14:03:45","slug":"ersatzteile-und-zubehoer","status":"publish","type":"page","link":"https:\/\/www.pm-group.eu\/de\/service\/ersatzteile-und-zubehoer\/","title":{"rendered":"Ersatzteile und Zubeh\u00f6r"},"content":{"rendered":"<p>[vc_row bg_type=&#8220;bg_color&#8220; bg_override=&#8220;ex-full&#8220; el_class=&#8220;py-5 mb-5&#8243; bg_color_value=&#8220;#f8f9f9&#8243;][vc_column]<div id=\"ultimate-heading-334069f07cc911e55\" class=\"uvc-heading ult-adjust-bottom-margin ultimate-heading-334069f07cc911e55 uvc-528 mtx-title-h2 pb-4 uvc-heading-default-font-sizes\" data-hspacer=\"no_spacer\"  data-halign=\"center\" style=\"text-align:center\"><div class=\"uvc-heading-spacer no_spacer\" style=\"top\"><\/div><div class=\"uvc-main-heading ult-responsive\"  data-ultimate-target='.uvc-heading.ultimate-heading-334069f07cc911e55 h2'  data-responsive-json-new='{\"font-size\":\"\",\"line-height\":\"\"}' ><h2 style=\"--font-weight:theme;\">Ersatzteile und Zubeh\u00f6r<\/h2><\/div><\/div>[vc_column_text el_class=&#8220;text-center&#8220;]PM Originalersatzteile werden nach den h\u00f6chsten Qualit\u00e4tsstandards hergestellt und sind so konzipiert, dass sie genau zu den Spezifikationen Ihres Krans passen, um einen sicheren Einsatz und eine gleichbleibende Leistung zu gew\u00e4hrleisten. Unsere Ingenieure empfehlen, f\u00fcr die Wartung und Reparatur Ihres Krans nur PM Originalersatzteile zu verwenden, da nur diese die gleiche Leistung wie die Originalteile garantieren. Wenn Sie Teile f\u00fcr ausgelaufene PM Modelle suchen, kann der PM Vertragsh\u00e4ndler Ihnen die Ersatzteile liefern, die Sie ben\u00f6tigen, um das Fahrzeug noch mindestens 10 Jahre nach dem Auslaufen des Modells betriebsbereit zu halten.<\/p>\n<p>PM OIL&amp;STEEL S.P.A. gew\u00e4hrleistet die Lieferung des richtigen Ersatzteils in kurzer Zeit und \u00fcberall auf der Welt. Das ist dank eines perfekten Logistiknetzwerks m\u00f6glich, das aus einem allgemeinen Sortierzentrum, dezentralen Lagern auf allen Kontinenten und nat\u00fcrlich aus lokalen VERTRAGSWERKST\u00c4TTEN\/H\u00c4NDLERN besteht (die Sie immer auf unserer Website in der Rubrik \u201eVERKAUF UND SERVICE\u201c finden), und dank der Verf\u00fcgbarkeit von technologischen Instrumenten, die immer auf dem neuesten Stand sind.<\/p>\n<p>H\u00f6flichkeit, Aufmerksamkeit f\u00fcr die Bed\u00fcrfnisse des Kunden und vor allem die wertvolle Beratung, die das ganze erfahrene und professionelle Personal im Moment der Bestellung bietet, haben PM OIL&amp;STEEL S.P.A. schon immer ausgezeichnet.<\/p>\n<p>In der Tat verfolgt jedes Mitglied des Teams aufmerksam die neuesten Entwicklungen in der Kranbranche und ist in der Lage, Sie \u00fcber alle Ersatzteile zu beraten, die Sie ben\u00f6tigen.[\/vc_column_text][\/vc_column][\/vc_row][vc_row el_class=&#8220;py-5 mb-5&#8243;][vc_column]<div id=\"ultimate-heading-815669f07cc911ea5\" class=\"uvc-heading ult-adjust-bottom-margin ultimate-heading-815669f07cc911ea5 uvc-8860 mtx-title-h2 pb-4 uvc-heading-default-font-sizes\" data-hspacer=\"no_spacer\"  data-halign=\"center\" style=\"text-align:center\"><div class=\"uvc-heading-spacer no_spacer\" style=\"top\"><\/div><div class=\"uvc-main-heading ult-responsive\"  data-ultimate-target='.uvc-heading.ultimate-heading-815669f07cc911ea5 h2'  data-responsive-json-new='{\"font-size\":\"\",\"line-height\":\"\"}' ><h2 style=\"--font-weight:theme;\">Qualit\u00e4t<\/h2><\/div><\/div>[vc_column_text el_class=&#8220;text-center pb-4&#8243;]Die Qualit\u00e4t des Produkts wird durch den Grad der Kontrolle \u00fcber das Lieferantennetzwerk, die Anwendung des Qualit\u00e4tsmanagements, die Verf\u00fcgbarkeit eines engmaschigen und erfahrenen Servicenetzwerks sowie die Effizienz des verwendeten Logistiknetzwerks beeinflusst.[\/vc_column_text]<div id=\"ultimate-heading-17669f07cc911ed3\" class=\"uvc-heading ult-adjust-bottom-margin ultimate-heading-17669f07cc911ed3 uvc-4955 mtx-title-h2 pb-4 uvc-heading-default-font-sizes\" data-hspacer=\"no_spacer\"  data-halign=\"center\" style=\"text-align:center\"><div class=\"uvc-heading-spacer no_spacer\" style=\"top\"><\/div><div class=\"uvc-main-heading ult-responsive\"  data-ultimate-target='.uvc-heading.ultimate-heading-17669f07cc911ed3 h2'  data-responsive-json-new='{\"font-size\":\"\",\"line-height\":\"\"}' ><h2 style=\"--font-weight:theme;\">Kompatibilit\u00e4t<\/h2><\/div><\/div>[vc_column_text el_class=&#8220;text-center pb-4&#8243;]Das Zubeh\u00f6r, das speziell f\u00fcr ein bestimmtes PM Kranmodell hergestellt wurde, passt perfekt und ist leistungsf\u00e4hig. Die Teile wurden zu 100 % unter den m\u00f6glichen verschiedenen Betriebsbedingungen getestet und gestatten es, die Eingriffs- und Installationszeit zu minimieren.[\/vc_column_text]<div id=\"ultimate-heading-47769f07cc911efe\" class=\"uvc-heading ult-adjust-bottom-margin ultimate-heading-47769f07cc911efe uvc-712 mtx-title-h2 pb-4 uvc-heading-default-font-sizes\" data-hspacer=\"no_spacer\"  data-halign=\"center\" style=\"text-align:center\"><div class=\"uvc-heading-spacer no_spacer\" style=\"top\"><\/div><div class=\"uvc-main-heading ult-responsive\"  data-ultimate-target='.uvc-heading.ultimate-heading-47769f07cc911efe h2'  data-responsive-json-new='{\"font-size\":\"\",\"line-height\":\"\"}' ><h2 style=\"--font-weight:theme;\">Technischer Support<\/h2><\/div><\/div>[vc_column_text el_class=&#8220;text-center&#8220;]Das Fachpersonal von PM Service steht Ihnen bei der Ermittlung der technischen und leistungsm\u00e4\u00dfigen Anforderungen an das Zubeh\u00f6r f\u00fcr Ihren Kran stets zur Seite.[\/vc_column_text][\/vc_column][\/vc_row]<\/p>\n","protected":false},"excerpt":{"rendered":"<p>[vc_row bg_type=&#8220;bg_color&#8220; bg_override=&#8220;ex-full&#8220; el_class=&#8220;py-5 mb-5&#8243; bg_color_value=&#8220;#f8f9f9&#8243;][vc_column][vc_column_text el_class=&#8220;text-center&#8220;]PM Originalersatzteile werden nach den h\u00f6chsten Qualit\u00e4tsstandards hergestellt und sind so konzipiert, dass sie genau zu den Spezifikationen Ihres Krans passen, um einen sicheren Einsatz und eine gleichbleibende Leistung zu gew\u00e4hrleisten. Unsere Ingenieure empfehlen, f\u00fcr die Wartung und Reparatur Ihres Krans nur PM Originalersatzteile zu verwenden, da nur diese&hellip;<\/p>\n","protected":false},"author":1,"featured_media":1367,"parent":740,"menu_order":0,"comment_status":"closed","ping_status":"closed","template":"","meta":[],"acf":[],"_links":{"self":[{"href":"https:\/\/www.pm-group.eu\/de\/wp-json\/wp\/v2\/pages\/1169"}],"collection":[{"href":"https:\/\/www.pm-group.eu\/de\/wp-json\/wp\/v2\/pages"}],"about":[{"href":"https:\/\/www.pm-group.eu\/de\/wp-json\/wp\/v2\/types\/page"}],"author":[{"embeddable":true,"href":"https:\/\/www.pm-group.eu\/de\/wp-json\/wp\/v2\/users\/1"}],"replies":[{"embeddable":true,"href":"https:\/\/www.pm-group.eu\/de\/wp-json\/wp\/v2\/comments?post=1169"}],"version-history":[{"count":5,"href":"https:\/\/www.pm-group.eu\/de\/wp-json\/wp\/v2\/pages\/1169\/revisions"}],"predecessor-version":[{"id":3559,"href":"https:\/\/www.pm-group.eu\/de\/wp-json\/wp\/v2\/pages\/1169\/revisions\/3559"}],"up":[{"embeddable":true,"href":"https:\/\/www.pm-group.eu\/de\/wp-json\/wp\/v2\/pages\/740"}],"wp:featuredmedia":[{"embeddable":true,"href":"https:\/\/www.pm-group.eu\/de\/wp-json\/wp\/v2\/media\/1367"}],"wp:attachment":[{"href":"https:\/\/www.pm-group.eu\/de\/wp-json\/wp\/v2\/media?parent=1169"}],"curies":[{"name":"wp","href":"https:\/\/api.w.org\/{rel}","templated":true}]}}